{"id":12230,"date":"2023-07-19T00:54:45","date_gmt":"2023-07-19T00:54:45","guid":{"rendered":"https:\/\/coopempresa.com\/website\/?page_id=12230"},"modified":"2023-07-19T03:15:08","modified_gmt":"2023-07-19T03:15:08","slug":"centro-de-atencion-a-socios","status":"publish","type":"page","link":"https:\/\/coopempresa.com\/website\/centro-de-atencion-a-socios\/","title":{"rendered":"Centro de Atencion a socios"},"content":{"rendered":"\t\t<div data-elementor-type=\"wp-page\" data-elementor-id=\"12230\" class=\"elementor elementor-12230\">\n\t\t\t\t\t\t\t\t\t<section class=\"elementor-section elementor-top-section elementor-element elementor-element-6d774424 elementor-section-boxed elementor-section-height-default elementor-section-height-default\" data-id=\"6d774424\" data-element_type=\"section\">\n\t\t\t\t\t\t<div class=\"elementor-container elementor-column-gap-default\">\n\t\t\t\t\t<div class=\"elementor-column elementor-col-100 elementor-top-column elementor-element elementor-element-cc3e047\" data-id=\"cc3e047\" data-element_type=\"column\">\n\t\t\t<div class=\"elementor-widget-wrap\">\n\t\t\t\t\t\t\t\t\t<\/div>\n\t\t<\/div>\n\t\t\t\t\t\t\t<\/div>\n\t\t<\/section>\n\t\t\t\t<section class=\"elementor-section elementor-top-section elementor-element elementor-element-3f934231 elementor-section-boxed elementor-section-height-default elementor-section-height-default\" data-id=\"3f934231\" data-element_type=\"section\">\n\t\t\t\t\t\t<div class=\"elementor-container elementor-column-gap-default\">\n\t\t\t\t\t<div class=\"elementor-column elementor-col-100 elementor-top-column elementor-element elementor-element-67cbbb95\" data-id=\"67cbbb95\" data-element_type=\"column\">\n\t\t\t<div class=\"elementor-widget-wrap elementor-element-populated\">\n\t\t\t\t\t\t\t\t<div class=\"elementor-element elementor-element-75e038ff elementor-widget elementor-widget-heading\" data-id=\"75e038ff\" data-element_type=\"widget\" data-widget_type=\"heading.default\">\n\t\t\t\t<div class=\"elementor-widget-container\">\n\t\t\t<style>\/*! elementor - v3.16.0 - 20-09-2023 *\/\n.elementor-heading-title{padding:0;margin:0;line-height:1}.elementor-widget-heading .elementor-heading-title[class*=elementor-size-]>a{color:inherit;font-size:inherit;line-height:inherit}.elementor-widget-heading .elementor-heading-title.elementor-size-small{font-size:15px}.elementor-widget-heading .elementor-heading-title.elementor-size-medium{font-size:19px}.elementor-widget-heading .elementor-heading-title.elementor-size-large{font-size:29px}.elementor-widget-heading .elementor-heading-title.elementor-size-xl{font-size:39px}.elementor-widget-heading .elementor-heading-title.elementor-size-xxl{font-size:59px}<\/style><h2 class=\"elementor-heading-title elementor-size-default\">Centro de Atencion a Socios\/as<\/h2>\t\t<\/div>\n\t\t\t\t<\/div>\n\t\t\t\t\t<\/div>\n\t\t<\/div>\n\t\t\t\t\t\t\t<\/div>\n\t\t<\/section>\n\t\t\t\t<section class=\"elementor-section elementor-top-section elementor-element elementor-element-c7ea03d elementor-section-boxed elementor-section-height-default elementor-section-height-default\" data-id=\"c7ea03d\" data-element_type=\"section\">\n\t\t\t\t\t\t<div class=\"elementor-container elementor-column-gap-default\">\n\t\t\t\t\t<div class=\"elementor-column elementor-col-100 elementor-top-column elementor-element elementor-element-57b6349\" data-id=\"57b6349\" data-element_type=\"column\">\n\t\t\t<div class=\"elementor-widget-wrap elementor-element-populated\">\n\t\t\t\t\t\t\t\t<div class=\"elementor-element elementor-element-201ab03 elementor-widget elementor-widget-text-editor\" data-id=\"201ab03\" data-element_type=\"widget\" data-widget_type=\"text-editor.default\">\n\t\t\t\t<div class=\"elementor-widget-container\">\n\t\t\t<style>\/*! elementor - v3.16.0 - 20-09-2023 *\/\n.elementor-widget-text-editor.elementor-drop-cap-view-stacked .elementor-drop-cap{background-color:#69727d;color:#fff}.elementor-widget-text-editor.elementor-drop-cap-view-framed .elementor-drop-cap{color:#69727d;border:3px solid;background-color:transparent}.elementor-widget-text-editor:not(.elementor-drop-cap-view-default) .elementor-drop-cap{margin-top:8px}.elementor-widget-text-editor:not(.elementor-drop-cap-view-default) .elementor-drop-cap-letter{width:1em;height:1em}.elementor-widget-text-editor .elementor-drop-cap{float:left;text-align:center;line-height:1;font-size:50px}.elementor-widget-text-editor .elementor-drop-cap-letter{display:inline-block}<\/style>\t\t\t\t<p class=\"MsoNormal\"><b><span lang=\"ES-DO\" style=\"font-size: 18.0pt; mso-bidi-font-size: 11.0pt; line-height: 115%; font-family: 'Arial','sans-serif'; mso-ansi-language: ES-DO;\">Centro de Asistencia a Socios\/as<\/span><\/b><\/p><p class=\"MsoNormal\"><span style=\"font-family: Arial, 'sans-serif'; text-align: justify; background-color: transparent; color: var(--global-palette4); letter-spacing: 0.4px;\">Gracias porvisitar nuestro Centro de Asistencia en l\u00ednea. Por favor acceder para recibir ayuda en l\u00ednea a trav\u00e9s de nuestros servicios online.<\/span><\/p>\t\t\t\t\t\t<\/div>\n\t\t\t\t<\/div>\n\t\t\t\t\t<\/div>\n\t\t<\/div>\n\t\t\t\t\t\t\t<\/div>\n\t\t<\/section>\n\t\t\t\t<section class=\"elementor-section elementor-top-section elementor-element elementor-element-e9df3df elementor-section-boxed elementor-section-height-default elementor-section-height-default\" data-id=\"e9df3df\" data-element_type=\"section\">\n\t\t\t\t\t\t<div class=\"elementor-container elementor-column-gap-default\">\n\t\t\t\t\t<div class=\"elementor-column elementor-col-100 elementor-top-column elementor-element elementor-element-e54ba7f\" data-id=\"e54ba7f\" data-element_type=\"column\">\n\t\t\t<div class=\"elementor-widget-wrap elementor-element-populated\">\n\t\t\t\t\t\t\t\t<div class=\"elementor-section elementor-inner-section elementor-element elementor-element-7bef2b4 elementor-section-boxed elementor-section-height-default elementor-section-height-default\" data-id=\"7bef2b4\" data-element_type=\"section\">\n\t\t\t\t\t\t<div class=\"elementor-container elementor-column-gap-default\">\n\t\t\t\t\t<div class=\"elementor-column elementor-col-33 elementor-inner-column elementor-element elementor-element-4207deb\" data-id=\"4207deb\" data-element_type=\"column\">\n\t\t\t<div class=\"elementor-widget-wrap elementor-element-populated\">\n\t\t\t\t\t\t\t\t<div class=\"elementor-element elementor-element-39ed1a0 elementor-position-top elementor-widget elementor-widget-image-box\" data-id=\"39ed1a0\" data-element_type=\"widget\" data-widget_type=\"image-box.default\">\n\t\t\t\t<div class=\"elementor-widget-container\">\n\t\t\t<style>\/*! elementor - v3.16.0 - 20-09-2023 *\/\n.elementor-widget-image-box .elementor-image-box-content{width:100%}@media (min-width:768px){.elementor-widget-image-box.elementor-position-left .elementor-image-box-wrapper,.elementor-widget-image-box.elementor-position-right .elementor-image-box-wrapper{display:flex}.elementor-widget-image-box.elementor-position-right .elementor-image-box-wrapper{text-align:right;flex-direction:row-reverse}.elementor-widget-image-box.elementor-position-left .elementor-image-box-wrapper{text-align:left;flex-direction:row}.elementor-widget-image-box.elementor-position-top .elementor-image-box-img{margin:auto}.elementor-widget-image-box.elementor-vertical-align-top .elementor-image-box-wrapper{align-items:flex-start}.elementor-widget-image-box.elementor-vertical-align-middle .elementor-image-box-wrapper{align-items:center}.elementor-widget-image-box.elementor-vertical-align-bottom .elementor-image-box-wrapper{align-items:flex-end}}@media (max-width:767px){.elementor-widget-image-box .elementor-image-box-img{margin-left:auto!important;margin-right:auto!important;margin-bottom:15px}}.elementor-widget-image-box .elementor-image-box-img{display:inline-block}.elementor-widget-image-box .elementor-image-box-title a{color:inherit}.elementor-widget-image-box .elementor-image-box-wrapper{text-align:center}.elementor-widget-image-box .elementor-image-box-description{margin:0}<\/style><div class=\"elementor-image-box-wrapper\"><figure class=\"elementor-image-box-img\"><a href=\"https:\/\/coopempresa.com\/website\/registrarme-como-socio\/\" tabindex=\"-1\"><img loading=\"lazy\" decoding=\"async\" width=\"680\" height=\"410\" src=\"https:\/\/coopempresa.com\/website\/wp-content\/uploads\/2023\/07\/registro.png\" class=\"attachment-full size-full wp-image-12242\" alt=\"\" srcset=\"https:\/\/coopempresa.com\/website\/wp-content\/uploads\/2023\/07\/registro.png 680w, https:\/\/coopempresa.com\/website\/wp-content\/uploads\/2023\/07\/registro-300x181.png 300w, https:\/\/coopempresa.com\/website\/wp-content\/uploads\/2023\/07\/registro-600x362.png 600w\" sizes=\"(max-width: 680px) 100vw, 680px\" \/><\/a><\/figure><div class=\"elementor-image-box-content\"><h5 class=\"elementor-image-box-title\"><a href=\"https:\/\/coopempresa.com\/website\/registrarme-como-socio\/\">Inscribirme como Socio<\/a><\/h5><p class=\"elementor-image-box-description\">Reg\u00edstrate como empleado, independiente u empresa. Completa el formulario para recibir ayuda online.\n<div class=\"elementor-button-wrapper\">\n<a href=\"https:\/\/coopempresa.com\/website\/registrarme-como-socio\/\" class=\"elementor-button-link elementor-button elementor-size-sm\" role=\"button\">\n<span class=\"elementor-button-content-wrapper\">\n<span class=\"elementor-button-text\">Mas Info<\/span><\/span><\/a>\n<\/div><\/p><\/div><\/div>\t\t<\/div>\n\t\t\t\t<\/div>\n\t\t\t\t\t<\/div>\n\t\t<\/div>\n\t\t\t\t<div class=\"elementor-column elementor-col-33 elementor-inner-column elementor-element elementor-element-cbd6e8a\" data-id=\"cbd6e8a\" data-element_type=\"column\">\n\t\t\t<div class=\"elementor-widget-wrap elementor-element-populated\">\n\t\t\t\t\t\t\t\t<div class=\"elementor-element elementor-element-c7128f6 elementor-position-top elementor-widget elementor-widget-image-box\" data-id=\"c7128f6\" data-element_type=\"widget\" data-widget_type=\"image-box.default\">\n\t\t\t\t<div class=\"elementor-widget-container\">\n\t\t\t<div class=\"elementor-image-box-wrapper\"><figure class=\"elementor-image-box-img\"><a href=\"https:\/\/coopempresa.com\/website\/chat-en-vivo\/\" tabindex=\"-1\"><img loading=\"lazy\" decoding=\"async\" width=\"1024\" height=\"583\" src=\"https:\/\/coopempresa.com\/website\/wp-content\/uploads\/2023\/07\/reclamaciones.webp\" class=\"attachment-full size-full wp-image-12244\" alt=\"\" srcset=\"https:\/\/coopempresa.com\/website\/wp-content\/uploads\/2023\/07\/reclamaciones.webp 1024w, https:\/\/coopempresa.com\/website\/wp-content\/uploads\/2023\/07\/reclamaciones-300x171.webp 300w, https:\/\/coopempresa.com\/website\/wp-content\/uploads\/2023\/07\/reclamaciones-768x437.webp 768w, https:\/\/coopempresa.com\/website\/wp-content\/uploads\/2023\/07\/reclamaciones-600x342.webp 600w\" sizes=\"(max-width: 1024px) 100vw, 1024px\" \/><\/a><\/figure><div class=\"elementor-image-box-content\"><h5 class=\"elementor-image-box-title\"><a href=\"https:\/\/coopempresa.com\/website\/chat-en-vivo\/\">Asistencia Online \/ Chat en Vivo<\/a><\/h5><p class=\"elementor-image-box-description\">Visita nuestro Chat de Asistencia Online, uno de nuestros agentes te ayudar\u00e1 en l\u00ednea.\n<div class=\"elementor-button-wrapper\">\n<a href=\"https:\/\/coopempresa.com\/website\/chat-en-vivo\/\" class=\"elementor-button-link elementor-button elementor-size-sm\" role=\"button\">\n<span class=\"elementor-button-content-wrapper\">\n<span class=\"elementor-button-text\">MAS INFO<\/span><\/span><\/a>\n<\/div><\/p><\/div><\/div>\t\t<\/div>\n\t\t\t\t<\/div>\n\t\t\t\t\t<\/div>\n\t\t<\/div>\n\t\t\t\t<div class=\"elementor-column elementor-col-33 elementor-inner-column elementor-element elementor-element-3061fe7\" data-id=\"3061fe7\" data-element_type=\"column\">\n\t\t\t<div class=\"elementor-widget-wrap elementor-element-populated\">\n\t\t\t\t\t\t\t\t<div class=\"elementor-element elementor-element-9d1e22d elementor-position-top elementor-widget elementor-widget-image-box\" data-id=\"9d1e22d\" data-element_type=\"widget\" data-widget_type=\"image-box.default\">\n\t\t\t\t<div class=\"elementor-widget-container\">\n\t\t\t<div class=\"elementor-image-box-wrapper\"><figure class=\"elementor-image-box-img\"><a href=\"https:\/\/coopempresa.com\/website\/reclamaciones\/\" tabindex=\"-1\"><img loading=\"lazy\" decoding=\"async\" width=\"700\" height=\"423\" src=\"https:\/\/coopempresa.com\/website\/wp-content\/uploads\/2023\/07\/Reclamaciones.png\" class=\"attachment-full size-full wp-image-12247\" alt=\"\" srcset=\"https:\/\/coopempresa.com\/website\/wp-content\/uploads\/2023\/07\/Reclamaciones.png 700w, https:\/\/coopempresa.com\/website\/wp-content\/uploads\/2023\/07\/Reclamaciones-300x181.png 300w, https:\/\/coopempresa.com\/website\/wp-content\/uploads\/2023\/07\/Reclamaciones-600x363.png 600w\" sizes=\"(max-width: 700px) 100vw, 700px\" \/><\/a><\/figure><div class=\"elementor-image-box-content\"><h5 class=\"elementor-image-box-title\"><a href=\"https:\/\/coopempresa.com\/website\/reclamaciones\/\">Reclamaciones<\/a><\/h5><p class=\"elementor-image-box-description\">Realiza una reclamaci\u00f3n por transacciones, informaciones, procesos internos, solicitudes, etc.\n<div class=\"elementor-button-wrapper\">\n<a href=\"https:\/\/coopempresa.com\/website\/reclamaciones\/\" class=\"elementor-button-link elementor-button elementor-size-sm\" role=\"button\">\n<span class=\"elementor-button-content-wrapper\">\n<span class=\"elementor-button-text\">MAS INFO<\/span><\/span><\/a>\n<\/div><\/p><\/div><\/div>\t\t<\/div>\n\t\t\t\t<\/div>\n\t\t\t\t\t<\/div>\n\t\t<\/div>\n\t\t\t\t\t\t\t<\/div>\n\t\t<\/div>\n\t\t\t\t\t<\/div>\n\t\t<\/div>\n\t\t\t\t\t\t\t<\/div>\n\t\t<\/section>\n\t\t\t\t<section class=\"elementor-section elementor-top-section elementor-element elementor-element-51c11677 elementor-section-boxed elementor-section-height-default elementor-section-height-default\" data-id=\"51c11677\" data-element_type=\"section\">\n\t\t\t\t\t\t<div class=\"elementor-container elementor-column-gap-default\">\n\t\t\t\t\t<div class=\"elementor-column elementor-col-100 elementor-top-column elementor-element elementor-element-59725302\" data-id=\"59725302\" data-element_type=\"column\">\n\t\t\t<div class=\"elementor-widget-wrap elementor-element-populated\">\n\t\t\t\t\t\t\t\t<div class=\"elementor-element elementor-element-c2221bb elementor-widget elementor-widget-text-editor\" data-id=\"c2221bb\" data-element_type=\"widget\" data-widget_type=\"text-editor.default\">\n\t\t\t\t<div class=\"elementor-widget-container\">\n\t\t\t\t\t\t\t\t\t\t\t\t\t<\/div>\n\t\t\t\t<\/div>\n\t\t\t\t\t<\/div>\n\t\t<\/div>\n\t\t\t\t\t\t\t<\/div>\n\t\t<\/section>\n\t\t\t\t<section class=\"elementor-section elementor-top-section elementor-element elementor-element-d31b662 elementor-section-boxed elementor-section-height-default elementor-section-height-default\" data-id=\"d31b662\" data-element_type=\"section\">\n\t\t\t\t\t\t<div class=\"elementor-container elementor-column-gap-default\">\n\t\t\t\t\t<div class=\"elementor-column elementor-col-100 elementor-top-column elementor-element elementor-element-bd35ec7\" data-id=\"bd35ec7\" data-element_type=\"column\">\n\t\t\t<div class=\"elementor-widget-wrap elementor-element-populated\">\n\t\t\t\t\t\t\t\t<div class=\"elementor-element elementor-element-c052cd5 elementor-widget elementor-widget-text-editor\" data-id=\"c052cd5\" data-element_type=\"widget\" data-widget_type=\"text-editor.default\">\n\t\t\t\t<div class=\"elementor-widget-container\">\n\t\t\t\t\t\t\t\t\t\t\t\t\t<\/div>\n\t\t\t\t<\/div>\n\t\t\t\t\t<\/div>\n\t\t<\/div>\n\t\t\t\t\t\t\t<\/div>\n\t\t<\/section>\n\t\t\t\t<section class=\"elementor-section elementor-top-section elementor-element elementor-element-2255da2c elementor-section-boxed elementor-section-height-default elementor-section-height-default\" data-id=\"2255da2c\" data-element_type=\"section\">\n\t\t\t\t\t\t<div class=\"elementor-container elementor-column-gap-default\">\n\t\t\t\t\t<div class=\"elementor-column elementor-col-50 elementor-top-column elementor-element elementor-element-3bf713fe\" data-id=\"3bf713fe\" data-element_type=\"column\">\n\t\t\t<div class=\"elementor-widget-wrap\">\n\t\t\t\t\t\t\t\t\t<\/div>\n\t\t<\/div>\n\t\t\t\t<div class=\"elementor-column elementor-col-50 elementor-top-column elementor-element elementor-element-267f7d27\" data-id=\"267f7d27\" data-element_type=\"column\">\n\t\t\t<div class=\"elementor-widget-wrap\">\n\t\t\t\t\t\t\t\t\t<\/div>\n\t\t<\/div>\n\t\t\t\t\t\t\t<\/div>\n\t\t<\/section>\n\t\t\t\t<section class=\"elementor-section elementor-top-section elementor-element elementor-element-3192bc6 elementor-section-boxed elementor-section-height-default elementor-section-height-default\" data-id=\"3192bc6\" data-element_type=\"section\">\n\t\t\t\t\t\t<div class=\"elementor-container elementor-column-gap-default\">\n\t\t\t\t\t<div class=\"elementor-column elementor-col-100 elementor-top-column elementor-element elementor-element-3ed743c\" data-id=\"3ed743c\" data-element_type=\"column\">\n\t\t\t<div class=\"elementor-widget-wrap\">\n\t\t\t\t\t\t\t\t\t<\/div>\n\t\t<\/div>\n\t\t\t\t\t\t\t<\/div>\n\t\t<\/section>\n\t\t\t\t\t\t\t<\/div>\n\t\t","protected":false},"excerpt":{"rendered":"<p>Centro de Atencion a Socios\/as Centro de Asistencia a Socios\/as Gracias porvisitar nuestro Centro de Asistencia en l\u00ednea. Por favor acceder para recibir ayuda en l\u00ednea a trav\u00e9s de nuestros servicios online. Inscribirme como Socio Reg\u00edstrate como empleado, independiente u empresa. Completa el formulario para recibir ayuda online. Mas Info Asistencia Online \/ Chat en&#8230;<\/p>\n","protected":false},"author":1,"featured_media":0,"parent":0,"menu_order":0,"comment_status":"closed","ping_status":"closed","template":"","meta":{"_tbt_post_transparent":"","_tbt_post_title":"hide","_tbt_post_layout":"fullwidth","_tbt_post_sidebar_id":"","_tbt_post_content_style":"unboxed","_tbt_post_vertical_padding":"hide","_tbt_post_feature":"hide","_tbt_post_feature_position":"","_tbt_post_header":false,"_tbt_post_footer":false,"footnotes":""},"_links":{"self":[{"href":"https:\/\/coopempresa.com\/website\/wp-json\/wp\/v2\/pages\/12230"}],"collection":[{"href":"https:\/\/coopempresa.com\/website\/wp-json\/wp\/v2\/pages"}],"about":[{"href":"https:\/\/coopempresa.com\/website\/wp-json\/wp\/v2\/types\/page"}],"author":[{"embeddable":true,"href":"https:\/\/coopempresa.com\/website\/wp-json\/wp\/v2\/users\/1"}],"replies":[{"embeddable":true,"href":"https:\/\/coopempresa.com\/website\/wp-json\/wp\/v2\/comments?post=12230"}],"version-history":[{"count":28,"href":"https:\/\/coopempresa.com\/website\/wp-json\/wp\/v2\/pages\/12230\/revisions"}],"predecessor-version":[{"id":12334,"href":"https:\/\/coopempresa.com\/website\/wp-json\/wp\/v2\/pages\/12230\/revisions\/12334"}],"wp:attachment":[{"href":"https:\/\/coopempresa.com\/website\/wp-json\/wp\/v2\/media?parent=12230"}],"curies":[{"name":"wp","href":"https:\/\/api.w.org\/{rel}","templated":true}]}}