{"id":12215,"date":"2023-07-19T00:42:21","date_gmt":"2023-07-19T00:42:21","guid":{"rendered":"https:\/\/coopempresa.com\/website\/?page_id=12215"},"modified":"2023-07-19T00:44:29","modified_gmt":"2023-07-19T00:44:29","slug":"prestamo-emprende","status":"publish","type":"page","link":"https:\/\/coopempresa.com\/website\/prestamo-emprende\/","title":{"rendered":"Prestamo Emprende"},"content":{"rendered":"\t\t<div data-elementor-type=\"wp-page\" data-elementor-id=\"12215\" class=\"elementor elementor-12215\">\n\t\t\t\t\t\t\t\t\t<section class=\"elementor-section elementor-top-section elementor-element elementor-element-25a20465 elementor-section-boxed elementor-section-height-default elementor-section-height-default\" data-id=\"25a20465\" data-element_type=\"section\">\n\t\t\t\t\t\t<div class=\"elementor-container elementor-column-gap-default\">\n\t\t\t\t\t<div class=\"elementor-column elementor-col-100 elementor-top-column elementor-element elementor-element-256db89a\" data-id=\"256db89a\" data-element_type=\"column\">\n\t\t\t<div class=\"elementor-widget-wrap\">\n\t\t\t\t\t\t\t\t\t<\/div>\n\t\t<\/div>\n\t\t\t\t\t\t\t<\/div>\n\t\t<\/section>\n\t\t\t\t<section class=\"elementor-section elementor-top-section elementor-element elementor-element-2ff3aace elementor-section-boxed elementor-section-height-default elementor-section-height-default\" data-id=\"2ff3aace\" data-element_type=\"section\">\n\t\t\t\t\t\t<div class=\"elementor-container elementor-column-gap-default\">\n\t\t\t\t\t<div class=\"elementor-column elementor-col-100 elementor-top-column elementor-element elementor-element-468dc9c4\" data-id=\"468dc9c4\" data-element_type=\"column\">\n\t\t\t<div class=\"elementor-widget-wrap elementor-element-populated\">\n\t\t\t\t\t\t\t\t<div class=\"elementor-element elementor-element-7e9c5b8c elementor-widget elementor-widget-heading\" data-id=\"7e9c5b8c\" data-element_type=\"widget\" data-widget_type=\"heading.default\">\n\t\t\t\t<div class=\"elementor-widget-container\">\n\t\t\t<style>\/*! elementor - v3.16.0 - 20-09-2023 *\/\n.elementor-heading-title{padding:0;margin:0;line-height:1}.elementor-widget-heading .elementor-heading-title[class*=elementor-size-]>a{color:inherit;font-size:inherit;line-height:inherit}.elementor-widget-heading .elementor-heading-title.elementor-size-small{font-size:15px}.elementor-widget-heading .elementor-heading-title.elementor-size-medium{font-size:19px}.elementor-widget-heading .elementor-heading-title.elementor-size-large{font-size:29px}.elementor-widget-heading .elementor-heading-title.elementor-size-xl{font-size:39px}.elementor-widget-heading .elementor-heading-title.elementor-size-xxl{font-size:59px}<\/style><h2 class=\"elementor-heading-title elementor-size-default\">Pr\u00e9stamo Emprende<\/h2>\t\t<\/div>\n\t\t\t\t<\/div>\n\t\t\t\t\t<\/div>\n\t\t<\/div>\n\t\t\t\t\t\t\t<\/div>\n\t\t<\/section>\n\t\t\t\t<section class=\"elementor-section elementor-top-section elementor-element elementor-element-43429252 elementor-section-boxed elementor-section-height-default elementor-section-height-default\" data-id=\"43429252\" data-element_type=\"section\">\n\t\t\t\t\t\t<div class=\"elementor-container elementor-column-gap-default\">\n\t\t\t\t\t<div class=\"elementor-column elementor-col-50 elementor-top-column elementor-element elementor-element-235a6c0a\" data-id=\"235a6c0a\" data-element_type=\"column\">\n\t\t\t<div class=\"elementor-widget-wrap elementor-element-populated\">\n\t\t\t\t\t\t\t\t<div class=\"elementor-element elementor-element-5730e340 elementor-widget elementor-widget-text-editor\" data-id=\"5730e340\" data-element_type=\"widget\" data-widget_type=\"text-editor.default\">\n\t\t\t\t<div class=\"elementor-widget-container\">\n\t\t\t<style>\/*! elementor - v3.16.0 - 20-09-2023 *\/\n.elementor-widget-text-editor.elementor-drop-cap-view-stacked .elementor-drop-cap{background-color:#69727d;color:#fff}.elementor-widget-text-editor.elementor-drop-cap-view-framed .elementor-drop-cap{color:#69727d;border:3px solid;background-color:transparent}.elementor-widget-text-editor:not(.elementor-drop-cap-view-default) .elementor-drop-cap{margin-top:8px}.elementor-widget-text-editor:not(.elementor-drop-cap-view-default) .elementor-drop-cap-letter{width:1em;height:1em}.elementor-widget-text-editor .elementor-drop-cap{float:left;text-align:center;line-height:1;font-size:50px}.elementor-widget-text-editor .elementor-drop-cap-letter{display:inline-block}<\/style>\t\t\t\t<p style=\"text-align: justify;\"><b><span style=\"font-size: 14.0pt; mso-bidi-font-size: 11.0pt; line-height: 115%; mso-ansi-language: ES;\">PR\u00c9STAMO EMPRENDE<\/span><\/b><\/p>\n<p style=\"text-align: justify;\">Este cr\u00e9dito va dirigido a las nuevas empresas que desean iniciar operaciones comerciales, y no poseen cr\u00e9dito. Este tipo de cr\u00e9dito es analizado por un analista financiero y un Gerente de Emprendimiento para asesorar y guiar al socio\/a en el nuevo emprendimiento. Pueden ser compra de equipos, renta de local comercial, publicidad, operaciones comerciales, compra de mercanc\u00eda, importaci\u00f3n de art\u00edculos, pago de n\u00f3minas, etc.<\/p>\n<p style=\"text-align: justify;\"><b>Monto: RD$50,000.00 Hasta RD$5,000,000.00 <\/b><\/p>\n<p style=\"text-align: justify;\"><b>Per\u00edodo M\u00e1ximo:<\/b> 60 Meses<\/p>\n<p style=\"text-align: justify;\"><b>Tasas:<\/b> Desde 15% Anual.<\/p>\n<p style=\"text-align: justify;\">\n<\/p><p style=\"text-align: justify;\"><b>Gastos de Cierre u pago anticipado:<\/b> Ninguno. No hay gastos por apertura ni gastos de cierre. El monto de la cuota le ser\u00e1 debitado de su cuenta de n\u00f3mina u independiente.<\/p><p style=\"text-align: justify;\"><br><\/p>\n<p style=\"text-align: justify;\">\n<\/p><p style=\"text-align: justify;\">\n<\/p>\t\t\t\t\t\t<\/div>\n\t\t\t\t<\/div>\n\t\t\t\t\t<\/div>\n\t\t<\/div>\n\t\t\t\t<div class=\"elementor-column elementor-col-50 elementor-top-column elementor-element elementor-element-1dd7bbed\" data-id=\"1dd7bbed\" data-element_type=\"column\">\n\t\t\t<div class=\"elementor-widget-wrap elementor-element-populated\">\n\t\t\t\t\t\t\t\t<div class=\"elementor-element elementor-element-19b1d0ec elementor-widget elementor-widget-image\" data-id=\"19b1d0ec\" data-element_type=\"widget\" data-widget_type=\"image.default\">\n\t\t\t\t<div class=\"elementor-widget-container\">\n\t\t\t<style>\/*! elementor - v3.16.0 - 20-09-2023 *\/\n.elementor-widget-image{text-align:center}.elementor-widget-image a{display:inline-block}.elementor-widget-image a img[src$=\".svg\"]{width:48px}.elementor-widget-image img{vertical-align:middle;display:inline-block}<\/style>\t\t\t\t\t\t\t\t\t\t\t\t<img loading=\"lazy\" decoding=\"async\" width=\"1200\" height=\"799\" src=\"https:\/\/coopempresa.com\/website\/wp-content\/uploads\/2023\/07\/credito2.webp\" class=\"attachment-full size-full wp-image-12154\" alt=\"\" srcset=\"https:\/\/coopempresa.com\/website\/wp-content\/uploads\/2023\/07\/credito2.webp 1200w, https:\/\/coopempresa.com\/website\/wp-content\/uploads\/2023\/07\/credito2-300x200.webp 300w, https:\/\/coopempresa.com\/website\/wp-content\/uploads\/2023\/07\/credito2-1024x682.webp 1024w, https:\/\/coopempresa.com\/website\/wp-content\/uploads\/2023\/07\/credito2-768x511.webp 768w, https:\/\/coopempresa.com\/website\/wp-content\/uploads\/2023\/07\/credito2-600x400.webp 600w\" sizes=\"(max-width: 1200px) 100vw, 1200px\" \/>\t\t\t\t\t\t\t\t\t\t\t\t\t\t\t<\/div>\n\t\t\t\t<\/div>\n\t\t\t\t\t<\/div>\n\t\t<\/div>\n\t\t\t\t\t\t\t<\/div>\n\t\t<\/section>\n\t\t\t\t<section class=\"elementor-section elementor-top-section elementor-element elementor-element-6d8d13ae elementor-section-boxed elementor-section-height-default elementor-section-height-default\" data-id=\"6d8d13ae\" data-element_type=\"section\">\n\t\t\t\t\t\t<div class=\"elementor-container elementor-column-gap-default\">\n\t\t\t\t\t<div class=\"elementor-column elementor-col-100 elementor-top-column elementor-element elementor-element-f527e64\" data-id=\"f527e64\" data-element_type=\"column\">\n\t\t\t<div class=\"elementor-widget-wrap\">\n\t\t\t\t\t\t\t\t\t<\/div>\n\t\t<\/div>\n\t\t\t\t\t\t\t<\/div>\n\t\t<\/section>\n\t\t\t\t<section class=\"elementor-section elementor-top-section elementor-element elementor-element-64122bb6 elementor-section-boxed elementor-section-height-default elementor-section-height-default\" data-id=\"64122bb6\" data-element_type=\"section\">\n\t\t\t\t\t\t<div class=\"elementor-container elementor-column-gap-default\">\n\t\t\t\t\t<div class=\"elementor-column elementor-col-50 elementor-top-column elementor-element elementor-element-15325a2a\" data-id=\"15325a2a\" data-element_type=\"column\">\n\t\t\t<div class=\"elementor-widget-wrap\">\n\t\t\t\t\t\t\t\t\t<\/div>\n\t\t<\/div>\n\t\t\t\t<div class=\"elementor-column elementor-col-50 elementor-top-column elementor-element elementor-element-2d2deaf2\" data-id=\"2d2deaf2\" data-element_type=\"column\">\n\t\t\t<div class=\"elementor-widget-wrap\">\n\t\t\t\t\t\t\t\t\t<\/div>\n\t\t<\/div>\n\t\t\t\t\t\t\t<\/div>\n\t\t<\/section>\n\t\t\t\t\t\t\t<\/div>\n\t\t","protected":false},"excerpt":{"rendered":"<p>Pr\u00e9stamo Emprende PR\u00c9STAMO EMPRENDE Este cr\u00e9dito va dirigido a las nuevas empresas que desean iniciar operaciones comerciales, y no poseen cr\u00e9dito. Este tipo de cr\u00e9dito es analizado por un analista financiero y un Gerente de Emprendimiento para asesorar y guiar al socio\/a en el nuevo emprendimiento. Pueden ser compra de equipos, renta de local comercial,&#8230;<\/p>\n","protected":false},"author":1,"featured_media":0,"parent":0,"menu_order":0,"comment_status":"closed","ping_status":"closed","template":"","meta":{"_tbt_post_transparent":"","_tbt_post_title":"hide","_tbt_post_layout":"fullwidth","_tbt_post_sidebar_id":"","_tbt_post_content_style":"unboxed","_tbt_post_vertical_padding":"hide","_tbt_post_feature":"hide","_tbt_post_feature_position":"","_tbt_post_header":false,"_tbt_post_footer":false,"footnotes":""},"_links":{"self":[{"href":"https:\/\/coopempresa.com\/website\/wp-json\/wp\/v2\/pages\/12215"}],"collection":[{"href":"https:\/\/coopempresa.com\/website\/wp-json\/wp\/v2\/pages"}],"about":[{"href":"https:\/\/coopempresa.com\/website\/wp-json\/wp\/v2\/types\/page"}],"author":[{"embeddable":true,"href":"https:\/\/coopempresa.com\/website\/wp-json\/wp\/v2\/users\/1"}],"replies":[{"embeddable":true,"href":"https:\/\/coopempresa.com\/website\/wp-json\/wp\/v2\/comments?post=12215"}],"version-history":[{"count":4,"href":"https:\/\/coopempresa.com\/website\/wp-json\/wp\/v2\/pages\/12215\/revisions"}],"predecessor-version":[{"id":12220,"href":"https:\/\/coopempresa.com\/website\/wp-json\/wp\/v2\/pages\/12215\/revisions\/12220"}],"wp:attachment":[{"href":"https:\/\/coopempresa.com\/website\/wp-json\/wp\/v2\/media?parent=12215"}],"curies":[{"name":"wp","href":"https:\/\/api.w.org\/{rel}","templated":true}]}}