{"id":12209,"date":"2023-07-18T03:59:14","date_gmt":"2023-07-18T03:59:14","guid":{"rendered":"https:\/\/coopempresa.com\/website\/?page_id=12209"},"modified":"2023-07-18T04:01:26","modified_gmt":"2023-07-18T04:01:26","slug":"prestamo-empresarial","status":"publish","type":"page","link":"https:\/\/coopempresa.com\/website\/prestamo-empresarial\/","title":{"rendered":"Prestamo Empresarial"},"content":{"rendered":"\t\t<div data-elementor-type=\"wp-page\" data-elementor-id=\"12209\" class=\"elementor elementor-12209\">\n\t\t\t\t\t\t\t\t\t<section class=\"elementor-section elementor-top-section elementor-element elementor-element-55ce68b2 elementor-section-boxed elementor-section-height-default elementor-section-height-default\" data-id=\"55ce68b2\" data-element_type=\"section\">\n\t\t\t\t\t\t<div class=\"elementor-container elementor-column-gap-default\">\n\t\t\t\t\t<div class=\"elementor-column elementor-col-100 elementor-top-column elementor-element elementor-element-763191cf\" data-id=\"763191cf\" data-element_type=\"column\">\n\t\t\t<div class=\"elementor-widget-wrap\">\n\t\t\t\t\t\t\t\t\t<\/div>\n\t\t<\/div>\n\t\t\t\t\t\t\t<\/div>\n\t\t<\/section>\n\t\t\t\t<section class=\"elementor-section elementor-top-section elementor-element elementor-element-45eacf73 elementor-section-boxed elementor-section-height-default elementor-section-height-default\" data-id=\"45eacf73\" data-element_type=\"section\">\n\t\t\t\t\t\t<div class=\"elementor-container elementor-column-gap-default\">\n\t\t\t\t\t<div class=\"elementor-column elementor-col-100 elementor-top-column elementor-element elementor-element-584d43a3\" data-id=\"584d43a3\" data-element_type=\"column\">\n\t\t\t<div class=\"elementor-widget-wrap elementor-element-populated\">\n\t\t\t\t\t\t\t\t<div class=\"elementor-element elementor-element-4038d673 elementor-widget elementor-widget-heading\" data-id=\"4038d673\" data-element_type=\"widget\" data-widget_type=\"heading.default\">\n\t\t\t\t<div class=\"elementor-widget-container\">\n\t\t\t<style>\/*! elementor - v3.16.0 - 20-09-2023 *\/\n.elementor-heading-title{padding:0;margin:0;line-height:1}.elementor-widget-heading .elementor-heading-title[class*=elementor-size-]>a{color:inherit;font-size:inherit;line-height:inherit}.elementor-widget-heading .elementor-heading-title.elementor-size-small{font-size:15px}.elementor-widget-heading .elementor-heading-title.elementor-size-medium{font-size:19px}.elementor-widget-heading .elementor-heading-title.elementor-size-large{font-size:29px}.elementor-widget-heading .elementor-heading-title.elementor-size-xl{font-size:39px}.elementor-widget-heading .elementor-heading-title.elementor-size-xxl{font-size:59px}<\/style><h2 class=\"elementor-heading-title elementor-size-default\">Pr\u00e9stamo Empresarial<\/h2>\t\t<\/div>\n\t\t\t\t<\/div>\n\t\t\t\t\t<\/div>\n\t\t<\/div>\n\t\t\t\t\t\t\t<\/div>\n\t\t<\/section>\n\t\t\t\t<section class=\"elementor-section elementor-top-section elementor-element elementor-element-49629426 elementor-section-boxed elementor-section-height-default elementor-section-height-default\" data-id=\"49629426\" data-element_type=\"section\">\n\t\t\t\t\t\t<div class=\"elementor-container elementor-column-gap-default\">\n\t\t\t\t\t<div class=\"elementor-column elementor-col-50 elementor-top-column elementor-element elementor-element-44093799\" data-id=\"44093799\" data-element_type=\"column\">\n\t\t\t<div class=\"elementor-widget-wrap elementor-element-populated\">\n\t\t\t\t\t\t\t\t<div class=\"elementor-element elementor-element-565b6d24 elementor-widget elementor-widget-text-editor\" data-id=\"565b6d24\" data-element_type=\"widget\" data-widget_type=\"text-editor.default\">\n\t\t\t\t<div class=\"elementor-widget-container\">\n\t\t\t<style>\/*! elementor - v3.16.0 - 20-09-2023 *\/\n.elementor-widget-text-editor.elementor-drop-cap-view-stacked .elementor-drop-cap{background-color:#69727d;color:#fff}.elementor-widget-text-editor.elementor-drop-cap-view-framed .elementor-drop-cap{color:#69727d;border:3px solid;background-color:transparent}.elementor-widget-text-editor:not(.elementor-drop-cap-view-default) .elementor-drop-cap{margin-top:8px}.elementor-widget-text-editor:not(.elementor-drop-cap-view-default) .elementor-drop-cap-letter{width:1em;height:1em}.elementor-widget-text-editor .elementor-drop-cap{float:left;text-align:center;line-height:1;font-size:50px}.elementor-widget-text-editor .elementor-drop-cap-letter{display:inline-block}<\/style>\t\t\t\t<p style=\"text-align: justify;\"><b><span style=\"font-size: 14.0pt; mso-bidi-font-size: 11.0pt; line-height: 115%; mso-ansi-language: ES;\">PR\u00c9STAMO EMPRESARIAL<\/span><\/b><\/p><p style=\"text-align: justify;\">Este cr\u00e9dito va dirigido a las PYMES a los fines de solventar situaciones financieras dentro de la empresa tales como: pago de n\u00f3mina, pago de regal\u00eda pascual empleados, pago de proveedores, compra de equipos, remodelaci\u00f3n de local, ampliaciones, etc.\u00a0 Este cr\u00e9dito deber\u00e1 ser asesorado por el Gerente de Cuenta.<\/p><p style=\"text-align: justify;\"><b>Monto: <\/b>RD$50,000.00 Hasta RD$5,000,000.00<\/p><p style=\"text-align: justify;\"><b>Per\u00edodo M\u00e1ximo:<\/b> 60 Meses<\/p><p style=\"text-align: justify;\"><b>Tasas:<\/b> Desde 12% Anual.<\/p><p style=\"text-align: justify;\">\u00a0<\/p><p style=\"text-align: justify;\"><b>Gastos de Cierre u pago anticipado:<\/b> Ninguno. No hay gastos por apertura ni gastos de cierre. El monto de la cuota le ser\u00e1 debitado de su cuenta de n\u00f3mina u independiente.<\/p><p style=\"text-align: justify;\">\u00a0<\/p><p style=\"text-align: justify;\">\u00a0<\/p>\t\t\t\t\t\t<\/div>\n\t\t\t\t<\/div>\n\t\t\t\t\t<\/div>\n\t\t<\/div>\n\t\t\t\t<div class=\"elementor-column elementor-col-50 elementor-top-column elementor-element elementor-element-31d897df\" data-id=\"31d897df\" data-element_type=\"column\">\n\t\t\t<div class=\"elementor-widget-wrap elementor-element-populated\">\n\t\t\t\t\t\t\t\t<div class=\"elementor-element elementor-element-10249236 elementor-widget elementor-widget-image\" data-id=\"10249236\" data-element_type=\"widget\" data-widget_type=\"image.default\">\n\t\t\t\t<div class=\"elementor-widget-container\">\n\t\t\t<style>\/*! elementor - v3.16.0 - 20-09-2023 *\/\n.elementor-widget-image{text-align:center}.elementor-widget-image a{display:inline-block}.elementor-widget-image a img[src$=\".svg\"]{width:48px}.elementor-widget-image img{vertical-align:middle;display:inline-block}<\/style>\t\t\t\t\t\t\t\t\t\t\t\t<img loading=\"lazy\" decoding=\"async\" width=\"640\" height=\"422\" src=\"https:\/\/coopempresa.com\/website\/wp-content\/uploads\/2023\/07\/credito3.webp\" class=\"attachment-full size-full wp-image-12153\" alt=\"\" srcset=\"https:\/\/coopempresa.com\/website\/wp-content\/uploads\/2023\/07\/credito3.webp 640w, https:\/\/coopempresa.com\/website\/wp-content\/uploads\/2023\/07\/credito3-300x198.webp 300w, https:\/\/coopempresa.com\/website\/wp-content\/uploads\/2023\/07\/credito3-600x396.webp 600w\" sizes=\"(max-width: 640px) 100vw, 640px\" \/>\t\t\t\t\t\t\t\t\t\t\t\t\t\t\t<\/div>\n\t\t\t\t<\/div>\n\t\t\t\t\t<\/div>\n\t\t<\/div>\n\t\t\t\t\t\t\t<\/div>\n\t\t<\/section>\n\t\t\t\t<section class=\"elementor-section elementor-top-section elementor-element elementor-element-3656b8a3 elementor-section-boxed elementor-section-height-default elementor-section-height-default\" data-id=\"3656b8a3\" data-element_type=\"section\">\n\t\t\t\t\t\t<div class=\"elementor-container elementor-column-gap-default\">\n\t\t\t\t\t<div class=\"elementor-column elementor-col-100 elementor-top-column elementor-element elementor-element-630d3017\" data-id=\"630d3017\" data-element_type=\"column\">\n\t\t\t<div class=\"elementor-widget-wrap\">\n\t\t\t\t\t\t\t\t\t<\/div>\n\t\t<\/div>\n\t\t\t\t\t\t\t<\/div>\n\t\t<\/section>\n\t\t\t\t<section class=\"elementor-section elementor-top-section elementor-element elementor-element-731a0e18 elementor-section-boxed elementor-section-height-default elementor-section-height-default\" data-id=\"731a0e18\" data-element_type=\"section\">\n\t\t\t\t\t\t<div class=\"elementor-container elementor-column-gap-default\">\n\t\t\t\t\t<div class=\"elementor-column elementor-col-50 elementor-top-column elementor-element elementor-element-703f853f\" data-id=\"703f853f\" data-element_type=\"column\">\n\t\t\t<div class=\"elementor-widget-wrap\">\n\t\t\t\t\t\t\t\t\t<\/div>\n\t\t<\/div>\n\t\t\t\t<div class=\"elementor-column elementor-col-50 elementor-top-column elementor-element elementor-element-5264d561\" data-id=\"5264d561\" data-element_type=\"column\">\n\t\t\t<div class=\"elementor-widget-wrap\">\n\t\t\t\t\t\t\t\t\t<\/div>\n\t\t<\/div>\n\t\t\t\t\t\t\t<\/div>\n\t\t<\/section>\n\t\t\t\t\t\t\t<\/div>\n\t\t","protected":false},"excerpt":{"rendered":"<p>Pr\u00e9stamo Empresarial PR\u00c9STAMO EMPRESARIAL Este cr\u00e9dito va dirigido a las PYMES a los fines de solventar situaciones financieras dentro de la empresa tales como: pago de n\u00f3mina, pago de regal\u00eda pascual empleados, pago de proveedores, compra de equipos, remodelaci\u00f3n de local, ampliaciones, etc.\u00a0 Este cr\u00e9dito deber\u00e1 ser asesorado por el Gerente de Cuenta. Monto: RD$50,000.00&#8230;<\/p>\n","protected":false},"author":1,"featured_media":0,"parent":0,"menu_order":0,"comment_status":"closed","ping_status":"closed","template":"","meta":{"_tbt_post_transparent":"","_tbt_post_title":"hide","_tbt_post_layout":"fullwidth","_tbt_post_sidebar_id":"","_tbt_post_content_style":"unboxed","_tbt_post_vertical_padding":"hide","_tbt_post_feature":"hide","_tbt_post_feature_position":"","_tbt_post_header":false,"_tbt_post_footer":false,"footnotes":""},"_links":{"self":[{"href":"https:\/\/coopempresa.com\/website\/wp-json\/wp\/v2\/pages\/12209"}],"collection":[{"href":"https:\/\/coopempresa.com\/website\/wp-json\/wp\/v2\/pages"}],"about":[{"href":"https:\/\/coopempresa.com\/website\/wp-json\/wp\/v2\/types\/page"}],"author":[{"embeddable":true,"href":"https:\/\/coopempresa.com\/website\/wp-json\/wp\/v2\/users\/1"}],"replies":[{"embeddable":true,"href":"https:\/\/coopempresa.com\/website\/wp-json\/wp\/v2\/comments?post=12209"}],"version-history":[{"count":4,"href":"https:\/\/coopempresa.com\/website\/wp-json\/wp\/v2\/pages\/12209\/revisions"}],"predecessor-version":[{"id":12214,"href":"https:\/\/coopempresa.com\/website\/wp-json\/wp\/v2\/pages\/12209\/revisions\/12214"}],"wp:attachment":[{"href":"https:\/\/coopempresa.com\/website\/wp-json\/wp\/v2\/media?parent=12209"}],"curies":[{"name":"wp","href":"https:\/\/api.w.org\/{rel}","templated":true}]}}