{"id":12192,"date":"2023-07-18T03:10:58","date_gmt":"2023-07-18T03:10:58","guid":{"rendered":"https:\/\/coopempresa.com\/website\/?page_id=12192"},"modified":"2023-09-10T02:03:11","modified_gmt":"2023-09-10T02:03:11","slug":"prestamo-educativo","status":"publish","type":"page","link":"https:\/\/coopempresa.com\/website\/prestamo-educativo\/","title":{"rendered":"Prestamo Educativo"},"content":{"rendered":"\t\t<div data-elementor-type=\"wp-page\" data-elementor-id=\"12192\" class=\"elementor elementor-12192\">\n\t\t\t\t\t\t\t\t\t<section class=\"elementor-section elementor-top-section elementor-element elementor-element-7acd5d1d elementor-section-boxed elementor-section-height-default elementor-section-height-default\" data-id=\"7acd5d1d\" data-element_type=\"section\">\n\t\t\t\t\t\t<div class=\"elementor-container elementor-column-gap-default\">\n\t\t\t\t\t<div class=\"elementor-column elementor-col-100 elementor-top-column elementor-element elementor-element-62f762fa\" data-id=\"62f762fa\" data-element_type=\"column\">\n\t\t\t<div class=\"elementor-widget-wrap\">\n\t\t\t\t\t\t\t\t\t<\/div>\n\t\t<\/div>\n\t\t\t\t\t\t\t<\/div>\n\t\t<\/section>\n\t\t\t\t<section class=\"elementor-section elementor-top-section elementor-element elementor-element-3c8e92fa elementor-section-boxed elementor-section-height-default elementor-section-height-default\" data-id=\"3c8e92fa\" data-element_type=\"section\">\n\t\t\t\t\t\t<div class=\"elementor-container elementor-column-gap-default\">\n\t\t\t\t\t<div class=\"elementor-column elementor-col-100 elementor-top-column elementor-element elementor-element-392da3b\" data-id=\"392da3b\" data-element_type=\"column\">\n\t\t\t<div class=\"elementor-widget-wrap elementor-element-populated\">\n\t\t\t\t\t\t\t\t<div class=\"elementor-element elementor-element-4aef52cf elementor-widget elementor-widget-heading\" data-id=\"4aef52cf\" data-element_type=\"widget\" data-widget_type=\"heading.default\">\n\t\t\t\t<div class=\"elementor-widget-container\">\n\t\t\t<style>\/*! elementor - v3.16.0 - 20-09-2023 *\/\n.elementor-heading-title{padding:0;margin:0;line-height:1}.elementor-widget-heading .elementor-heading-title[class*=elementor-size-]>a{color:inherit;font-size:inherit;line-height:inherit}.elementor-widget-heading .elementor-heading-title.elementor-size-small{font-size:15px}.elementor-widget-heading .elementor-heading-title.elementor-size-medium{font-size:19px}.elementor-widget-heading .elementor-heading-title.elementor-size-large{font-size:29px}.elementor-widget-heading .elementor-heading-title.elementor-size-xl{font-size:39px}.elementor-widget-heading .elementor-heading-title.elementor-size-xxl{font-size:59px}<\/style><h2 class=\"elementor-heading-title elementor-size-default\">Pr\u00e9stamo Educativo<\/h2>\t\t<\/div>\n\t\t\t\t<\/div>\n\t\t\t\t\t<\/div>\n\t\t<\/div>\n\t\t\t\t\t\t\t<\/div>\n\t\t<\/section>\n\t\t\t\t<section class=\"elementor-section elementor-top-section elementor-element elementor-element-3afe6a00 elementor-section-boxed elementor-section-height-default elementor-section-height-default\" data-id=\"3afe6a00\" data-element_type=\"section\">\n\t\t\t\t\t\t<div class=\"elementor-container elementor-column-gap-default\">\n\t\t\t\t\t<div class=\"elementor-column elementor-col-50 elementor-top-column elementor-element elementor-element-6dfa73e8\" data-id=\"6dfa73e8\" data-element_type=\"column\">\n\t\t\t<div class=\"elementor-widget-wrap elementor-element-populated\">\n\t\t\t\t\t\t\t\t<div class=\"elementor-element elementor-element-39e9b02 elementor-widget elementor-widget-text-editor\" data-id=\"39e9b02\" data-element_type=\"widget\" data-widget_type=\"text-editor.default\">\n\t\t\t\t<div class=\"elementor-widget-container\">\n\t\t\t<style>\/*! elementor - v3.16.0 - 20-09-2023 *\/\n.elementor-widget-text-editor.elementor-drop-cap-view-stacked .elementor-drop-cap{background-color:#69727d;color:#fff}.elementor-widget-text-editor.elementor-drop-cap-view-framed .elementor-drop-cap{color:#69727d;border:3px solid;background-color:transparent}.elementor-widget-text-editor:not(.elementor-drop-cap-view-default) .elementor-drop-cap{margin-top:8px}.elementor-widget-text-editor:not(.elementor-drop-cap-view-default) .elementor-drop-cap-letter{width:1em;height:1em}.elementor-widget-text-editor .elementor-drop-cap{float:left;text-align:center;line-height:1;font-size:50px}.elementor-widget-text-editor .elementor-drop-cap-letter{display:inline-block}<\/style>\t\t\t\t<p class=\"MsoNormal\" style=\"text-align: justify;\"><b><span style=\"font-size: 14.0pt; mso-bidi-font-size: 11.0pt; line-height: 115%; mso-ansi-language: ES;\">PR\u00c9STAMO EDUCATIVO<\/span><\/b><\/p>\n<p class=\"MsoNormal\" style=\"text-align: justify;\">Es un cr\u00e9dito a corto o largo plazo que se emite a los socios\/as para los fines de pago de universidades, colegiaturas de hijos\/as, compra de \u00fatiles escolares, etc.<\/p>\n<p class=\"MsoNormal\" style=\"text-align: justify;\"><b>Monto: <\/b>RD$20,000.00 Hasta RD$500,000.00<\/p>\n<p class=\"MsoNormal\" style=\"text-align: justify;\"><b>Per\u00edodo M\u00e1ximo:<\/b> 24 Meses<\/p>\n<p class=\"MsoNormal\" style=\"text-align: justify;\"><b>Tasas:<\/b> Desde 5% Anual.<\/p>\n<p class=\"MsoNormal\" style=\"text-align: justify;\">\n<\/p><p class=\"MsoNormal\" style=\"text-align: justify;\"><b>Gastos de Cierre u pago anticipado:<\/b> Ninguno. No hay gastos por apertura ni gastos de cierre. El monto de la cuota le ser\u00e1 debitado de su cuenta de n\u00f3mina u independiente.<\/p>\n<p class=\"MsoNormal\" style=\"text-align: justify;\"><br><\/p>\n<p class=\"MsoNormal\" style=\"text-align: justify;\"><br><\/p>\n<p class=\"MsoNormal\" style=\"text-align: justify;\">\n<\/p>\t\t\t\t\t\t<\/div>\n\t\t\t\t<\/div>\n\t\t\t\t\t<\/div>\n\t\t<\/div>\n\t\t\t\t<div class=\"elementor-column elementor-col-50 elementor-top-column elementor-element elementor-element-4665e13c\" data-id=\"4665e13c\" data-element_type=\"column\">\n\t\t\t<div class=\"elementor-widget-wrap elementor-element-populated\">\n\t\t\t\t\t\t\t\t<div class=\"elementor-element elementor-element-10e6411a elementor-widget elementor-widget-image\" data-id=\"10e6411a\" data-element_type=\"widget\" data-widget_type=\"image.default\">\n\t\t\t\t<div class=\"elementor-widget-container\">\n\t\t\t<style>\/*! elementor - v3.16.0 - 20-09-2023 *\/\n.elementor-widget-image{text-align:center}.elementor-widget-image a{display:inline-block}.elementor-widget-image a img[src$=\".svg\"]{width:48px}.elementor-widget-image img{vertical-align:middle;display:inline-block}<\/style>\t\t\t\t\t\t\t\t\t\t\t\t<img loading=\"lazy\" decoding=\"async\" width=\"1200\" height=\"675\" src=\"https:\/\/coopempresa.com\/website\/wp-content\/uploads\/2023\/07\/Prestamo_personal.jpg\" class=\"attachment-full size-full wp-image-12170\" alt=\"\" srcset=\"https:\/\/coopempresa.com\/website\/wp-content\/uploads\/2023\/07\/Prestamo_personal.jpg 1200w, https:\/\/coopempresa.com\/website\/wp-content\/uploads\/2023\/07\/Prestamo_personal-300x169.jpg 300w, https:\/\/coopempresa.com\/website\/wp-content\/uploads\/2023\/07\/Prestamo_personal-1024x576.jpg 1024w, https:\/\/coopempresa.com\/website\/wp-content\/uploads\/2023\/07\/Prestamo_personal-768x432.jpg 768w, https:\/\/coopempresa.com\/website\/wp-content\/uploads\/2023\/07\/Prestamo_personal-600x338.jpg 600w\" sizes=\"(max-width: 1200px) 100vw, 1200px\" \/>\t\t\t\t\t\t\t\t\t\t\t\t\t\t\t<\/div>\n\t\t\t\t<\/div>\n\t\t\t\t\t<\/div>\n\t\t<\/div>\n\t\t\t\t\t\t\t<\/div>\n\t\t<\/section>\n\t\t\t\t<section class=\"elementor-section elementor-top-section elementor-element elementor-element-69f0eeec elementor-section-boxed elementor-section-height-default elementor-section-height-default\" data-id=\"69f0eeec\" data-element_type=\"section\">\n\t\t\t\t\t\t<div class=\"elementor-container elementor-column-gap-default\">\n\t\t\t\t\t<div class=\"elementor-column elementor-col-100 elementor-top-column elementor-element elementor-element-11f0e31b\" data-id=\"11f0e31b\" data-element_type=\"column\">\n\t\t\t<div class=\"elementor-widget-wrap\">\n\t\t\t\t\t\t\t\t\t<\/div>\n\t\t<\/div>\n\t\t\t\t\t\t\t<\/div>\n\t\t<\/section>\n\t\t\t\t<section class=\"elementor-section elementor-top-section elementor-element elementor-element-3e8e1994 elementor-section-boxed elementor-section-height-default elementor-section-height-default\" data-id=\"3e8e1994\" data-element_type=\"section\">\n\t\t\t\t\t\t<div class=\"elementor-container elementor-column-gap-default\">\n\t\t\t\t\t<div class=\"elementor-column elementor-col-50 elementor-top-column elementor-element elementor-element-3394d801\" data-id=\"3394d801\" data-element_type=\"column\">\n\t\t\t<div class=\"elementor-widget-wrap\">\n\t\t\t\t\t\t\t\t\t<\/div>\n\t\t<\/div>\n\t\t\t\t<div class=\"elementor-column elementor-col-50 elementor-top-column elementor-element elementor-element-46ccd12b\" data-id=\"46ccd12b\" data-element_type=\"column\">\n\t\t\t<div class=\"elementor-widget-wrap\">\n\t\t\t\t\t\t\t\t\t<\/div>\n\t\t<\/div>\n\t\t\t\t\t\t\t<\/div>\n\t\t<\/section>\n\t\t\t\t\t\t\t<\/div>\n\t\t","protected":false},"excerpt":{"rendered":"<p>Pr\u00e9stamo Educativo PR\u00c9STAMO EDUCATIVO Es un cr\u00e9dito a corto o largo plazo que se emite a los socios\/as para los fines de pago de universidades, colegiaturas de hijos\/as, compra de \u00fatiles escolares, etc. Monto: RD$20,000.00 Hasta RD$500,000.00 Per\u00edodo M\u00e1ximo: 24 Meses Tasas: Desde 5% Anual. Gastos de Cierre u pago anticipado: Ninguno. No hay gastos&#8230;<\/p>\n","protected":false},"author":1,"featured_media":0,"parent":0,"menu_order":0,"comment_status":"closed","ping_status":"closed","template":"","meta":{"_tbt_post_transparent":"","_tbt_post_title":"hide","_tbt_post_layout":"fullwidth","_tbt_post_sidebar_id":"","_tbt_post_content_style":"unboxed","_tbt_post_vertical_padding":"hide","_tbt_post_feature":"hide","_tbt_post_feature_position":"","_tbt_post_header":false,"_tbt_post_footer":false,"footnotes":""},"_links":{"self":[{"href":"https:\/\/coopempresa.com\/website\/wp-json\/wp\/v2\/pages\/12192"}],"collection":[{"href":"https:\/\/coopempresa.com\/website\/wp-json\/wp\/v2\/pages"}],"about":[{"href":"https:\/\/coopempresa.com\/website\/wp-json\/wp\/v2\/types\/page"}],"author":[{"embeddable":true,"href":"https:\/\/coopempresa.com\/website\/wp-json\/wp\/v2\/users\/1"}],"replies":[{"embeddable":true,"href":"https:\/\/coopempresa.com\/website\/wp-json\/wp\/v2\/comments?post=12192"}],"version-history":[{"count":7,"href":"https:\/\/coopempresa.com\/website\/wp-json\/wp\/v2\/pages\/12192\/revisions"}],"predecessor-version":[{"id":12633,"href":"https:\/\/coopempresa.com\/website\/wp-json\/wp\/v2\/pages\/12192\/revisions\/12633"}],"wp:attachment":[{"href":"https:\/\/coopempresa.com\/website\/wp-json\/wp\/v2\/media?parent=12192"}],"curies":[{"name":"wp","href":"https:\/\/api.w.org\/{rel}","templated":true}]}}