{"id":12173,"date":"2023-07-18T02:48:13","date_gmt":"2023-07-18T02:48:13","guid":{"rendered":"https:\/\/coopempresa.com\/website\/?page_id=12173"},"modified":"2023-07-18T02:50:44","modified_gmt":"2023-07-18T02:50:44","slug":"prestamo-express","status":"publish","type":"page","link":"https:\/\/coopempresa.com\/website\/prestamo-express\/","title":{"rendered":"Prestamo Express"},"content":{"rendered":"\t\t<div data-elementor-type=\"wp-page\" data-elementor-id=\"12173\" class=\"elementor elementor-12173\">\n\t\t\t\t\t\t\t\t\t<section class=\"elementor-section elementor-top-section elementor-element elementor-element-ca8981a elementor-section-boxed elementor-section-height-default elementor-section-height-default\" data-id=\"ca8981a\" data-element_type=\"section\">\n\t\t\t\t\t\t<div class=\"elementor-container elementor-column-gap-default\">\n\t\t\t\t\t<div class=\"elementor-column elementor-col-100 elementor-top-column elementor-element elementor-element-43db27d8\" data-id=\"43db27d8\" data-element_type=\"column\">\n\t\t\t<div class=\"elementor-widget-wrap\">\n\t\t\t\t\t\t\t\t\t<\/div>\n\t\t<\/div>\n\t\t\t\t\t\t\t<\/div>\n\t\t<\/section>\n\t\t\t\t<section class=\"elementor-section elementor-top-section elementor-element elementor-element-68a90ea2 elementor-section-boxed elementor-section-height-default elementor-section-height-default\" data-id=\"68a90ea2\" data-element_type=\"section\">\n\t\t\t\t\t\t<div class=\"elementor-container elementor-column-gap-default\">\n\t\t\t\t\t<div class=\"elementor-column elementor-col-100 elementor-top-column elementor-element elementor-element-5737c4bc\" data-id=\"5737c4bc\" data-element_type=\"column\">\n\t\t\t<div class=\"elementor-widget-wrap elementor-element-populated\">\n\t\t\t\t\t\t\t\t<div class=\"elementor-element elementor-element-19e186d7 elementor-widget elementor-widget-heading\" data-id=\"19e186d7\" data-element_type=\"widget\" data-widget_type=\"heading.default\">\n\t\t\t\t<div class=\"elementor-widget-container\">\n\t\t\t<style>\/*! elementor - v3.16.0 - 20-09-2023 *\/\n.elementor-heading-title{padding:0;margin:0;line-height:1}.elementor-widget-heading .elementor-heading-title[class*=elementor-size-]>a{color:inherit;font-size:inherit;line-height:inherit}.elementor-widget-heading .elementor-heading-title.elementor-size-small{font-size:15px}.elementor-widget-heading .elementor-heading-title.elementor-size-medium{font-size:19px}.elementor-widget-heading .elementor-heading-title.elementor-size-large{font-size:29px}.elementor-widget-heading .elementor-heading-title.elementor-size-xl{font-size:39px}.elementor-widget-heading .elementor-heading-title.elementor-size-xxl{font-size:59px}<\/style><h2 class=\"elementor-heading-title elementor-size-default\">Pr\u00e9stamo Express<\/h2>\t\t<\/div>\n\t\t\t\t<\/div>\n\t\t\t\t\t<\/div>\n\t\t<\/div>\n\t\t\t\t\t\t\t<\/div>\n\t\t<\/section>\n\t\t\t\t<section class=\"elementor-section elementor-top-section elementor-element elementor-element-67d3a0b2 elementor-section-boxed elementor-section-height-default elementor-section-height-default\" data-id=\"67d3a0b2\" data-element_type=\"section\">\n\t\t\t\t\t\t<div class=\"elementor-container elementor-column-gap-default\">\n\t\t\t\t\t<div class=\"elementor-column elementor-col-50 elementor-top-column elementor-element elementor-element-28a083bd\" data-id=\"28a083bd\" data-element_type=\"column\">\n\t\t\t<div class=\"elementor-widget-wrap elementor-element-populated\">\n\t\t\t\t\t\t\t\t<div class=\"elementor-element elementor-element-181f1d21 elementor-widget elementor-widget-text-editor\" data-id=\"181f1d21\" data-element_type=\"widget\" data-widget_type=\"text-editor.default\">\n\t\t\t\t<div class=\"elementor-widget-container\">\n\t\t\t<style>\/*! elementor - v3.16.0 - 20-09-2023 *\/\n.elementor-widget-text-editor.elementor-drop-cap-view-stacked .elementor-drop-cap{background-color:#69727d;color:#fff}.elementor-widget-text-editor.elementor-drop-cap-view-framed .elementor-drop-cap{color:#69727d;border:3px solid;background-color:transparent}.elementor-widget-text-editor:not(.elementor-drop-cap-view-default) .elementor-drop-cap{margin-top:8px}.elementor-widget-text-editor:not(.elementor-drop-cap-view-default) .elementor-drop-cap-letter{width:1em;height:1em}.elementor-widget-text-editor .elementor-drop-cap{float:left;text-align:center;line-height:1;font-size:50px}.elementor-widget-text-editor .elementor-drop-cap-letter{display:inline-block}<\/style>\t\t\t\t<p style=\"text-align: justify;\"><b><span style=\"font-size: 12.0pt; mso-bidi-font-size: 11.0pt; line-height: 115%; mso-ansi-language: ES;\">PR\u00c9STAMO EXPRESS<\/span><\/b><\/p><p style=\"text-align: justify;\">Todos nuestros socios\/as podr\u00e1n obtener un pr\u00e9stamo de urgencia o inmediato de hasta 5 veces el monto disponible en su cuenta de Ahorro. No obstante deber\u00e1 llenar una solicitud previamente y ser autorizado a trav\u00e9s de la Gerente de Sucursal. Deber\u00e1 ser enviado al Comit\u00e9 de Cr\u00e9dito y Ser aprobado en menos de 24 horas. Este tipo de cr\u00e9dito tendr\u00e1 un monto m\u00e1ximo de <b>Cincuenta mil pesos dominicanos (RD$50,000.00).<\/b><\/p><p style=\"text-align: justify;\"><b>Monto: <\/b>RD$5,000.00 Hasta RD$50,000.00<\/p><p style=\"text-align: justify;\"><b>Per\u00edodo M\u00e1ximo:<\/b> 24 Meses<\/p><p style=\"text-align: justify;\"><b>Tasas:<\/b> Desde 10% Anual.<\/p><p style=\"text-align: justify;\">\u00a0<\/p><p style=\"text-align: justify;\"><b>Gastos de Cierre u pago anticipado:<\/b> Ninguno. No hay gastos por apertura ni gastos de cierre. El monto de la cuota le ser\u00e1 debitado de su cuenta de n\u00f3mina u independiente.<\/p><p style=\"text-align: justify;\">\u00a0<\/p><p style=\"text-align: justify;\">\u00a0<\/p>\t\t\t\t\t\t<\/div>\n\t\t\t\t<\/div>\n\t\t\t\t\t<\/div>\n\t\t<\/div>\n\t\t\t\t<div class=\"elementor-column elementor-col-50 elementor-top-column elementor-element elementor-element-73906cc2\" data-id=\"73906cc2\" data-element_type=\"column\">\n\t\t\t<div class=\"elementor-widget-wrap elementor-element-populated\">\n\t\t\t\t\t\t\t\t<div class=\"elementor-element elementor-element-3d36bfd8 elementor-widget elementor-widget-image\" data-id=\"3d36bfd8\" data-element_type=\"widget\" data-widget_type=\"image.default\">\n\t\t\t\t<div class=\"elementor-widget-container\">\n\t\t\t<style>\/*! elementor - v3.16.0 - 20-09-2023 *\/\n.elementor-widget-image{text-align:center}.elementor-widget-image a{display:inline-block}.elementor-widget-image a img[src$=\".svg\"]{width:48px}.elementor-widget-image img{vertical-align:middle;display:inline-block}<\/style>\t\t\t\t\t\t\t\t\t\t\t\t<img loading=\"lazy\" decoding=\"async\" width=\"540\" height=\"332\" src=\"https:\/\/coopempresa.com\/website\/wp-content\/uploads\/2023\/07\/credito1.jpg\" class=\"attachment-full size-full wp-image-12155\" alt=\"\" srcset=\"https:\/\/coopempresa.com\/website\/wp-content\/uploads\/2023\/07\/credito1.jpg 540w, https:\/\/coopempresa.com\/website\/wp-content\/uploads\/2023\/07\/credito1-300x184.jpg 300w\" sizes=\"(max-width: 540px) 100vw, 540px\" \/>\t\t\t\t\t\t\t\t\t\t\t\t\t\t\t<\/div>\n\t\t\t\t<\/div>\n\t\t\t\t\t<\/div>\n\t\t<\/div>\n\t\t\t\t\t\t\t<\/div>\n\t\t<\/section>\n\t\t\t\t<section class=\"elementor-section elementor-top-section elementor-element elementor-element-5eef2161 elementor-section-boxed elementor-section-height-default elementor-section-height-default\" data-id=\"5eef2161\" data-element_type=\"section\">\n\t\t\t\t\t\t<div class=\"elementor-container elementor-column-gap-default\">\n\t\t\t\t\t<div class=\"elementor-column elementor-col-100 elementor-top-column elementor-element elementor-element-ec76773\" data-id=\"ec76773\" data-element_type=\"column\">\n\t\t\t<div class=\"elementor-widget-wrap\">\n\t\t\t\t\t\t\t\t\t<\/div>\n\t\t<\/div>\n\t\t\t\t\t\t\t<\/div>\n\t\t<\/section>\n\t\t\t\t<section class=\"elementor-section elementor-top-section elementor-element elementor-element-2916e70a elementor-section-boxed elementor-section-height-default elementor-section-height-default\" data-id=\"2916e70a\" data-element_type=\"section\">\n\t\t\t\t\t\t<div class=\"elementor-container elementor-column-gap-default\">\n\t\t\t\t\t<div class=\"elementor-column elementor-col-50 elementor-top-column elementor-element elementor-element-1a0bfe79\" data-id=\"1a0bfe79\" data-element_type=\"column\">\n\t\t\t<div class=\"elementor-widget-wrap\">\n\t\t\t\t\t\t\t\t\t<\/div>\n\t\t<\/div>\n\t\t\t\t<div class=\"elementor-column elementor-col-50 elementor-top-column elementor-element elementor-element-9c3140c\" data-id=\"9c3140c\" data-element_type=\"column\">\n\t\t\t<div class=\"elementor-widget-wrap\">\n\t\t\t\t\t\t\t\t\t<\/div>\n\t\t<\/div>\n\t\t\t\t\t\t\t<\/div>\n\t\t<\/section>\n\t\t\t\t\t\t\t<\/div>\n\t\t","protected":false},"excerpt":{"rendered":"<p>Pr\u00e9stamo Express PR\u00c9STAMO EXPRESS Todos nuestros socios\/as podr\u00e1n obtener un pr\u00e9stamo de urgencia o inmediato de hasta 5 veces el monto disponible en su cuenta de Ahorro. No obstante deber\u00e1 llenar una solicitud previamente y ser autorizado a trav\u00e9s de la Gerente de Sucursal. Deber\u00e1 ser enviado al Comit\u00e9 de Cr\u00e9dito y Ser aprobado en&#8230;<\/p>\n","protected":false},"author":1,"featured_media":0,"parent":0,"menu_order":0,"comment_status":"closed","ping_status":"closed","template":"","meta":{"_tbt_post_transparent":"","_tbt_post_title":"hide","_tbt_post_layout":"fullwidth","_tbt_post_sidebar_id":"","_tbt_post_content_style":"unboxed","_tbt_post_vertical_padding":"hide","_tbt_post_feature":"hide","_tbt_post_feature_position":"","_tbt_post_header":false,"_tbt_post_footer":false,"footnotes":""},"_links":{"self":[{"href":"https:\/\/coopempresa.com\/website\/wp-json\/wp\/v2\/pages\/12173"}],"collection":[{"href":"https:\/\/coopempresa.com\/website\/wp-json\/wp\/v2\/pages"}],"about":[{"href":"https:\/\/coopempresa.com\/website\/wp-json\/wp\/v2\/types\/page"}],"author":[{"embeddable":true,"href":"https:\/\/coopempresa.com\/website\/wp-json\/wp\/v2\/users\/1"}],"replies":[{"embeddable":true,"href":"https:\/\/coopempresa.com\/website\/wp-json\/wp\/v2\/comments?post=12173"}],"version-history":[{"count":4,"href":"https:\/\/coopempresa.com\/website\/wp-json\/wp\/v2\/pages\/12173\/revisions"}],"predecessor-version":[{"id":12178,"href":"https:\/\/coopempresa.com\/website\/wp-json\/wp\/v2\/pages\/12173\/revisions\/12178"}],"wp:attachment":[{"href":"https:\/\/coopempresa.com\/website\/wp-json\/wp\/v2\/media?parent=12173"}],"curies":[{"name":"wp","href":"https:\/\/api.w.org\/{rel}","templated":true}]}}