{"id":12126,"date":"2023-07-18T01:00:27","date_gmt":"2023-07-18T01:00:27","guid":{"rendered":"https:\/\/coopempresa.com\/website\/?page_id=12126"},"modified":"2023-07-18T01:33:56","modified_gmt":"2023-07-18T01:33:56","slug":"ahorro-empresarial-en-pesos","status":"publish","type":"page","link":"https:\/\/coopempresa.com\/website\/ahorro-empresarial-en-pesos\/","title":{"rendered":"Ahorro Empresarial en Pesos"},"content":{"rendered":"\t\t<div data-elementor-type=\"wp-page\" data-elementor-id=\"12126\" class=\"elementor elementor-12126\">\n\t\t\t\t\t\t\t\t\t<section class=\"elementor-section elementor-top-section elementor-element elementor-element-1ac0603a elementor-section-boxed elementor-section-height-default elementor-section-height-default\" data-id=\"1ac0603a\" data-element_type=\"section\">\n\t\t\t\t\t\t<div class=\"elementor-container elementor-column-gap-default\">\n\t\t\t\t\t<div class=\"elementor-column elementor-col-100 elementor-top-column elementor-element elementor-element-5c041142\" data-id=\"5c041142\" data-element_type=\"column\">\n\t\t\t<div class=\"elementor-widget-wrap\">\n\t\t\t\t\t\t\t\t\t<\/div>\n\t\t<\/div>\n\t\t\t\t\t\t\t<\/div>\n\t\t<\/section>\n\t\t\t\t<section class=\"elementor-section elementor-top-section elementor-element elementor-element-7af8ce28 elementor-section-boxed elementor-section-height-default elementor-section-height-default\" data-id=\"7af8ce28\" data-element_type=\"section\">\n\t\t\t\t\t\t<div class=\"elementor-container elementor-column-gap-default\">\n\t\t\t\t\t<div class=\"elementor-column elementor-col-100 elementor-top-column elementor-element elementor-element-16c6716a\" data-id=\"16c6716a\" data-element_type=\"column\">\n\t\t\t<div class=\"elementor-widget-wrap elementor-element-populated\">\n\t\t\t\t\t\t\t\t<div class=\"elementor-element elementor-element-50c66bf1 elementor-widget elementor-widget-heading\" data-id=\"50c66bf1\" data-element_type=\"widget\" data-widget_type=\"heading.default\">\n\t\t\t\t<div class=\"elementor-widget-container\">\n\t\t\t<style>\/*! elementor - v3.16.0 - 20-09-2023 *\/\n.elementor-heading-title{padding:0;margin:0;line-height:1}.elementor-widget-heading .elementor-heading-title[class*=elementor-size-]>a{color:inherit;font-size:inherit;line-height:inherit}.elementor-widget-heading .elementor-heading-title.elementor-size-small{font-size:15px}.elementor-widget-heading .elementor-heading-title.elementor-size-medium{font-size:19px}.elementor-widget-heading .elementor-heading-title.elementor-size-large{font-size:29px}.elementor-widget-heading .elementor-heading-title.elementor-size-xl{font-size:39px}.elementor-widget-heading .elementor-heading-title.elementor-size-xxl{font-size:59px}<\/style><h2 class=\"elementor-heading-title elementor-size-default\">Cuenta De Ahorro Empresarial<\/h2>\t\t<\/div>\n\t\t\t\t<\/div>\n\t\t\t\t\t<\/div>\n\t\t<\/div>\n\t\t\t\t\t\t\t<\/div>\n\t\t<\/section>\n\t\t\t\t<section class=\"elementor-section elementor-top-section elementor-element elementor-element-526c7713 elementor-section-boxed elementor-section-height-default elementor-section-height-default\" data-id=\"526c7713\" data-element_type=\"section\">\n\t\t\t\t\t\t<div class=\"elementor-container elementor-column-gap-default\">\n\t\t\t\t\t<div class=\"elementor-column elementor-col-50 elementor-top-column elementor-element elementor-element-16e75131\" data-id=\"16e75131\" data-element_type=\"column\">\n\t\t\t<div class=\"elementor-widget-wrap elementor-element-populated\">\n\t\t\t\t\t\t\t\t<div class=\"elementor-element elementor-element-11673dea elementor-widget elementor-widget-text-editor\" data-id=\"11673dea\" data-element_type=\"widget\" data-widget_type=\"text-editor.default\">\n\t\t\t\t<div class=\"elementor-widget-container\">\n\t\t\t<style>\/*! elementor - v3.16.0 - 20-09-2023 *\/\n.elementor-widget-text-editor.elementor-drop-cap-view-stacked .elementor-drop-cap{background-color:#69727d;color:#fff}.elementor-widget-text-editor.elementor-drop-cap-view-framed .elementor-drop-cap{color:#69727d;border:3px solid;background-color:transparent}.elementor-widget-text-editor:not(.elementor-drop-cap-view-default) .elementor-drop-cap{margin-top:8px}.elementor-widget-text-editor:not(.elementor-drop-cap-view-default) .elementor-drop-cap-letter{width:1em;height:1em}.elementor-widget-text-editor .elementor-drop-cap{float:left;text-align:center;line-height:1;font-size:50px}.elementor-widget-text-editor .elementor-drop-cap-letter{display:inline-block}<\/style>\t\t\t\t<p class=\"MsoNormal\" style=\"text-align: justify;\"><b><span style=\"font-size: 18.0pt; mso-bidi-font-size: 11.0pt; line-height: 115%; mso-ansi-language: ES;\">CUENTA DE AHORRO EMPRESARIAL EN PESOS<\/span><\/b><\/p><p class=\"MsoNormal\" style=\"text-align: justify;\">Todos nuestros socios\/as con personer\u00eda jur\u00eddica o empresarial podr\u00e1n<br \/>aperturar una cuenta de ahorro en pesos dominicanos o d\u00f3lares. Los fondos<br \/>disponibles podr\u00e1n ser retirados en cualquier momento por el Gerente<br \/>Autorizado\u00a0 de la entidad jur\u00eddica<br \/>asociada.<\/p><p class=\"MsoNormal\" style=\"text-align: justify;\"><b>Monto de Apertura:<\/b> Quinientos pesos dominicanos (RD$500.00)<\/p><p class=\"MsoNormal\" style=\"text-align: justify;\"><b>Balance M\u00ednimo:<\/b> Quinientos pesos dominicanos (RD$500.00)<\/p><p class=\"MsoNormal\" style=\"text-align: justify;\"><b>Mantenimiento:<\/b> Gratis. No hay cargos por transacciones,<br \/>dep\u00f3sitos o transferencias internas. No hay impuestos a transacciones ni por los<br \/>beneficios percibidos.<\/p><p class=\"MsoNormal\" style=\"text-align: justify;\"><b>Transferencias a Bancos:<\/b> Puede que existan cargos por transferencias<br \/>externas al momento de retiros electr\u00f3nicos en Bancos de la Rep\u00fablica<br \/>Dominicana o Wire Transfer Internacional.<\/p><p class=\"MsoNormal\" style=\"text-align: justify;\">\u00a0<\/p><p class=\"MsoNormal\" style=\"text-align: justify;\"><b><span style=\"font-size: 16.0pt; mso-bidi-font-size: 11.0pt; line-height: 115%; font-family: 'Arial','sans-serif'; mso-ansi-language: ES;\">REQUISITOS PERSONAS<br \/>JUR\u00cdDICAS:<\/span><\/b><\/p><p class=\"MsoListParagraphCxSpFirst\" style=\"margin-left: 54.0pt; mso-add-space: auto; text-align: justify; text-indent: -18.0pt; mso-list: l0 level1 lfo1;\"><!-- [if !supportLists]--><span style=\"font-family: Symbol; mso-fareast-font-family: Symbol; mso-bidi-font-family: Symbol; mso-ansi-language: ES;\">\u00b7<span style=\"font-variant-numeric: normal; font-variant-east-asian: normal; font-variant-alternates: normal; font-kerning: auto; font-optical-sizing: auto; font-feature-settings: normal; font-variation-settings: normal; font-stretch: normal; font-size: 7pt; line-height: normal; font-family: 'Times New Roman';\">\u00a0\u00a0\u00a0\u00a0\u00a0\u00a0\u00a0<\/span><\/span><span style=\"font-family: 'Arial','sans-serif'; mso-ansi-language: ES;\">Formulario de Inscripci\u00f3n<\/span><\/p><p class=\"MsoListParagraphCxSpMiddle\" style=\"margin-left: 54.0pt; mso-add-space: auto; text-align: justify; text-indent: -18.0pt; mso-list: l0 level1 lfo1;\"><!-- [if !supportLists]--><span style=\"font-family: Symbol; mso-fareast-font-family: Symbol; mso-bidi-font-family: Symbol; mso-ansi-language: ES;\">\u00b7<span style=\"font-variant-numeric: normal; font-variant-east-asian: normal; font-variant-alternates: normal; font-kerning: auto; font-optical-sizing: auto; font-feature-settings: normal; font-variation-settings: normal; font-stretch: normal; font-size: 7pt; line-height: normal; font-family: 'Times New Roman';\">\u00a0 \u00a0 \u00a0\u00a0<\/span><\/span><span style=\"font-family: 'Arial','sans-serif'; mso-ansi-language: ES;\">Fotocopia de Estatutos<\/span><\/p><p class=\"MsoListParagraphCxSpMiddle\" style=\"margin-left: 54.0pt; mso-add-space: auto; text-align: justify; text-indent: -18.0pt; mso-list: l0 level1 lfo1;\"><!-- [if !supportLists]--><span style=\"font-family: Symbol; mso-fareast-font-family: Symbol; mso-bidi-font-family: Symbol; mso-ansi-language: ES;\">\u00b7<span style=\"font-variant-numeric: normal; font-variant-east-asian: normal; font-variant-alternates: normal; font-kerning: auto; font-optical-sizing: auto; font-feature-settings: normal; font-variation-settings: normal; font-stretch: normal; font-size: 7pt; line-height: normal; font-family: 'Times New Roman';\">\u00a0\u00a0\u00a0\u00a0\u00a0\u00a0\u00a0<\/span><\/span><span style=\"font-family: 'Arial','sans-serif'; mso-ansi-language: ES;\">Fotocopia Registro Mercantil<\/span><\/p><p class=\"MsoListParagraphCxSpMiddle\" style=\"margin-left: 54.0pt; mso-add-space: auto; text-align: justify; text-indent: -18.0pt; mso-list: l0 level1 lfo1;\"><!-- [if !supportLists]--><span style=\"font-family: Symbol; mso-fareast-font-family: Symbol; mso-bidi-font-family: Symbol; mso-ansi-language: ES;\">\u00b7<span style=\"font-variant-numeric: normal; font-variant-east-asian: normal; font-variant-alternates: normal; font-kerning: auto; font-optical-sizing: auto; font-feature-settings: normal; font-variation-settings: normal; font-stretch: normal; font-size: 7pt; line-height: normal; font-family: 'Times New Roman';\">\u00a0\u00a0\u00a0\u00a0\u00a0\u00a0\u00a0<\/span><\/span><span style=\"font-family: 'Arial','sans-serif'; mso-ansi-language: ES;\">Fotocopia RNC<\/span><\/p><p class=\"MsoListParagraphCxSpMiddle\" style=\"margin-left: 54.0pt; mso-add-space: auto; text-align: justify; text-indent: -18.0pt; mso-list: l0 level1 lfo1;\"><!-- [if !supportLists]--><span style=\"font-family: Symbol; mso-fareast-font-family: Symbol; mso-bidi-font-family: Symbol; mso-ansi-language: ES;\">\u00b7<span style=\"font-variant-numeric: normal; font-variant-east-asian: normal; font-variant-alternates: normal; font-kerning: auto; font-optical-sizing: auto; font-feature-settings: normal; font-variation-settings: normal; font-stretch: normal; font-size: 7pt; line-height: normal; font-family: 'Times New Roman';\">\u00a0\u00a0\u00a0\u00a0\u00a0\u00a0\u00a0<\/span><\/span><span style=\"font-family: 'Arial','sans-serif'; mso-ansi-language: ES;\">Fotocopia Ultima Asamblea Autorice al Gerente o<br \/>Responsable a manejar la Cuenta<\/span><\/p><p class=\"MsoNormal\" style=\"text-align: justify;\">\u00a0<\/p><p class=\"MsoListParagraphCxSpLast\" style=\"margin-left: 54.0pt; mso-add-space: auto; text-align: justify; text-indent: -18.0pt; mso-list: l0 level1 lfo1;\"><!-- [if !supportLists]--><span style=\"font-family: Symbol; mso-fareast-font-family: Symbol; mso-bidi-font-family: Symbol; mso-ansi-language: ES;\">\u00b7<span style=\"font-variant-numeric: normal; font-variant-east-asian: normal; font-variant-alternates: normal; font-kerning: auto; font-optical-sizing: auto; font-feature-settings: normal; font-variation-settings: normal; font-stretch: normal; font-size: 7pt; line-height: normal; font-family: 'Times New Roman';\">\u00a0\u00a0\u00a0\u00a0\u00a0\u00a0\u00a0<\/span><\/span><span style=\"font-family: 'Arial','sans-serif'; mso-ansi-language: ES;\">Fotocopia C\u00e9dula Gerente de la Empresa u entidad<br \/>jur\u00eddica.<\/span><\/p><p class=\"MsoListParagraphCxSpLast\" style=\"margin-left: 54.0pt; mso-add-space: auto; text-align: justify; text-indent: -18.0pt; mso-list: l0 level1 lfo1;\"><span style=\"font-family: 'Arial','sans-serif'; mso-ansi-language: ES;\">\u00a0<\/span><\/p><p class=\"MsoListParagraphCxSpLast\" style=\"margin-left: 54.0pt; mso-add-space: auto; text-align: justify; text-indent: -18.0pt; mso-list: l0 level1 lfo1;\"><span style=\"font-family: 'Arial','sans-serif'; mso-ansi-language: ES;\">\u00a0<\/span><\/p>\t\t\t\t\t\t<\/div>\n\t\t\t\t<\/div>\n\t\t\t\t\t<\/div>\n\t\t<\/div>\n\t\t\t\t<div class=\"elementor-column elementor-col-50 elementor-top-column elementor-element elementor-element-397e0bdc\" data-id=\"397e0bdc\" data-element_type=\"column\">\n\t\t\t<div class=\"elementor-widget-wrap elementor-element-populated\">\n\t\t\t\t\t\t\t\t<div class=\"elementor-element elementor-element-19515cd6 elementor-widget elementor-widget-image\" data-id=\"19515cd6\" data-element_type=\"widget\" data-widget_type=\"image.default\">\n\t\t\t\t<div class=\"elementor-widget-container\">\n\t\t\t<style>\/*! elementor - v3.16.0 - 20-09-2023 *\/\n.elementor-widget-image{text-align:center}.elementor-widget-image a{display:inline-block}.elementor-widget-image a img[src$=\".svg\"]{width:48px}.elementor-widget-image img{vertical-align:middle;display:inline-block}<\/style>\t\t\t\t\t\t\t\t\t\t\t\t<img loading=\"lazy\" decoding=\"async\" width=\"622\" height=\"499\" src=\"https:\/\/coopempresa.com\/website\/wp-content\/uploads\/2022\/11\/Img-02.jpg\" class=\"attachment-full size-full wp-image-11658\" alt=\"\" srcset=\"https:\/\/coopempresa.com\/website\/wp-content\/uploads\/2022\/11\/Img-02.jpg 622w, https:\/\/coopempresa.com\/website\/wp-content\/uploads\/2022\/11\/Img-02-600x481.jpg 600w, https:\/\/coopempresa.com\/website\/wp-content\/uploads\/2022\/11\/Img-02-300x241.jpg 300w\" sizes=\"(max-width: 622px) 100vw, 622px\" \/>\t\t\t\t\t\t\t\t\t\t\t\t\t\t\t<\/div>\n\t\t\t\t<\/div>\n\t\t\t\t\t<\/div>\n\t\t<\/div>\n\t\t\t\t\t\t\t<\/div>\n\t\t<\/section>\n\t\t\t\t<section class=\"elementor-section elementor-top-section elementor-element elementor-element-5b95c9b8 elementor-section-boxed elementor-section-height-default elementor-section-height-default\" data-id=\"5b95c9b8\" data-element_type=\"section\">\n\t\t\t\t\t\t<div class=\"elementor-container elementor-column-gap-default\">\n\t\t\t\t\t<div class=\"elementor-column elementor-col-100 elementor-top-column elementor-element elementor-element-3db1d1c3\" data-id=\"3db1d1c3\" data-element_type=\"column\">\n\t\t\t<div class=\"elementor-widget-wrap\">\n\t\t\t\t\t\t\t\t\t<\/div>\n\t\t<\/div>\n\t\t\t\t\t\t\t<\/div>\n\t\t<\/section>\n\t\t\t\t<section class=\"elementor-section elementor-top-section elementor-element elementor-element-a636d86 elementor-section-boxed elementor-section-height-default elementor-section-height-default\" data-id=\"a636d86\" data-element_type=\"section\">\n\t\t\t\t\t\t<div class=\"elementor-container elementor-column-gap-default\">\n\t\t\t\t\t<div class=\"elementor-column elementor-col-50 elementor-top-column elementor-element elementor-element-72262b4d\" data-id=\"72262b4d\" data-element_type=\"column\">\n\t\t\t<div class=\"elementor-widget-wrap\">\n\t\t\t\t\t\t\t\t\t<\/div>\n\t\t<\/div>\n\t\t\t\t<div class=\"elementor-column elementor-col-50 elementor-top-column elementor-element elementor-element-6d52c635\" data-id=\"6d52c635\" data-element_type=\"column\">\n\t\t\t<div class=\"elementor-widget-wrap\">\n\t\t\t\t\t\t\t\t\t<\/div>\n\t\t<\/div>\n\t\t\t\t\t\t\t<\/div>\n\t\t<\/section>\n\t\t\t\t\t\t\t<\/div>\n\t\t","protected":false},"excerpt":{"rendered":"<p>Cuenta De Ahorro Empresarial CUENTA DE AHORRO EMPRESARIAL EN PESOS Todos nuestros socios\/as con personer\u00eda jur\u00eddica o empresarial podr\u00e1naperturar una cuenta de ahorro en pesos dominicanos o d\u00f3lares. Los fondosdisponibles podr\u00e1n ser retirados en cualquier momento por el GerenteAutorizado\u00a0 de la entidad jur\u00eddicaasociada. Monto de Apertura: Quinientos pesos dominicanos (RD$500.00) Balance M\u00ednimo: Quinientos pesos dominicanos&#8230;<\/p>\n","protected":false},"author":1,"featured_media":0,"parent":0,"menu_order":0,"comment_status":"closed","ping_status":"closed","template":"","meta":{"_tbt_post_transparent":"","_tbt_post_title":"hide","_tbt_post_layout":"fullwidth","_tbt_post_sidebar_id":"","_tbt_post_content_style":"unboxed","_tbt_post_vertical_padding":"hide","_tbt_post_feature":"hide","_tbt_post_feature_position":"","_tbt_post_header":false,"_tbt_post_footer":false,"footnotes":""},"_links":{"self":[{"href":"https:\/\/coopempresa.com\/website\/wp-json\/wp\/v2\/pages\/12126"}],"collection":[{"href":"https:\/\/coopempresa.com\/website\/wp-json\/wp\/v2\/pages"}],"about":[{"href":"https:\/\/coopempresa.com\/website\/wp-json\/wp\/v2\/types\/page"}],"author":[{"embeddable":true,"href":"https:\/\/coopempresa.com\/website\/wp-json\/wp\/v2\/users\/1"}],"replies":[{"embeddable":true,"href":"https:\/\/coopempresa.com\/website\/wp-json\/wp\/v2\/comments?post=12126"}],"version-history":[{"count":10,"href":"https:\/\/coopempresa.com\/website\/wp-json\/wp\/v2\/pages\/12126\/revisions"}],"predecessor-version":[{"id":12147,"href":"https:\/\/coopempresa.com\/website\/wp-json\/wp\/v2\/pages\/12126\/revisions\/12147"}],"wp:attachment":[{"href":"https:\/\/coopempresa.com\/website\/wp-json\/wp\/v2\/media?parent=12126"}],"curies":[{"name":"wp","href":"https:\/\/api.w.org\/{rel}","templated":true}]}}