{"id":12117,"date":"2023-07-18T00:39:20","date_gmt":"2023-07-18T00:39:20","guid":{"rendered":"https:\/\/coopempresa.com\/website\/?page_id=12117"},"modified":"2023-07-18T00:59:17","modified_gmt":"2023-07-18T00:59:17","slug":"cuenta-nomina","status":"publish","type":"page","link":"https:\/\/coopempresa.com\/website\/cuenta-nomina\/","title":{"rendered":"Cuenta Nomina"},"content":{"rendered":"\t\t<div data-elementor-type=\"wp-page\" data-elementor-id=\"12117\" class=\"elementor elementor-12117\">\n\t\t\t\t\t\t\t\t\t<section class=\"elementor-section elementor-top-section elementor-element elementor-element-30a83439 elementor-section-boxed elementor-section-height-default elementor-section-height-default\" data-id=\"30a83439\" data-element_type=\"section\">\n\t\t\t\t\t\t<div class=\"elementor-container elementor-column-gap-default\">\n\t\t\t\t\t<div class=\"elementor-column elementor-col-100 elementor-top-column elementor-element elementor-element-19fdc37d\" data-id=\"19fdc37d\" data-element_type=\"column\">\n\t\t\t<div class=\"elementor-widget-wrap\">\n\t\t\t\t\t\t\t\t\t<\/div>\n\t\t<\/div>\n\t\t\t\t\t\t\t<\/div>\n\t\t<\/section>\n\t\t\t\t<section class=\"elementor-section elementor-top-section elementor-element elementor-element-50ee2c1b elementor-section-boxed elementor-section-height-default elementor-section-height-default\" data-id=\"50ee2c1b\" data-element_type=\"section\">\n\t\t\t\t\t\t<div class=\"elementor-container elementor-column-gap-default\">\n\t\t\t\t\t<div class=\"elementor-column elementor-col-100 elementor-top-column elementor-element elementor-element-6594fc4c\" data-id=\"6594fc4c\" data-element_type=\"column\">\n\t\t\t<div class=\"elementor-widget-wrap elementor-element-populated\">\n\t\t\t\t\t\t\t\t<div class=\"elementor-element elementor-element-794dd22a elementor-widget elementor-widget-heading\" data-id=\"794dd22a\" data-element_type=\"widget\" data-widget_type=\"heading.default\">\n\t\t\t\t<div class=\"elementor-widget-container\">\n\t\t\t<style>\/*! elementor - v3.16.0 - 20-09-2023 *\/\n.elementor-heading-title{padding:0;margin:0;line-height:1}.elementor-widget-heading .elementor-heading-title[class*=elementor-size-]>a{color:inherit;font-size:inherit;line-height:inherit}.elementor-widget-heading .elementor-heading-title.elementor-size-small{font-size:15px}.elementor-widget-heading .elementor-heading-title.elementor-size-medium{font-size:19px}.elementor-widget-heading .elementor-heading-title.elementor-size-large{font-size:29px}.elementor-widget-heading .elementor-heading-title.elementor-size-xl{font-size:39px}.elementor-widget-heading .elementor-heading-title.elementor-size-xxl{font-size:59px}<\/style><h2 class=\"elementor-heading-title elementor-size-default\">Cuenta N\u00f3mina<\/h2>\t\t<\/div>\n\t\t\t\t<\/div>\n\t\t\t\t\t<\/div>\n\t\t<\/div>\n\t\t\t\t\t\t\t<\/div>\n\t\t<\/section>\n\t\t\t\t<section class=\"elementor-section elementor-top-section elementor-element elementor-element-41680d68 elementor-section-boxed elementor-section-height-default elementor-section-height-default\" data-id=\"41680d68\" data-element_type=\"section\">\n\t\t\t\t\t\t<div class=\"elementor-container elementor-column-gap-default\">\n\t\t\t\t\t<div class=\"elementor-column elementor-col-50 elementor-top-column elementor-element elementor-element-82728\" data-id=\"82728\" data-element_type=\"column\">\n\t\t\t<div class=\"elementor-widget-wrap elementor-element-populated\">\n\t\t\t\t\t\t\t\t<div class=\"elementor-element elementor-element-66810092 elementor-widget elementor-widget-text-editor\" data-id=\"66810092\" data-element_type=\"widget\" data-widget_type=\"text-editor.default\">\n\t\t\t\t<div class=\"elementor-widget-container\">\n\t\t\t<style>\/*! elementor - v3.16.0 - 20-09-2023 *\/\n.elementor-widget-text-editor.elementor-drop-cap-view-stacked .elementor-drop-cap{background-color:#69727d;color:#fff}.elementor-widget-text-editor.elementor-drop-cap-view-framed .elementor-drop-cap{color:#69727d;border:3px solid;background-color:transparent}.elementor-widget-text-editor:not(.elementor-drop-cap-view-default) .elementor-drop-cap{margin-top:8px}.elementor-widget-text-editor:not(.elementor-drop-cap-view-default) .elementor-drop-cap-letter{width:1em;height:1em}.elementor-widget-text-editor .elementor-drop-cap{float:left;text-align:center;line-height:1;font-size:50px}.elementor-widget-text-editor .elementor-drop-cap-letter{display:inline-block}<\/style>\t\t\t\t<p class=\"MsoNormal\" style=\"text-align: justify;\"><b><span style=\"font-size: 16.0pt; mso-bidi-font-size: 11.0pt; line-height: 115%; mso-ansi-language: ES;\">CUENTA N\u00d3MINA ELECTR\u00d3NICA<\/span><\/b><b><\/b><\/p>\n<p class=\"MsoNormal\" style=\"text-align: justify;\">Todos nuestros socios\/as <b>EMPRESARIALES<\/b> podr\u00e1n aperturar una cuenta de n\u00f3mina para sus empleados y colaboradores. Contar\u00e1n con un sistema online muy f\u00e1cil de administrar. Proveemos una plataforma en l\u00ednea a trav\u00e9s de n\u00f3mina electr\u00f3nica, provea una cuenta a cada empleado y transfiera f\u00e1cilmente a su personal. Se le dar\u00e1 facilidad de registrar todo el personal y adem\u00e1s se le brindar\u00e1 herramientas electr\u00f3nicas para el pago de su n\u00f3mina.<\/p>\n<p class=\"MsoNormal\" style=\"text-align: justify;\">La Cuenta N\u00f3mina es para uso exclusivamente de las Empresas y entidades jur\u00eddicas para el pago de su n\u00f3mina electr\u00f3nica.<\/p>\n<p class=\"MsoNormal\" style=\"text-align: justify;\"><b>Monto de Apertura:<\/b> Quinientos pesos dominicanos (RD$500.00).<\/p>\n<p class=\"MsoNormal\" style=\"text-align: justify;\"><b>Balance M\u00ednimo:<\/b> Quinientos pesos dominicanos (RD$500.00).<\/p>\n<p class=\"MsoNormal\" style=\"text-align: justify;\"><b>Mantenimiento:<\/b> Gratis. No hay cargos por transacciones, dep\u00f3sitos o transferencias internas. No hay impuestos a transacciones ni por los beneficios recibidos.<\/p>\n<p class=\"MsoNormal\" style=\"text-align: justify;\">\n<\/p><p class=\"MsoNormal\" style=\"text-align: justify;\"><b>Transferencias a Bancos:<\/b> Puede que existan cargos por transferencias externas al momento de retiros electr\u00f3nicos en Bancos de la Rep\u00fablica Dominicana o Wire Transfer Internacional.<\/p><p class=\"MsoNormal\" style=\"text-align: justify;\"><br><\/p><p class=\"MsoNormal\" style=\"text-align: justify;\"><br><\/p>\t\t\t\t\t\t<\/div>\n\t\t\t\t<\/div>\n\t\t\t\t\t<\/div>\n\t\t<\/div>\n\t\t\t\t<div class=\"elementor-column elementor-col-50 elementor-top-column elementor-element elementor-element-779d3a7b\" data-id=\"779d3a7b\" data-element_type=\"column\">\n\t\t\t<div class=\"elementor-widget-wrap elementor-element-populated\">\n\t\t\t\t\t\t\t\t<div class=\"elementor-element elementor-element-5251647b elementor-widget elementor-widget-image\" data-id=\"5251647b\" data-element_type=\"widget\" data-widget_type=\"image.default\">\n\t\t\t\t<div class=\"elementor-widget-container\">\n\t\t\t<style>\/*! elementor - v3.16.0 - 20-09-2023 *\/\n.elementor-widget-image{text-align:center}.elementor-widget-image a{display:inline-block}.elementor-widget-image a img[src$=\".svg\"]{width:48px}.elementor-widget-image img{vertical-align:middle;display:inline-block}<\/style>\t\t\t\t\t\t\t\t\t\t\t\t<img loading=\"lazy\" decoding=\"async\" width=\"1903\" height=\"1100\" src=\"https:\/\/coopempresa.com\/website\/wp-content\/uploads\/2021\/06\/blog-02.jpg\" class=\"attachment-full size-full wp-image-11520\" alt=\"\" srcset=\"https:\/\/coopempresa.com\/website\/wp-content\/uploads\/2021\/06\/blog-02.jpg 1903w, https:\/\/coopempresa.com\/website\/wp-content\/uploads\/2021\/06\/blog-02-600x347.jpg 600w, https:\/\/coopempresa.com\/website\/wp-content\/uploads\/2021\/06\/blog-02-300x173.jpg 300w, https:\/\/coopempresa.com\/website\/wp-content\/uploads\/2021\/06\/blog-02-1024x592.jpg 1024w, https:\/\/coopempresa.com\/website\/wp-content\/uploads\/2021\/06\/blog-02-768x444.jpg 768w, https:\/\/coopempresa.com\/website\/wp-content\/uploads\/2021\/06\/blog-02-1536x888.jpg 1536w\" sizes=\"(max-width: 1903px) 100vw, 1903px\" \/>\t\t\t\t\t\t\t\t\t\t\t\t\t\t\t<\/div>\n\t\t\t\t<\/div>\n\t\t\t\t\t<\/div>\n\t\t<\/div>\n\t\t\t\t\t\t\t<\/div>\n\t\t<\/section>\n\t\t\t\t<section class=\"elementor-section elementor-top-section elementor-element elementor-element-35c612a6 elementor-section-boxed elementor-section-height-default elementor-section-height-default\" data-id=\"35c612a6\" data-element_type=\"section\">\n\t\t\t\t\t\t<div class=\"elementor-container elementor-column-gap-default\">\n\t\t\t\t\t<div class=\"elementor-column elementor-col-100 elementor-top-column elementor-element elementor-element-1722e8d0\" data-id=\"1722e8d0\" data-element_type=\"column\">\n\t\t\t<div class=\"elementor-widget-wrap\">\n\t\t\t\t\t\t\t\t\t<\/div>\n\t\t<\/div>\n\t\t\t\t\t\t\t<\/div>\n\t\t<\/section>\n\t\t\t\t<section class=\"elementor-section elementor-top-section elementor-element elementor-element-4997a09b elementor-section-boxed elementor-section-height-default elementor-section-height-default\" data-id=\"4997a09b\" data-element_type=\"section\">\n\t\t\t\t\t\t<div class=\"elementor-container elementor-column-gap-default\">\n\t\t\t\t\t<div class=\"elementor-column elementor-col-50 elementor-top-column elementor-element elementor-element-1fa373c1\" data-id=\"1fa373c1\" data-element_type=\"column\">\n\t\t\t<div class=\"elementor-widget-wrap\">\n\t\t\t\t\t\t\t\t\t<\/div>\n\t\t<\/div>\n\t\t\t\t<div class=\"elementor-column elementor-col-50 elementor-top-column elementor-element elementor-element-e952c95\" data-id=\"e952c95\" data-element_type=\"column\">\n\t\t\t<div class=\"elementor-widget-wrap\">\n\t\t\t\t\t\t\t\t\t<\/div>\n\t\t<\/div>\n\t\t\t\t\t\t\t<\/div>\n\t\t<\/section>\n\t\t\t\t\t\t\t<\/div>\n\t\t","protected":false},"excerpt":{"rendered":"<p>Cuenta N\u00f3mina CUENTA N\u00d3MINA ELECTR\u00d3NICA Todos nuestros socios\/as EMPRESARIALES podr\u00e1n aperturar una cuenta de n\u00f3mina para sus empleados y colaboradores. Contar\u00e1n con un sistema online muy f\u00e1cil de administrar. Proveemos una plataforma en l\u00ednea a trav\u00e9s de n\u00f3mina electr\u00f3nica, provea una cuenta a cada empleado y transfiera f\u00e1cilmente a su personal. Se le dar\u00e1 facilidad&#8230;<\/p>\n","protected":false},"author":1,"featured_media":0,"parent":0,"menu_order":0,"comment_status":"closed","ping_status":"closed","template":"","meta":{"_tbt_post_transparent":"","_tbt_post_title":"hide","_tbt_post_layout":"fullwidth","_tbt_post_sidebar_id":"","_tbt_post_content_style":"unboxed","_tbt_post_vertical_padding":"hide","_tbt_post_feature":"hide","_tbt_post_feature_position":"","_tbt_post_header":false,"_tbt_post_footer":false,"footnotes":""},"_links":{"self":[{"href":"https:\/\/coopempresa.com\/website\/wp-json\/wp\/v2\/pages\/12117"}],"collection":[{"href":"https:\/\/coopempresa.com\/website\/wp-json\/wp\/v2\/pages"}],"about":[{"href":"https:\/\/coopempresa.com\/website\/wp-json\/wp\/v2\/types\/page"}],"author":[{"embeddable":true,"href":"https:\/\/coopempresa.com\/website\/wp-json\/wp\/v2\/users\/1"}],"replies":[{"embeddable":true,"href":"https:\/\/coopempresa.com\/website\/wp-json\/wp\/v2\/comments?post=12117"}],"version-history":[{"count":7,"href":"https:\/\/coopempresa.com\/website\/wp-json\/wp\/v2\/pages\/12117\/revisions"}],"predecessor-version":[{"id":12125,"href":"https:\/\/coopempresa.com\/website\/wp-json\/wp\/v2\/pages\/12117\/revisions\/12125"}],"wp:attachment":[{"href":"https:\/\/coopempresa.com\/website\/wp-json\/wp\/v2\/media?parent=12117"}],"curies":[{"name":"wp","href":"https:\/\/api.w.org\/{rel}","templated":true}]}}