{"id":12104,"date":"2023-07-17T03:59:21","date_gmt":"2023-07-17T03:59:21","guid":{"rendered":"https:\/\/coopempresa.com\/website\/?page_id=12104"},"modified":"2023-07-17T23:52:59","modified_gmt":"2023-07-17T23:52:59","slug":"certificado-de-inversion","status":"publish","type":"page","link":"https:\/\/coopempresa.com\/website\/certificado-de-inversion\/","title":{"rendered":"Certificado de Inversion"},"content":{"rendered":"\t\t<div data-elementor-type=\"wp-page\" data-elementor-id=\"12104\" class=\"elementor elementor-12104\">\n\t\t\t\t\t\t\t\t\t<section class=\"elementor-section elementor-top-section elementor-element elementor-element-22de7d4c elementor-section-boxed elementor-section-height-default elementor-section-height-default\" data-id=\"22de7d4c\" data-element_type=\"section\">\n\t\t\t\t\t\t<div class=\"elementor-container elementor-column-gap-default\">\n\t\t\t\t\t<div class=\"elementor-column elementor-col-100 elementor-top-column elementor-element elementor-element-7931eb59\" data-id=\"7931eb59\" data-element_type=\"column\">\n\t\t\t<div class=\"elementor-widget-wrap\">\n\t\t\t\t\t\t\t\t\t<\/div>\n\t\t<\/div>\n\t\t\t\t\t\t\t<\/div>\n\t\t<\/section>\n\t\t\t\t<section class=\"elementor-section elementor-top-section elementor-element elementor-element-5f16f1b0 elementor-section-boxed elementor-section-height-default elementor-section-height-default\" data-id=\"5f16f1b0\" data-element_type=\"section\">\n\t\t\t\t\t\t<div class=\"elementor-container elementor-column-gap-default\">\n\t\t\t\t\t<div class=\"elementor-column elementor-col-100 elementor-top-column elementor-element elementor-element-26716e63\" data-id=\"26716e63\" data-element_type=\"column\">\n\t\t\t<div class=\"elementor-widget-wrap elementor-element-populated\">\n\t\t\t\t\t\t\t\t<div class=\"elementor-element elementor-element-2c8d16be elementor-widget elementor-widget-heading\" data-id=\"2c8d16be\" data-element_type=\"widget\" data-widget_type=\"heading.default\">\n\t\t\t\t<div class=\"elementor-widget-container\">\n\t\t\t<style>\/*! elementor - v3.16.0 - 20-09-2023 *\/\n.elementor-heading-title{padding:0;margin:0;line-height:1}.elementor-widget-heading .elementor-heading-title[class*=elementor-size-]>a{color:inherit;font-size:inherit;line-height:inherit}.elementor-widget-heading .elementor-heading-title.elementor-size-small{font-size:15px}.elementor-widget-heading .elementor-heading-title.elementor-size-medium{font-size:19px}.elementor-widget-heading .elementor-heading-title.elementor-size-large{font-size:29px}.elementor-widget-heading .elementor-heading-title.elementor-size-xl{font-size:39px}.elementor-widget-heading .elementor-heading-title.elementor-size-xxl{font-size:59px}<\/style><h2 class=\"elementor-heading-title elementor-size-default\">Certificado de Inversi\u00f3n<\/h2>\t\t<\/div>\n\t\t\t\t<\/div>\n\t\t\t\t\t<\/div>\n\t\t<\/div>\n\t\t\t\t\t\t\t<\/div>\n\t\t<\/section>\n\t\t\t\t<section class=\"elementor-section elementor-top-section elementor-element elementor-element-5ae4e4d8 elementor-section-boxed elementor-section-height-default elementor-section-height-default\" data-id=\"5ae4e4d8\" data-element_type=\"section\">\n\t\t\t\t\t\t<div class=\"elementor-container elementor-column-gap-default\">\n\t\t\t\t\t<div class=\"elementor-column elementor-col-50 elementor-top-column elementor-element elementor-element-18e32a87\" data-id=\"18e32a87\" data-element_type=\"column\">\n\t\t\t<div class=\"elementor-widget-wrap elementor-element-populated\">\n\t\t\t\t\t\t\t\t<div class=\"elementor-element elementor-element-b710023 elementor-widget elementor-widget-text-editor\" data-id=\"b710023\" data-element_type=\"widget\" data-widget_type=\"text-editor.default\">\n\t\t\t\t<div class=\"elementor-widget-container\">\n\t\t\t<style>\/*! elementor - v3.16.0 - 20-09-2023 *\/\n.elementor-widget-text-editor.elementor-drop-cap-view-stacked .elementor-drop-cap{background-color:#69727d;color:#fff}.elementor-widget-text-editor.elementor-drop-cap-view-framed .elementor-drop-cap{color:#69727d;border:3px solid;background-color:transparent}.elementor-widget-text-editor:not(.elementor-drop-cap-view-default) .elementor-drop-cap{margin-top:8px}.elementor-widget-text-editor:not(.elementor-drop-cap-view-default) .elementor-drop-cap-letter{width:1em;height:1em}.elementor-widget-text-editor .elementor-drop-cap{float:left;text-align:center;line-height:1;font-size:50px}.elementor-widget-text-editor .elementor-drop-cap-letter{display:inline-block}<\/style>\t\t\t\t<p><b><span style=\"font-size: 16.0pt; mso-bidi-font-size: 11.0pt; line-height: 115%; mso-ansi-language: ES;\">CERTIFICADO DE INVERSION<\/span><\/b><\/p><p class=\"MsoNormal\" style=\"text-align: justify;\">Todos nuestros socios\/as podr\u00e1n \u00a0Aperturar un Certificado de Inversi\u00f3n a Plazo F\u00edjo, por un tiempo m\u00ednimo de doce (12) meses y un monto m\u00ednimo de Cincuenta mil pesos dominicanos (RD$50,000.00).<\/p><p class=\"MsoNormal\" style=\"text-align: justify;\"><b>T\u00c9RMINOS Y CONDICIONES DE LOS CERTIFICADOS DE INVERSI\u00d3N<\/b><\/p><p class=\"MsoListParagraphCxSpFirst\" style=\"text-align: justify; text-indent: -18.0pt; mso-list: l0 level1 lfo1;\"><!-- [if !supportLists]--><span lang=\"ES-DO\">1.<span style=\"font-variant-numeric: normal; font-variant-east-asian: normal; font-variant-alternates: normal; font-kerning: auto; font-optical-sizing: auto; font-feature-settings: normal; font-variation-settings: normal; font-stretch: normal; font-size: 7pt; line-height: normal; font-family: 'Times New Roman';\">\u00a0\u00a0\u00a0\u00a0\u00a0 <\/span><\/span><!--[endif]--><span lang=\"ES-DO\">Este Certificado de Inversi\u00f3n es v\u00e1lido por la suma depositada se\u00f1alada en el adverso, cuyo tipo de inter\u00e9s podr\u00e1 ser modificado peri\u00f3dicamente por la Cooperativa tomando en consideraci\u00f3n el costo real del dinero, la tasa de inflaci\u00f3n y las disposiciones que emitan las autoridades monetarias.<\/span><\/p><p class=\"MsoListParagraphCxSpMiddle\" style=\"text-align: justify; text-indent: -18.0pt; mso-list: l0 level1 lfo1;\"><!-- [if !supportLists]--><span lang=\"ES-DO\">2.<span style=\"font-variant-numeric: normal; font-variant-east-asian: normal; font-variant-alternates: normal; font-kerning: auto; font-optical-sizing: auto; font-feature-settings: normal; font-variation-settings: normal; font-stretch: normal; font-size: 7pt; line-height: normal; font-family: 'Times New Roman';\">\u00a0\u00a0\u00a0\u00a0\u00a0 <\/span><\/span><!--[endif]--><span lang=\"ES-DO\">Este Certificado no podr\u00e1 ser retirado total o parcialmente por el depositante sino al vencimiento del plazo acordado e indicado. El cu\u00e1l nunca ser\u00e1 menor a tres (03) meses.<\/span><\/p><p class=\"MsoListParagraphCxSpMiddle\" style=\"text-align: justify; text-indent: -18.0pt; mso-list: l0 level1 lfo1;\"><!-- [if !supportLists]--><span lang=\"ES-DO\">3.<span style=\"font-variant-numeric: normal; font-variant-east-asian: normal; font-variant-alternates: normal; font-kerning: auto; font-optical-sizing: auto; font-feature-settings: normal; font-variation-settings: normal; font-stretch: normal; font-size: 7pt; line-height: normal; font-family: 'Times New Roman';\">\u00a0\u00a0\u00a0\u00a0\u00a0 <\/span><\/span><!--[endif]--><span lang=\"ES-DO\">Si el depositante solicita la cancelaci\u00f3n de su Certificado antes de la fecha del vencimiento no podr\u00e1 reclamar los beneficios o intereses a ser generados. Para poder recibir los beneficios deber\u00e1 esperar el t\u00e9rmino de 12 meses como m\u00ednimo.<\/span><\/p><p class=\"MsoListParagraphCxSpMiddle\" style=\"text-align: justify; text-indent: -18.0pt; mso-list: l0 level1 lfo1;\"><!-- [if !supportLists]--><span lang=\"ES-DO\">4.<span style=\"font-variant-numeric: normal; font-variant-east-asian: normal; font-variant-alternates: normal; font-kerning: auto; font-optical-sizing: auto; font-feature-settings: normal; font-variation-settings: normal; font-stretch: normal; font-size: 7pt; line-height: normal; font-family: 'Times New Roman';\">\u00a0\u00a0\u00a0\u00a0\u00a0 <\/span><\/span><!--[endif]--><span lang=\"ES-DO\">Este Certificado podr\u00e1 ser renovado autom\u00e1ticamente, bajo las condiciones que prevalezcan en la Cooperativa para este tipo de inversiones, si el depositante no manifiesta por escrito con treinta (30) d\u00edas de anticipaci\u00f3n a su vencimiento, su intenci\u00f3n de retirar la suma depositada.<\/span><\/p><p class=\"MsoListParagraphCxSpMiddle\" style=\"text-align: justify; text-indent: -18.0pt; mso-list: l0 level1 lfo1;\"><!-- [if !supportLists]--><span lang=\"ES-DO\">5.<span style=\"font-variant-numeric: normal; font-variant-east-asian: normal; font-variant-alternates: normal; font-kerning: auto; font-optical-sizing: auto; font-feature-settings: normal; font-variation-settings: normal; font-stretch: normal; font-size: 7pt; line-height: normal; font-family: 'Times New Roman';\">\u00a0\u00a0\u00a0\u00a0\u00a0 <\/span><\/span><!--[endif]--><span lang=\"ES-DO\">La Cooperativa con solo avisar por escrito al Depositante puede poner fin a la vigencia del Certificado De Inversi\u00f3n, en cualquier momento, aun antes del vencimiento del t\u00e9rmino, aun que el depositante haya comunicado su deseo de mantener vigente el mismo. Quedando dichas sumas del Certificado a disposici\u00f3n del depositante.<\/span><\/p><p class=\"MsoListParagraphCxSpMiddle\" style=\"text-align: justify; text-indent: -18.0pt; mso-list: l0 level1 lfo1;\"><!-- [if !supportLists]--><span lang=\"ES-DO\">6.<span style=\"font-variant-numeric: normal; font-variant-east-asian: normal; font-variant-alternates: normal; font-kerning: auto; font-optical-sizing: auto; font-feature-settings: normal; font-variation-settings: normal; font-stretch: normal; font-size: 7pt; line-height: normal; font-family: 'Times New Roman';\">\u00a0\u00a0\u00a0\u00a0\u00a0 <\/span><\/span><!--[endif]--><span lang=\"ES-DO\">La Cooperativa podr\u00e1 prestar al depositante hasta el ochenta por ciento (80%) del valor del Certificado de Inversi\u00f3n, sin perjuicio de la rentabilidad m\u00ednima que debe percibir la Cooperativa. Este pr\u00e9stamo no podr\u00e1 concederse si el Depositante no entrega el Original del Certificado. En caso de que el pr\u00e9stamo concedido bajo esa modalidad se atrasare el pago en tres (03) cuotas consecutivas. La Cooperativa podr\u00e1 autom\u00e1ticamente cancelar el Certificado y proceder a realizar el cobro del total adeudado.<\/span><\/p><p class=\"MsoListParagraphCxSpMiddle\" style=\"text-align: justify; text-indent: -18.0pt; mso-list: l0 level1 lfo1;\"><!-- [if !supportLists]--><span lang=\"ES-DO\">7.<span style=\"font-variant-numeric: normal; font-variant-east-asian: normal; font-variant-alternates: normal; font-kerning: auto; font-optical-sizing: auto; font-feature-settings: normal; font-variation-settings: normal; font-stretch: normal; font-size: 7pt; line-height: normal; font-family: 'Times New Roman';\">\u00a0\u00a0\u00a0\u00a0\u00a0 <\/span><\/span><!--[endif]--><span lang=\"ES-DO\">Las sumas en Certificados no son transferibles.<\/span><\/p><p class=\"MsoListParagraphCxSpLast\" style=\"text-align: justify; text-indent: -18.0pt; mso-list: l0 level1 lfo1;\"><!-- [if !supportLists]--><span lang=\"ES-DO\">8.<span style=\"font-variant-numeric: normal; font-variant-east-asian: normal; font-variant-alternates: normal; font-kerning: auto; font-optical-sizing: auto; font-feature-settings: normal; font-variation-settings: normal; font-stretch: normal; font-size: 7pt; line-height: normal; font-family: 'Times New Roman';\">\u00a0\u00a0\u00a0\u00a0\u00a0 <\/span><\/span><!--[endif]--><span lang=\"ES-DO\">En caso de fallecimiento del titular del Certificado, la Cooperativa proceder\u00e1 a inactivar la cuenta donde se acrediten los intereses, as\u00ed mismo bloquear\u00e1 el Certificado hasta la presentaci\u00f3n de los documentos legales que acreditan a sus herederos.<\/span><\/p><p class=\"MsoNormal\" style=\"text-align: justify;\"><b><span style=\"font-size: 16.0pt; mso-bidi-font-size: 11.0pt; line-height: 115%; font-family: 'Arial','sans-serif'; mso-fareast-font-family: Calibri; mso-fareast-theme-font: minor-latin; mso-ansi-language: ES; mso-fareast-language: EN-US; mso-bidi-language: AR-SA;\">\u00a0<\/span><\/b><\/p><p class=\"MsoNormal\"><b><span style=\"font-size: 16.0pt; mso-bidi-font-size: 11.0pt; line-height: 115%; font-family: 'Arial','sans-serif'; mso-ansi-language: ES;\">\u00a0<\/span><\/b><\/p>\t\t\t\t\t\t<\/div>\n\t\t\t\t<\/div>\n\t\t\t\t\t<\/div>\n\t\t<\/div>\n\t\t\t\t<div class=\"elementor-column elementor-col-50 elementor-top-column elementor-element elementor-element-713546c4\" data-id=\"713546c4\" data-element_type=\"column\">\n\t\t\t<div class=\"elementor-widget-wrap elementor-element-populated\">\n\t\t\t\t\t\t\t\t<div class=\"elementor-element elementor-element-55aa4e5 elementor-widget elementor-widget-image\" data-id=\"55aa4e5\" data-element_type=\"widget\" data-widget_type=\"image.default\">\n\t\t\t\t<div class=\"elementor-widget-container\">\n\t\t\t<style>\/*! elementor - v3.16.0 - 20-09-2023 *\/\n.elementor-widget-image{text-align:center}.elementor-widget-image a{display:inline-block}.elementor-widget-image a img[src$=\".svg\"]{width:48px}.elementor-widget-image img{vertical-align:middle;display:inline-block}<\/style>\t\t\t\t\t\t\t\t\t\t\t\t<img loading=\"lazy\" decoding=\"async\" width=\"800\" height=\"469\" src=\"https:\/\/coopempresa.com\/website\/wp-content\/uploads\/2023\/07\/Certificado_Inversion.jpeg\" class=\"attachment-full size-full wp-image-12097\" alt=\"\" srcset=\"https:\/\/coopempresa.com\/website\/wp-content\/uploads\/2023\/07\/Certificado_Inversion.jpeg 800w, https:\/\/coopempresa.com\/website\/wp-content\/uploads\/2023\/07\/Certificado_Inversion-300x176.jpeg 300w, https:\/\/coopempresa.com\/website\/wp-content\/uploads\/2023\/07\/Certificado_Inversion-768x450.jpeg 768w, https:\/\/coopempresa.com\/website\/wp-content\/uploads\/2023\/07\/Certificado_Inversion-600x352.jpeg 600w\" sizes=\"(max-width: 800px) 100vw, 800px\" \/>\t\t\t\t\t\t\t\t\t\t\t\t\t\t\t<\/div>\n\t\t\t\t<\/div>\n\t\t\t\t\t<\/div>\n\t\t<\/div>\n\t\t\t\t\t\t\t<\/div>\n\t\t<\/section>\n\t\t\t\t<section class=\"elementor-section elementor-top-section elementor-element elementor-element-64f1b6e3 elementor-section-boxed elementor-section-height-default elementor-section-height-default\" data-id=\"64f1b6e3\" data-element_type=\"section\">\n\t\t\t\t\t\t<div class=\"elementor-container elementor-column-gap-default\">\n\t\t\t\t\t<div class=\"elementor-column elementor-col-100 elementor-top-column elementor-element elementor-element-217021\" data-id=\"217021\" data-element_type=\"column\">\n\t\t\t<div class=\"elementor-widget-wrap\">\n\t\t\t\t\t\t\t\t\t<\/div>\n\t\t<\/div>\n\t\t\t\t\t\t\t<\/div>\n\t\t<\/section>\n\t\t\t\t<section class=\"elementor-section elementor-top-section elementor-element elementor-element-5c8d19d7 elementor-section-boxed elementor-section-height-default elementor-section-height-default\" data-id=\"5c8d19d7\" data-element_type=\"section\">\n\t\t\t\t\t\t<div class=\"elementor-container elementor-column-gap-default\">\n\t\t\t\t\t<div class=\"elementor-column elementor-col-50 elementor-top-column elementor-element elementor-element-5abcb93\" data-id=\"5abcb93\" data-element_type=\"column\">\n\t\t\t<div class=\"elementor-widget-wrap\">\n\t\t\t\t\t\t\t\t\t<\/div>\n\t\t<\/div>\n\t\t\t\t<div class=\"elementor-column elementor-col-50 elementor-top-column elementor-element elementor-element-6ad367a1\" data-id=\"6ad367a1\" data-element_type=\"column\">\n\t\t\t<div class=\"elementor-widget-wrap\">\n\t\t\t\t\t\t\t\t\t<\/div>\n\t\t<\/div>\n\t\t\t\t\t\t\t<\/div>\n\t\t<\/section>\n\t\t\t\t\t\t\t<\/div>\n\t\t","protected":false},"excerpt":{"rendered":"<p>Certificado de Inversi\u00f3n CERTIFICADO DE INVERSION Todos nuestros socios\/as podr\u00e1n \u00a0Aperturar un Certificado de Inversi\u00f3n a Plazo F\u00edjo, por un tiempo m\u00ednimo de doce (12) meses y un monto m\u00ednimo de Cincuenta mil pesos dominicanos (RD$50,000.00). T\u00c9RMINOS Y CONDICIONES DE LOS CERTIFICADOS DE INVERSI\u00d3N 1.\u00a0\u00a0\u00a0\u00a0\u00a0 Este Certificado de Inversi\u00f3n es v\u00e1lido por la suma depositada&#8230;<\/p>\n","protected":false},"author":1,"featured_media":0,"parent":0,"menu_order":0,"comment_status":"closed","ping_status":"closed","template":"","meta":{"_tbt_post_transparent":"","_tbt_post_title":"hide","_tbt_post_layout":"fullwidth","_tbt_post_sidebar_id":"","_tbt_post_content_style":"unboxed","_tbt_post_vertical_padding":"hide","_tbt_post_feature":"hide","_tbt_post_feature_position":"","_tbt_post_header":false,"_tbt_post_footer":false,"footnotes":""},"_links":{"self":[{"href":"https:\/\/coopempresa.com\/website\/wp-json\/wp\/v2\/pages\/12104"}],"collection":[{"href":"https:\/\/coopempresa.com\/website\/wp-json\/wp\/v2\/pages"}],"about":[{"href":"https:\/\/coopempresa.com\/website\/wp-json\/wp\/v2\/types\/page"}],"author":[{"embeddable":true,"href":"https:\/\/coopempresa.com\/website\/wp-json\/wp\/v2\/users\/1"}],"replies":[{"embeddable":true,"href":"https:\/\/coopempresa.com\/website\/wp-json\/wp\/v2\/comments?post=12104"}],"version-history":[{"count":10,"href":"https:\/\/coopempresa.com\/website\/wp-json\/wp\/v2\/pages\/12104\/revisions"}],"predecessor-version":[{"id":12116,"href":"https:\/\/coopempresa.com\/website\/wp-json\/wp\/v2\/pages\/12104\/revisions\/12116"}],"wp:attachment":[{"href":"https:\/\/coopempresa.com\/website\/wp-json\/wp\/v2\/media?parent=12104"}],"curies":[{"name":"wp","href":"https:\/\/api.w.org\/{rel}","templated":true}]}}