{"id":12094,"date":"2023-07-17T03:48:35","date_gmt":"2023-07-17T03:48:35","guid":{"rendered":"https:\/\/coopempresa.com\/website\/?page_id=12094"},"modified":"2023-07-17T03:57:17","modified_gmt":"2023-07-17T03:57:17","slug":"certificado-de-aportacion","status":"publish","type":"page","link":"https:\/\/coopempresa.com\/website\/certificado-de-aportacion\/","title":{"rendered":"Certificado de Aportacion"},"content":{"rendered":"\t\t<div data-elementor-type=\"wp-page\" data-elementor-id=\"12094\" class=\"elementor elementor-12094\">\n\t\t\t\t\t\t\t\t\t<section class=\"elementor-section elementor-top-section elementor-element elementor-element-63bbd8fb elementor-section-boxed elementor-section-height-default elementor-section-height-default\" data-id=\"63bbd8fb\" data-element_type=\"section\">\n\t\t\t\t\t\t<div class=\"elementor-container elementor-column-gap-default\">\n\t\t\t\t\t<div class=\"elementor-column elementor-col-100 elementor-top-column elementor-element elementor-element-27572579\" data-id=\"27572579\" data-element_type=\"column\">\n\t\t\t<div class=\"elementor-widget-wrap\">\n\t\t\t\t\t\t\t\t\t<\/div>\n\t\t<\/div>\n\t\t\t\t\t\t\t<\/div>\n\t\t<\/section>\n\t\t\t\t<section class=\"elementor-section elementor-top-section elementor-element elementor-element-534e1c9a elementor-section-boxed elementor-section-height-default elementor-section-height-default\" data-id=\"534e1c9a\" data-element_type=\"section\">\n\t\t\t\t\t\t<div class=\"elementor-container elementor-column-gap-default\">\n\t\t\t\t\t<div class=\"elementor-column elementor-col-100 elementor-top-column elementor-element elementor-element-3668b5aa\" data-id=\"3668b5aa\" data-element_type=\"column\">\n\t\t\t<div class=\"elementor-widget-wrap elementor-element-populated\">\n\t\t\t\t\t\t\t\t<div class=\"elementor-element elementor-element-3486f936 elementor-widget elementor-widget-heading\" data-id=\"3486f936\" data-element_type=\"widget\" data-widget_type=\"heading.default\">\n\t\t\t\t<div class=\"elementor-widget-container\">\n\t\t\t<style>\/*! elementor - v3.16.0 - 20-09-2023 *\/\n.elementor-heading-title{padding:0;margin:0;line-height:1}.elementor-widget-heading .elementor-heading-title[class*=elementor-size-]>a{color:inherit;font-size:inherit;line-height:inherit}.elementor-widget-heading .elementor-heading-title.elementor-size-small{font-size:15px}.elementor-widget-heading .elementor-heading-title.elementor-size-medium{font-size:19px}.elementor-widget-heading .elementor-heading-title.elementor-size-large{font-size:29px}.elementor-widget-heading .elementor-heading-title.elementor-size-xl{font-size:39px}.elementor-widget-heading .elementor-heading-title.elementor-size-xxl{font-size:59px}<\/style><h2 class=\"elementor-heading-title elementor-size-default\">Certificado de Aportaci\u00f3n<\/h2>\t\t<\/div>\n\t\t\t\t<\/div>\n\t\t\t\t\t<\/div>\n\t\t<\/div>\n\t\t\t\t\t\t\t<\/div>\n\t\t<\/section>\n\t\t\t\t<section class=\"elementor-section elementor-top-section elementor-element elementor-element-6e529b33 elementor-section-boxed elementor-section-height-default elementor-section-height-default\" data-id=\"6e529b33\" data-element_type=\"section\">\n\t\t\t\t\t\t<div class=\"elementor-container elementor-column-gap-default\">\n\t\t\t\t\t<div class=\"elementor-column elementor-col-50 elementor-top-column elementor-element elementor-element-1516ef81\" data-id=\"1516ef81\" data-element_type=\"column\">\n\t\t\t<div class=\"elementor-widget-wrap elementor-element-populated\">\n\t\t\t\t\t\t\t\t<div class=\"elementor-element elementor-element-77a1640f elementor-widget elementor-widget-text-editor\" data-id=\"77a1640f\" data-element_type=\"widget\" data-widget_type=\"text-editor.default\">\n\t\t\t\t<div class=\"elementor-widget-container\">\n\t\t\t<style>\/*! elementor - v3.16.0 - 20-09-2023 *\/\n.elementor-widget-text-editor.elementor-drop-cap-view-stacked .elementor-drop-cap{background-color:#69727d;color:#fff}.elementor-widget-text-editor.elementor-drop-cap-view-framed .elementor-drop-cap{color:#69727d;border:3px solid;background-color:transparent}.elementor-widget-text-editor:not(.elementor-drop-cap-view-default) .elementor-drop-cap{margin-top:8px}.elementor-widget-text-editor:not(.elementor-drop-cap-view-default) .elementor-drop-cap-letter{width:1em;height:1em}.elementor-widget-text-editor .elementor-drop-cap{float:left;text-align:center;line-height:1;font-size:50px}.elementor-widget-text-editor .elementor-drop-cap-letter{display:inline-block}<\/style>\t\t\t\t<p style=\"text-align: justify;\">Todos nuestros socios\/as deber\u00e1n obligatoriamente Aperturar un <b>Certificado de Aportaci\u00f3n<\/b>\u00a0que equivale a una cuota de mil pesos dominicanos (RD$1,000.00) como m\u00ednimo. El Certificado no podr\u00e1 ser retirado hasta tanto el socio\/a se retire definitivamente de la Cooperativa.<\/p><p style=\"text-align: justify;\"><b style=\"background-color: transparent; color: var(--global-palette4); font-family: var(--global-body-font-family); letter-spacing: 0.4px;\">T\u00c9RMINOS Y CONDICIONES DE LOS CERTIFICADOS DE APORTACIONES<\/b><\/p><p style=\"text-align: justify; text-indent: -18.0pt; mso-list: l0 level1 lfo1;\"><!-- [if !supportLists]--><span lang=\"ES-DO\">1.<span style=\"font-variant-numeric: normal; font-variant-east-asian: normal; font-variant-alternates: normal; font-kerning: auto; font-optical-sizing: auto; font-feature-settings: normal; font-variation-settings: normal; font-stretch: normal; font-size: 7pt; line-height: normal; font-family: 'Times New Roman';\">\u00a0\u00a0\u00a0\u00a0\u00a0 <\/span><\/span><!--[endif]--><span lang=\"ES-DO\">Este Certificado de Aportaci\u00f3n es v\u00e1lido por la suma depositada se\u00f1alada en el adverso, cuyo tipo de inter\u00e9s podr\u00e1 ser modificado peri\u00f3dicamente por la Cooperativa tomando en consideraci\u00f3n el costo real del dinero, la tasa de inflaci\u00f3n y las disposiciones que emitan las autoridades monetarias.<\/span><\/p><p style=\"text-align: justify; text-indent: -18.0pt; mso-list: l0 level1 lfo1;\"><!-- [if !supportLists]--><span lang=\"ES-DO\">2.<span style=\"font-variant-numeric: normal; font-variant-east-asian: normal; font-variant-alternates: normal; font-kerning: auto; font-optical-sizing: auto; font-feature-settings: normal; font-variation-settings: normal; font-stretch: normal; font-size: 7pt; line-height: normal; font-family: 'Times New Roman';\">\u00a0\u00a0\u00a0\u00a0\u00a0 <\/span><\/span><!--[endif]--><span lang=\"ES-DO\">Este Certificado no podr\u00e1 ser retirado total o parcialmente por el depositante sino hasta que el Socio\/a solicite su retiro y salida de la Cooperativa.<\/span><\/p><p style=\"text-align: justify; text-indent: -18.0pt; mso-list: l0 level1 lfo1;\"><!-- [if !supportLists]--><span lang=\"ES-DO\">3.<span style=\"font-variant-numeric: normal; font-variant-east-asian: normal; font-variant-alternates: normal; font-kerning: auto; font-optical-sizing: auto; font-feature-settings: normal; font-variation-settings: normal; font-stretch: normal; font-size: 7pt; line-height: normal; font-family: 'Times New Roman';\">\u00a0\u00a0\u00a0\u00a0\u00a0 <\/span><\/span><!--[endif]--><span lang=\"ES-DO\">Este Certificado es renovado autom\u00e1ticamente, bajo las condiciones que prevalezcan en la Cooperativa para este tipo de inversiones, si el depositante no manifiesta por escrito con treinta (30) d\u00edas de anticipaci\u00f3n su retiro definitivo de la Cooperativa. <\/span><\/p><p style=\"text-align: justify; text-indent: -18.0pt; mso-list: l0 level1 lfo1;\"><!-- [if !supportLists]--><span lang=\"ES-DO\">4.<span style=\"font-variant-numeric: normal; font-variant-east-asian: normal; font-variant-alternates: normal; font-kerning: auto; font-optical-sizing: auto; font-feature-settings: normal; font-variation-settings: normal; font-stretch: normal; font-size: 7pt; line-height: normal; font-family: 'Times New Roman';\">\u00a0\u00a0\u00a0\u00a0\u00a0 <\/span><\/span><!--[endif]--><span lang=\"ES-DO\">La Cooperativa con solo avisar por escrito al Depositante puede poner fin a la vigencia del Certificado De Aportaci\u00f3n, en cualquier momento, aun antes del vencimiento del t\u00e9rmino, aun que el depositante haya comunicado su deseo de mantener vigente el mismo. Quedando dichas sumas del Certificado a disposici\u00f3n del depositante.<\/span><\/p><p style=\"text-align: justify; text-indent: -18.0pt; mso-list: l0 level1 lfo1;\"><!-- [if !supportLists]--><span lang=\"ES-DO\">5.<span style=\"font-variant-numeric: normal; font-variant-east-asian: normal; font-variant-alternates: normal; font-kerning: auto; font-optical-sizing: auto; font-feature-settings: normal; font-variation-settings: normal; font-stretch: normal; font-size: 7pt; line-height: normal; font-family: 'Times New Roman';\">\u00a0\u00a0\u00a0\u00a0\u00a0 <\/span><\/span><!--[endif]--><span lang=\"ES-DO\">La Cooperativa podr\u00e1 prestar al depositante hasta el ochenta por ciento (80%) del valor del Certificado de Aportaci\u00f3n, sin perjuicio de la rentabilidad m\u00ednima que debe percibir la Cooperativa. Este pr\u00e9stamo no podr\u00e1 concederse si el Depositante no entrega el Original del Certificado. En caso de que el pr\u00e9stamo concedido bajo esa modalidad se atrasare el pago en tres (03) cuotas consecutivas. La Cooperativa podr\u00e1 autom\u00e1ticamente cancelar el Certificado y proceder a realizar el cobro del total adeudado.<\/span><\/p><p style=\"text-align: justify; text-indent: -18.0pt; mso-list: l0 level1 lfo1;\"><!-- [if !supportLists]--><span lang=\"ES-DO\">6.<span style=\"font-variant-numeric: normal; font-variant-east-asian: normal; font-variant-alternates: normal; font-kerning: auto; font-optical-sizing: auto; font-feature-settings: normal; font-variation-settings: normal; font-stretch: normal; font-size: 7pt; line-height: normal; font-family: 'Times New Roman';\">\u00a0\u00a0\u00a0\u00a0\u00a0 <\/span><\/span><!--[endif]--><span lang=\"ES-DO\">Las sumas en Certificados no son transferibles.<\/span><\/p><p style=\"text-align: justify; text-indent: -18.0pt; mso-list: l0 level1 lfo1;\"><!-- [if !supportLists]--><span lang=\"ES-DO\">7.<span style=\"font-variant-numeric: normal; font-variant-east-asian: normal; font-variant-alternates: normal; font-kerning: auto; font-optical-sizing: auto; font-feature-settings: normal; font-variation-settings: normal; font-stretch: normal; font-size: 7pt; line-height: normal; font-family: 'Times New Roman';\">\u00a0\u00a0\u00a0\u00a0\u00a0 <\/span><\/span><!--[endif]--><span lang=\"ES-DO\">En caso de fallecimiento del titular del Certificado, la Cooperativa proceder\u00e1 a bloquear el Certificado hasta la presentaci\u00f3n de los documentos legales que acreditan a sus herederos.<\/span><\/p><p style=\"text-align: justify; text-indent: -18.0pt; mso-list: l0 level1 lfo1;\"><span lang=\"ES-DO\">\u00a0<\/span><\/p><p style=\"text-align: justify; text-indent: -18.0pt; mso-list: l0 level1 lfo1;\"><span lang=\"ES-DO\">\u00a0<\/span><\/p>\t\t\t\t\t\t<\/div>\n\t\t\t\t<\/div>\n\t\t\t\t\t<\/div>\n\t\t<\/div>\n\t\t\t\t<div class=\"elementor-column elementor-col-50 elementor-top-column elementor-element elementor-element-4286b1fd\" data-id=\"4286b1fd\" data-element_type=\"column\">\n\t\t\t<div class=\"elementor-widget-wrap elementor-element-populated\">\n\t\t\t\t\t\t\t\t<div class=\"elementor-element elementor-element-72d15919 elementor-widget elementor-widget-image\" data-id=\"72d15919\" data-element_type=\"widget\" data-widget_type=\"image.default\">\n\t\t\t\t<div class=\"elementor-widget-container\">\n\t\t\t<style>\/*! elementor - v3.16.0 - 20-09-2023 *\/\n.elementor-widget-image{text-align:center}.elementor-widget-image a{display:inline-block}.elementor-widget-image a img[src$=\".svg\"]{width:48px}.elementor-widget-image img{vertical-align:middle;display:inline-block}<\/style>\t\t\t\t\t\t\t\t\t\t\t\t<img loading=\"lazy\" decoding=\"async\" width=\"1068\" height=\"600\" src=\"https:\/\/coopempresa.com\/website\/wp-content\/uploads\/2023\/07\/Certificado_Aportacion.png\" class=\"attachment-full size-full wp-image-12098\" alt=\"\" srcset=\"https:\/\/coopempresa.com\/website\/wp-content\/uploads\/2023\/07\/Certificado_Aportacion.png 1068w, https:\/\/coopempresa.com\/website\/wp-content\/uploads\/2023\/07\/Certificado_Aportacion-300x169.png 300w, https:\/\/coopempresa.com\/website\/wp-content\/uploads\/2023\/07\/Certificado_Aportacion-1024x575.png 1024w, https:\/\/coopempresa.com\/website\/wp-content\/uploads\/2023\/07\/Certificado_Aportacion-768x431.png 768w, https:\/\/coopempresa.com\/website\/wp-content\/uploads\/2023\/07\/Certificado_Aportacion-600x337.png 600w\" sizes=\"(max-width: 1068px) 100vw, 1068px\" \/>\t\t\t\t\t\t\t\t\t\t\t\t\t\t\t<\/div>\n\t\t\t\t<\/div>\n\t\t\t\t\t<\/div>\n\t\t<\/div>\n\t\t\t\t\t\t\t<\/div>\n\t\t<\/section>\n\t\t\t\t<section class=\"elementor-section elementor-top-section elementor-element elementor-element-6599f89e elementor-section-boxed elementor-section-height-default elementor-section-height-default\" data-id=\"6599f89e\" data-element_type=\"section\">\n\t\t\t\t\t\t<div class=\"elementor-container elementor-column-gap-default\">\n\t\t\t\t\t<div class=\"elementor-column elementor-col-100 elementor-top-column elementor-element elementor-element-385f0ef9\" data-id=\"385f0ef9\" data-element_type=\"column\">\n\t\t\t<div class=\"elementor-widget-wrap\">\n\t\t\t\t\t\t\t\t\t<\/div>\n\t\t<\/div>\n\t\t\t\t\t\t\t<\/div>\n\t\t<\/section>\n\t\t\t\t<section class=\"elementor-section elementor-top-section elementor-element elementor-element-b23f26 elementor-section-boxed elementor-section-height-default elementor-section-height-default\" data-id=\"b23f26\" data-element_type=\"section\">\n\t\t\t\t\t\t<div class=\"elementor-container elementor-column-gap-default\">\n\t\t\t\t\t<div class=\"elementor-column elementor-col-50 elementor-top-column elementor-element elementor-element-b4ad605\" data-id=\"b4ad605\" data-element_type=\"column\">\n\t\t\t<div class=\"elementor-widget-wrap\">\n\t\t\t\t\t\t\t\t\t<\/div>\n\t\t<\/div>\n\t\t\t\t<div class=\"elementor-column elementor-col-50 elementor-top-column elementor-element elementor-element-e8da924\" data-id=\"e8da924\" data-element_type=\"column\">\n\t\t\t<div class=\"elementor-widget-wrap\">\n\t\t\t\t\t\t\t\t\t<\/div>\n\t\t<\/div>\n\t\t\t\t\t\t\t<\/div>\n\t\t<\/section>\n\t\t\t\t\t\t\t<\/div>\n\t\t","protected":false},"excerpt":{"rendered":"<p>Certificado de Aportaci\u00f3n Todos nuestros socios\/as deber\u00e1n obligatoriamente Aperturar un Certificado de Aportaci\u00f3n\u00a0que equivale a una cuota de mil pesos dominicanos (RD$1,000.00) como m\u00ednimo. El Certificado no podr\u00e1 ser retirado hasta tanto el socio\/a se retire definitivamente de la Cooperativa. T\u00c9RMINOS Y CONDICIONES DE LOS CERTIFICADOS DE APORTACIONES 1.\u00a0\u00a0\u00a0\u00a0\u00a0 Este Certificado de Aportaci\u00f3n es v\u00e1lido&#8230;<\/p>\n","protected":false},"author":1,"featured_media":0,"parent":0,"menu_order":0,"comment_status":"closed","ping_status":"closed","template":"","meta":{"_tbt_post_transparent":"","_tbt_post_title":"hide","_tbt_post_layout":"fullwidth","_tbt_post_sidebar_id":"","_tbt_post_content_style":"unboxed","_tbt_post_vertical_padding":"hide","_tbt_post_feature":"hide","_tbt_post_feature_position":"","_tbt_post_header":false,"_tbt_post_footer":false,"footnotes":""},"_links":{"self":[{"href":"https:\/\/coopempresa.com\/website\/wp-json\/wp\/v2\/pages\/12094"}],"collection":[{"href":"https:\/\/coopempresa.com\/website\/wp-json\/wp\/v2\/pages"}],"about":[{"href":"https:\/\/coopempresa.com\/website\/wp-json\/wp\/v2\/types\/page"}],"author":[{"embeddable":true,"href":"https:\/\/coopempresa.com\/website\/wp-json\/wp\/v2\/users\/1"}],"replies":[{"embeddable":true,"href":"https:\/\/coopempresa.com\/website\/wp-json\/wp\/v2\/comments?post=12094"}],"version-history":[{"count":4,"href":"https:\/\/coopempresa.com\/website\/wp-json\/wp\/v2\/pages\/12094\/revisions"}],"predecessor-version":[{"id":12103,"href":"https:\/\/coopempresa.com\/website\/wp-json\/wp\/v2\/pages\/12094\/revisions\/12103"}],"wp:attachment":[{"href":"https:\/\/coopempresa.com\/website\/wp-json\/wp\/v2\/media?parent=12094"}],"curies":[{"name":"wp","href":"https:\/\/api.w.org\/{rel}","templated":true}]}}