{"id":12072,"date":"2023-07-17T03:28:49","date_gmt":"2023-07-17T03:28:49","guid":{"rendered":"https:\/\/coopempresa.com\/website\/?page_id=12072"},"modified":"2023-07-17T03:46:23","modified_gmt":"2023-07-17T03:46:23","slug":"cuenta-ecovivienda","status":"publish","type":"page","link":"https:\/\/coopempresa.com\/website\/cuenta-ecovivienda\/","title":{"rendered":"Cuenta Ecovivienda"},"content":{"rendered":"\t\t<div data-elementor-type=\"wp-page\" data-elementor-id=\"12072\" class=\"elementor elementor-12072\">\n\t\t\t\t\t\t\t\t\t<section class=\"elementor-section elementor-top-section elementor-element elementor-element-19b2e09f elementor-section-boxed elementor-section-height-default elementor-section-height-default\" data-id=\"19b2e09f\" data-element_type=\"section\">\n\t\t\t\t\t\t<div class=\"elementor-container elementor-column-gap-default\">\n\t\t\t\t\t<div class=\"elementor-column elementor-col-100 elementor-top-column elementor-element elementor-element-36a641a9\" data-id=\"36a641a9\" data-element_type=\"column\">\n\t\t\t<div class=\"elementor-widget-wrap\">\n\t\t\t\t\t\t\t\t\t<\/div>\n\t\t<\/div>\n\t\t\t\t\t\t\t<\/div>\n\t\t<\/section>\n\t\t\t\t<section class=\"elementor-section elementor-top-section elementor-element elementor-element-47306b72 elementor-section-boxed elementor-section-height-default elementor-section-height-default\" data-id=\"47306b72\" data-element_type=\"section\">\n\t\t\t\t\t\t<div class=\"elementor-container elementor-column-gap-default\">\n\t\t\t\t\t<div class=\"elementor-column elementor-col-100 elementor-top-column elementor-element elementor-element-7e32aa93\" data-id=\"7e32aa93\" data-element_type=\"column\">\n\t\t\t<div class=\"elementor-widget-wrap elementor-element-populated\">\n\t\t\t\t\t\t\t\t<div class=\"elementor-element elementor-element-36a9341d elementor-widget elementor-widget-heading\" data-id=\"36a9341d\" data-element_type=\"widget\" data-widget_type=\"heading.default\">\n\t\t\t\t<div class=\"elementor-widget-container\">\n\t\t\t<style>\/*! elementor - v3.16.0 - 20-09-2023 *\/\n.elementor-heading-title{padding:0;margin:0;line-height:1}.elementor-widget-heading .elementor-heading-title[class*=elementor-size-]>a{color:inherit;font-size:inherit;line-height:inherit}.elementor-widget-heading .elementor-heading-title.elementor-size-small{font-size:15px}.elementor-widget-heading .elementor-heading-title.elementor-size-medium{font-size:19px}.elementor-widget-heading .elementor-heading-title.elementor-size-large{font-size:29px}.elementor-widget-heading .elementor-heading-title.elementor-size-xl{font-size:39px}.elementor-widget-heading .elementor-heading-title.elementor-size-xxl{font-size:59px}<\/style><h2 class=\"elementor-heading-title elementor-size-default\">Programa Ecovivienda<\/h2>\t\t<\/div>\n\t\t\t\t<\/div>\n\t\t\t\t\t<\/div>\n\t\t<\/div>\n\t\t\t\t\t\t\t<\/div>\n\t\t<\/section>\n\t\t\t\t<section class=\"elementor-section elementor-top-section elementor-element elementor-element-206de9b3 elementor-section-boxed elementor-section-height-default elementor-section-height-default\" data-id=\"206de9b3\" data-element_type=\"section\">\n\t\t\t\t\t\t<div class=\"elementor-container elementor-column-gap-default\">\n\t\t\t\t\t<div class=\"elementor-column elementor-col-50 elementor-top-column elementor-element elementor-element-3e71ed90\" data-id=\"3e71ed90\" data-element_type=\"column\">\n\t\t\t<div class=\"elementor-widget-wrap elementor-element-populated\">\n\t\t\t\t\t\t\t\t<div class=\"elementor-element elementor-element-4dc38d0d elementor-widget elementor-widget-text-editor\" data-id=\"4dc38d0d\" data-element_type=\"widget\" data-widget_type=\"text-editor.default\">\n\t\t\t\t<div class=\"elementor-widget-container\">\n\t\t\t<style>\/*! elementor - v3.16.0 - 20-09-2023 *\/\n.elementor-widget-text-editor.elementor-drop-cap-view-stacked .elementor-drop-cap{background-color:#69727d;color:#fff}.elementor-widget-text-editor.elementor-drop-cap-view-framed .elementor-drop-cap{color:#69727d;border:3px solid;background-color:transparent}.elementor-widget-text-editor:not(.elementor-drop-cap-view-default) .elementor-drop-cap{margin-top:8px}.elementor-widget-text-editor:not(.elementor-drop-cap-view-default) .elementor-drop-cap-letter{width:1em;height:1em}.elementor-widget-text-editor .elementor-drop-cap{float:left;text-align:center;line-height:1;font-size:50px}.elementor-widget-text-editor .elementor-drop-cap-letter{display:inline-block}<\/style>\t\t\t\t<p class=\"MsoNormal\" style=\"text-align: justify;\">Todos nuestros socios\/as podr\u00e1n aperturar una cuenta <b>ECOVIVIENDA<\/b> en pesos dominicanos ya sea personal o a trav\u00e9s de n\u00f3mina. Los fondos disponibles podr\u00e1n ser retirados \u00fanicamente al momento de realizarse el traspaso de t\u00edtulo de propiedad por el Registrador de T\u00edtulos al momento de terminado la construcci\u00f3n del Inmueble. El socio\/a podr\u00e1 cancelar su reserva y obtener los fondos \u00fanicamente cuando refiera un nuevo comprador u otro socio\/a contrate el inmueble declinado por el socio\/a. No habr\u00e1 penalidades por ahorro previo antes del traspaso del inmueble. \u00a0<\/p><p class=\"MsoNormal\" style=\"text-align: justify;\"><b>Monto de Apertura:<\/b> Cinco mil (RD$5,000.00) como m\u00ednimo.<\/p><p class=\"MsoNormal\" style=\"text-align: justify;\"><b>Balance M\u00ednimo:<\/b> Cinco mil pesos dominicanos (RD$5,000.00).<\/p><p class=\"MsoNormal\" style=\"text-align: justify;\"><b>Monto Mensual de Ahorro:<\/b> Depender\u00e1 del proyecto inmobiliario a ser contratado.<\/p><p class=\"MsoNormal\" style=\"text-align: justify;\">\u00a0<\/p>\t\t\t\t\t\t<\/div>\n\t\t\t\t<\/div>\n\t\t\t\t\t<\/div>\n\t\t<\/div>\n\t\t\t\t<div class=\"elementor-column elementor-col-50 elementor-top-column elementor-element elementor-element-7f74d7a3\" data-id=\"7f74d7a3\" data-element_type=\"column\">\n\t\t\t<div class=\"elementor-widget-wrap elementor-element-populated\">\n\t\t\t\t\t\t\t\t<div class=\"elementor-element elementor-element-58b69163 elementor-widget elementor-widget-image\" data-id=\"58b69163\" data-element_type=\"widget\" data-widget_type=\"image.default\">\n\t\t\t\t<div class=\"elementor-widget-container\">\n\t\t\t<style>\/*! elementor - v3.16.0 - 20-09-2023 *\/\n.elementor-widget-image{text-align:center}.elementor-widget-image a{display:inline-block}.elementor-widget-image a img[src$=\".svg\"]{width:48px}.elementor-widget-image img{vertical-align:middle;display:inline-block}<\/style>\t\t\t\t\t\t\t\t\t\t\t\t<img loading=\"lazy\" decoding=\"async\" width=\"640\" height=\"411\" src=\"https:\/\/coopempresa.com\/website\/wp-content\/uploads\/2023\/07\/Ecovivienda.webp\" class=\"attachment-full size-full wp-image-12078\" alt=\"\" srcset=\"https:\/\/coopempresa.com\/website\/wp-content\/uploads\/2023\/07\/Ecovivienda.webp 640w, https:\/\/coopempresa.com\/website\/wp-content\/uploads\/2023\/07\/Ecovivienda-300x193.webp 300w, https:\/\/coopempresa.com\/website\/wp-content\/uploads\/2023\/07\/Ecovivienda-600x385.webp 600w\" sizes=\"(max-width: 640px) 100vw, 640px\" \/>\t\t\t\t\t\t\t\t\t\t\t\t\t\t\t<\/div>\n\t\t\t\t<\/div>\n\t\t\t\t\t<\/div>\n\t\t<\/div>\n\t\t\t\t\t\t\t<\/div>\n\t\t<\/section>\n\t\t\t\t<section class=\"elementor-section elementor-top-section elementor-element elementor-element-35926e3 elementor-section-boxed elementor-section-height-default elementor-section-height-default\" data-id=\"35926e3\" data-element_type=\"section\">\n\t\t\t\t\t\t<div class=\"elementor-container elementor-column-gap-default\">\n\t\t\t\t\t<div class=\"elementor-column elementor-col-100 elementor-top-column elementor-element elementor-element-fee1f7e\" data-id=\"fee1f7e\" data-element_type=\"column\">\n\t\t\t<div class=\"elementor-widget-wrap elementor-element-populated\">\n\t\t\t\t\t\t\t\t<div class=\"elementor-element elementor-element-6049be9 elementor-widget elementor-widget-text-editor\" data-id=\"6049be9\" data-element_type=\"widget\" data-widget_type=\"text-editor.default\">\n\t\t\t\t<div class=\"elementor-widget-container\">\n\t\t\t\t\t\t\t<p class=\"MsoNormal\" style=\"text-align: justify;\"><b>Mantenimiento:<\/b> Gratis. No es posible realizar retiros a esta cuenta. Los fondos \u00fanicamente ser\u00e1n utilizados para pagar la cuota inicial o m\u00ednima para solicitar el Pr\u00e9stamo Hipotecario del Inmueble contratado.<\/p><p class=\"MsoNormal\" style=\"text-align: justify;\"><b>Transferencias a Bancos:<\/b> No es posible realizar transacciones electr\u00f3nicas con este tipo de cuenta.<\/p><p class=\"MsoNormal\" style=\"text-align: justify;\"><b>Monto Inicial: 10%<\/b> m\u00ednimo del valor del inmueble o la propiedad.<\/p><p class=\"MsoNormal\" style=\"text-align: justify;\"><b>Monto Financiamiento:\u00a0 <\/b>Hasta un 90%,<b>\u00a0 <\/b>Depender\u00e1 del proyecto inmobiliario a ser contratado por el socio\/a.<\/p><p>\u00a0<\/p><p class=\"MsoNormal\" style=\"text-align: justify;\"><b>IMPORTANTE:<\/b> Las cuentas Ecovivienda \u00fanicamente podr\u00e1n ser solicitadas a trav\u00e9s del programa Ecovivienda y deber\u00e1n ser Autorizadas.<b><\/b><\/p>\t\t\t\t\t\t<\/div>\n\t\t\t\t<\/div>\n\t\t\t\t\t<\/div>\n\t\t<\/div>\n\t\t\t\t\t\t\t<\/div>\n\t\t<\/section>\n\t\t\t\t<section class=\"elementor-section elementor-top-section elementor-element elementor-element-56c22eca elementor-section-boxed elementor-section-height-default elementor-section-height-default\" data-id=\"56c22eca\" data-element_type=\"section\">\n\t\t\t\t\t\t<div class=\"elementor-container elementor-column-gap-default\">\n\t\t\t\t\t<div class=\"elementor-column elementor-col-50 elementor-top-column elementor-element elementor-element-54aa7b1\" data-id=\"54aa7b1\" data-element_type=\"column\">\n\t\t\t<div class=\"elementor-widget-wrap\">\n\t\t\t\t\t\t\t\t\t<\/div>\n\t\t<\/div>\n\t\t\t\t<div class=\"elementor-column elementor-col-50 elementor-top-column elementor-element elementor-element-62dde1ce\" data-id=\"62dde1ce\" data-element_type=\"column\">\n\t\t\t<div class=\"elementor-widget-wrap\">\n\t\t\t\t\t\t\t\t\t<\/div>\n\t\t<\/div>\n\t\t\t\t\t\t\t<\/div>\n\t\t<\/section>\n\t\t\t\t<section class=\"elementor-section elementor-top-section elementor-element elementor-element-1e72d22 elementor-section-boxed elementor-section-height-default elementor-section-height-default\" data-id=\"1e72d22\" data-element_type=\"section\">\n\t\t\t\t\t\t<div class=\"elementor-container elementor-column-gap-default\">\n\t\t\t\t\t<div class=\"elementor-column elementor-col-100 elementor-top-column elementor-element elementor-element-2ece78b\" data-id=\"2ece78b\" data-element_type=\"column\">\n\t\t\t<div class=\"elementor-widget-wrap elementor-element-populated\">\n\t\t\t\t\t\t\t\t<div class=\"elementor-element elementor-element-53a92e3 elementor-widget elementor-widget-text-editor\" data-id=\"53a92e3\" data-element_type=\"widget\" data-widget_type=\"text-editor.default\">\n\t\t\t\t<div class=\"elementor-widget-container\">\n\t\t\t\t\t\t\t<p style=\"text-align:justify\"><b>PROGRAMA ECOVIVIENDA<o:p><\/o:p><\/b><\/p><p style=\"text-align:justify\">Es un programa de Ahorro y financiamiento de proyectos inmobiliarios creado\n\u00fanica y especialmente para nuestros socios\/as con m\u00e1s de 1 a\u00f1o perteneciendo a\nla Cooperativa. Los nuevos socios deber\u00e1n esperar 12 meses para aplicar por el\nprograma Ecovivienda.<o:p><\/o:p><\/p><p style=\"text-align:justify\">El programa Ecovivienda ser\u00e1 financiado por un programa especial a trav\u00e9s\nde financiamientos externos y del gobierno. Se acoger\u00e1 a los programas sociales\ny beneficios de primera vivienda dispuestos por las leyes y programas\ngubernamentales.<o:p><\/o:p><\/p><p style=\"text-align:justify\">La Cooperativa publicar\u00e1 en l\u00ednea los proyectos e inmuebles disponibles en\nconstrucci\u00f3n o futura construcci\u00f3n.<o:p><\/o:p><\/p><p>\n\n\n\n\n\n\n\n<\/p><p style=\"text-align:justify\">Cada proyecto tendr\u00e1 un programa y un contrato para cada propiedad o\ninmueble de manera individual, ya que var\u00edan los metros, plus val\u00eda, proyecto,\namenidades, etc. Cada socio\/a obtendr\u00e1 un contrato individual por lo que no se\ntomar\u00e1 como referencia ning\u00fan contrato previo de otro socio\/a, sino que ser\u00e1\nrealizado para cada socio\/a independientemente.<b><o:p><\/o:p><\/b><\/p><p style=\"text-align:justify\"><br><\/p><p style=\"text-align:justify\"><br><\/p>\t\t\t\t\t\t<\/div>\n\t\t\t\t<\/div>\n\t\t\t\t\t<\/div>\n\t\t<\/div>\n\t\t\t\t\t\t\t<\/div>\n\t\t<\/section>\n\t\t\t\t\t\t\t<\/div>\n\t\t","protected":false},"excerpt":{"rendered":"<p>Programa Ecovivienda Todos nuestros socios\/as podr\u00e1n aperturar una cuenta ECOVIVIENDA en pesos dominicanos ya sea personal o a trav\u00e9s de n\u00f3mina. Los fondos disponibles podr\u00e1n ser retirados \u00fanicamente al momento de realizarse el traspaso de t\u00edtulo de propiedad por el Registrador de T\u00edtulos al momento de terminado la construcci\u00f3n del Inmueble. El socio\/a podr\u00e1 cancelar&#8230;<\/p>\n","protected":false},"author":1,"featured_media":0,"parent":0,"menu_order":0,"comment_status":"closed","ping_status":"closed","template":"","meta":{"_tbt_post_transparent":"","_tbt_post_title":"hide","_tbt_post_layout":"fullwidth","_tbt_post_sidebar_id":"","_tbt_post_content_style":"unboxed","_tbt_post_vertical_padding":"hide","_tbt_post_feature":"hide","_tbt_post_feature_position":"","_tbt_post_header":false,"_tbt_post_footer":false,"footnotes":""},"_links":{"self":[{"href":"https:\/\/coopempresa.com\/website\/wp-json\/wp\/v2\/pages\/12072"}],"collection":[{"href":"https:\/\/coopempresa.com\/website\/wp-json\/wp\/v2\/pages"}],"about":[{"href":"https:\/\/coopempresa.com\/website\/wp-json\/wp\/v2\/types\/page"}],"author":[{"embeddable":true,"href":"https:\/\/coopempresa.com\/website\/wp-json\/wp\/v2\/users\/1"}],"replies":[{"embeddable":true,"href":"https:\/\/coopempresa.com\/website\/wp-json\/wp\/v2\/comments?post=12072"}],"version-history":[{"count":16,"href":"https:\/\/coopempresa.com\/website\/wp-json\/wp\/v2\/pages\/12072\/revisions"}],"predecessor-version":[{"id":12093,"href":"https:\/\/coopempresa.com\/website\/wp-json\/wp\/v2\/pages\/12072\/revisions\/12093"}],"wp:attachment":[{"href":"https:\/\/coopempresa.com\/website\/wp-json\/wp\/v2\/media?parent=12072"}],"curies":[{"name":"wp","href":"https:\/\/api.w.org\/{rel}","templated":true}]}}