{"id":11998,"date":"2023-07-16T23:14:29","date_gmt":"2023-07-16T23:14:29","guid":{"rendered":"https:\/\/coopempresa.com\/website\/?page_id=11998"},"modified":"2023-07-17T02:04:49","modified_gmt":"2023-07-17T02:04:49","slug":"cuenta-infantil","status":"publish","type":"page","link":"https:\/\/coopempresa.com\/website\/cuenta-infantil\/","title":{"rendered":"Cuenta Infantil"},"content":{"rendered":"\t\t<div data-elementor-type=\"wp-page\" data-elementor-id=\"11998\" class=\"elementor elementor-11998\">\n\t\t\t\t\t\t\t\t\t<section class=\"elementor-section elementor-top-section elementor-element elementor-element-7c0f7d46 elementor-section-boxed elementor-section-height-default elementor-section-height-default\" data-id=\"7c0f7d46\" data-element_type=\"section\">\n\t\t\t\t\t\t<div class=\"elementor-container elementor-column-gap-default\">\n\t\t\t\t\t<div class=\"elementor-column elementor-col-100 elementor-top-column elementor-element elementor-element-21ce2e8a\" data-id=\"21ce2e8a\" data-element_type=\"column\">\n\t\t\t<div class=\"elementor-widget-wrap\">\n\t\t\t\t\t\t\t\t\t<\/div>\n\t\t<\/div>\n\t\t\t\t\t\t\t<\/div>\n\t\t<\/section>\n\t\t\t\t<section class=\"elementor-section elementor-top-section elementor-element elementor-element-7382092b elementor-section-boxed elementor-section-height-default elementor-section-height-default\" data-id=\"7382092b\" data-element_type=\"section\">\n\t\t\t\t\t\t<div class=\"elementor-container elementor-column-gap-default\">\n\t\t\t\t\t<div class=\"elementor-column elementor-col-100 elementor-top-column elementor-element elementor-element-1f39f689\" data-id=\"1f39f689\" data-element_type=\"column\">\n\t\t\t<div class=\"elementor-widget-wrap elementor-element-populated\">\n\t\t\t\t\t\t\t\t<div class=\"elementor-element elementor-element-671bdac4 elementor-widget elementor-widget-heading\" data-id=\"671bdac4\" data-element_type=\"widget\" data-widget_type=\"heading.default\">\n\t\t\t\t<div class=\"elementor-widget-container\">\n\t\t\t<style>\/*! elementor - v3.16.0 - 20-09-2023 *\/\n.elementor-heading-title{padding:0;margin:0;line-height:1}.elementor-widget-heading .elementor-heading-title[class*=elementor-size-]>a{color:inherit;font-size:inherit;line-height:inherit}.elementor-widget-heading .elementor-heading-title.elementor-size-small{font-size:15px}.elementor-widget-heading .elementor-heading-title.elementor-size-medium{font-size:19px}.elementor-widget-heading .elementor-heading-title.elementor-size-large{font-size:29px}.elementor-widget-heading .elementor-heading-title.elementor-size-xl{font-size:39px}.elementor-widget-heading .elementor-heading-title.elementor-size-xxl{font-size:59px}<\/style><h2 class=\"elementor-heading-title elementor-size-default\">Cuenta Infantil<\/h2>\t\t<\/div>\n\t\t\t\t<\/div>\n\t\t\t\t\t<\/div>\n\t\t<\/div>\n\t\t\t\t\t\t\t<\/div>\n\t\t<\/section>\n\t\t\t\t<section class=\"elementor-section elementor-top-section elementor-element elementor-element-58cf96fc elementor-section-boxed elementor-section-height-default elementor-section-height-default\" data-id=\"58cf96fc\" data-element_type=\"section\">\n\t\t\t\t\t\t<div class=\"elementor-container elementor-column-gap-default\">\n\t\t\t\t\t<div class=\"elementor-column elementor-col-50 elementor-top-column elementor-element elementor-element-10f50ab8\" data-id=\"10f50ab8\" data-element_type=\"column\">\n\t\t\t<div class=\"elementor-widget-wrap elementor-element-populated\">\n\t\t\t\t\t\t\t\t<div class=\"elementor-element elementor-element-86b23d6 elementor-widget__width-initial elementor-widget elementor-widget-text-editor\" data-id=\"86b23d6\" data-element_type=\"widget\" data-widget_type=\"text-editor.default\">\n\t\t\t\t<div class=\"elementor-widget-container\">\n\t\t\t<style>\/*! elementor - v3.16.0 - 20-09-2023 *\/\n.elementor-widget-text-editor.elementor-drop-cap-view-stacked .elementor-drop-cap{background-color:#69727d;color:#fff}.elementor-widget-text-editor.elementor-drop-cap-view-framed .elementor-drop-cap{color:#69727d;border:3px solid;background-color:transparent}.elementor-widget-text-editor:not(.elementor-drop-cap-view-default) .elementor-drop-cap{margin-top:8px}.elementor-widget-text-editor:not(.elementor-drop-cap-view-default) .elementor-drop-cap-letter{width:1em;height:1em}.elementor-widget-text-editor .elementor-drop-cap{float:left;text-align:center;line-height:1;font-size:50px}.elementor-widget-text-editor .elementor-drop-cap-letter{display:inline-block}<\/style>\t\t\t\t<p class=\"MsoNormal\" style=\"text-align: justify;\"><b><span style=\"font-size: 16.0pt; mso-bidi-font-size: 11.0pt; line-height: 115%; mso-ansi-language: ES;\">CUENTA DE AHORRO INFANTIL<\/span><\/b><\/p><p class=\"MsoNormal\" style=\"text-align: justify;\">Todos nuestros socios\/as podr\u00e1n aperturar una cuenta de ahorro en pesos dominicanos para sus hijos\/as solamente menores de edad. Los fondos disponibles podr\u00e1n ser retirados en cualquier momento por el socio\/a. El menor podr\u00e1 realizar dep\u00f3sitos sin presencia del padre o tutor. Para el retiro deber\u00e1 presentarte el padre para autorizar el retiro.<\/p><p class=\"MsoNormal\" style=\"text-align: justify;\"><b>Monto de Apertura:<\/b> Quinientos pesos dominicanos (RD$500.00).<\/p><p class=\"MsoNormal\" style=\"text-align: justify;\"><b>Balance M\u00ednimo:<\/b> Quinientos pesos dominicanos (RD$500.00).<\/p><p class=\"MsoNormal\" style=\"text-align: justify;\"><b>Mantenimiento:<\/b> Gratis. No hay impuestos a transacciones ni por<br \/>los beneficios recibidos.<\/p><p class=\"MsoNormal\" style=\"text-align: justify;\">\u00a0<\/p><p class=\"MsoNormal\" style=\"text-align: justify;\"><b>Transferencias a Bancos:<\/b> No es posible realizar transacciones electr\u00f3nicas con este tipo de cuenta.<\/p><p class=\"MsoNormal\" style=\"text-align: justify;\">\u00a0<\/p><p class=\"MsoNormal\" style=\"text-align: justify;\">\u00a0<\/p>\t\t\t\t\t\t<\/div>\n\t\t\t\t<\/div>\n\t\t\t\t\t<\/div>\n\t\t<\/div>\n\t\t\t\t<div class=\"elementor-column elementor-col-50 elementor-top-column elementor-element elementor-element-17f35237\" data-id=\"17f35237\" data-element_type=\"column\">\n\t\t\t<div class=\"elementor-widget-wrap elementor-element-populated\">\n\t\t\t\t\t\t\t\t<div class=\"elementor-element elementor-element-4b242f71 elementor-widget elementor-widget-image\" data-id=\"4b242f71\" data-element_type=\"widget\" data-widget_type=\"image.default\">\n\t\t\t\t<div class=\"elementor-widget-container\">\n\t\t\t<style>\/*! elementor - v3.16.0 - 20-09-2023 *\/\n.elementor-widget-image{text-align:center}.elementor-widget-image a{display:inline-block}.elementor-widget-image a img[src$=\".svg\"]{width:48px}.elementor-widget-image img{vertical-align:middle;display:inline-block}<\/style>\t\t\t\t\t\t\t\t\t\t\t\t<img loading=\"lazy\" decoding=\"async\" width=\"750\" height=\"536\" src=\"https:\/\/coopempresa.com\/website\/wp-content\/uploads\/2023\/07\/Ahorro-infantil-75.jpg\" class=\"attachment-full size-full wp-image-12011\" alt=\"\" srcset=\"https:\/\/coopempresa.com\/website\/wp-content\/uploads\/2023\/07\/Ahorro-infantil-75.jpg 750w, https:\/\/coopempresa.com\/website\/wp-content\/uploads\/2023\/07\/Ahorro-infantil-75-300x214.jpg 300w, https:\/\/coopempresa.com\/website\/wp-content\/uploads\/2023\/07\/Ahorro-infantil-75-600x429.jpg 600w\" sizes=\"(max-width: 750px) 100vw, 750px\" \/>\t\t\t\t\t\t\t\t\t\t\t\t\t\t\t<\/div>\n\t\t\t\t<\/div>\n\t\t\t\t\t<\/div>\n\t\t<\/div>\n\t\t\t\t\t\t\t<\/div>\n\t\t<\/section>\n\t\t\t\t<section class=\"elementor-section elementor-top-section elementor-element elementor-element-5e973273 elementor-section-boxed elementor-section-height-default elementor-section-height-default\" data-id=\"5e973273\" data-element_type=\"section\">\n\t\t\t\t\t\t<div class=\"elementor-container elementor-column-gap-default\">\n\t\t\t\t\t<div class=\"elementor-column elementor-col-100 elementor-top-column elementor-element elementor-element-2ff59936\" data-id=\"2ff59936\" data-element_type=\"column\">\n\t\t\t<div class=\"elementor-widget-wrap\">\n\t\t\t\t\t\t\t\t\t<\/div>\n\t\t<\/div>\n\t\t\t\t\t\t\t<\/div>\n\t\t<\/section>\n\t\t\t\t<section class=\"elementor-section elementor-top-section elementor-element elementor-element-54665c63 elementor-section-boxed elementor-section-height-default elementor-section-height-default\" data-id=\"54665c63\" data-element_type=\"section\">\n\t\t\t\t\t\t<div class=\"elementor-container elementor-column-gap-default\">\n\t\t\t\t\t<div class=\"elementor-column elementor-col-50 elementor-top-column elementor-element elementor-element-7d796f22\" data-id=\"7d796f22\" data-element_type=\"column\">\n\t\t\t<div class=\"elementor-widget-wrap\">\n\t\t\t\t\t\t\t\t\t<\/div>\n\t\t<\/div>\n\t\t\t\t<div class=\"elementor-column elementor-col-50 elementor-top-column elementor-element elementor-element-2a581f21\" data-id=\"2a581f21\" data-element_type=\"column\">\n\t\t\t<div class=\"elementor-widget-wrap\">\n\t\t\t\t\t\t\t\t\t<\/div>\n\t\t<\/div>\n\t\t\t\t\t\t\t<\/div>\n\t\t<\/section>\n\t\t\t\t\t\t\t<\/div>\n\t\t","protected":false},"excerpt":{"rendered":"<p>Cuenta Infantil CUENTA DE AHORRO INFANTIL Todos nuestros socios\/as podr\u00e1n aperturar una cuenta de ahorro en pesos dominicanos para sus hijos\/as solamente menores de edad. Los fondos disponibles podr\u00e1n ser retirados en cualquier momento por el socio\/a. El menor podr\u00e1 realizar dep\u00f3sitos sin presencia del padre o tutor. Para el retiro deber\u00e1 presentarte el padre&#8230;<\/p>\n","protected":false},"author":1,"featured_media":0,"parent":0,"menu_order":0,"comment_status":"closed","ping_status":"closed","template":"","meta":{"_tbt_post_transparent":"","_tbt_post_title":"hide","_tbt_post_layout":"fullwidth","_tbt_post_sidebar_id":"","_tbt_post_content_style":"unboxed","_tbt_post_vertical_padding":"hide","_tbt_post_feature":"hide","_tbt_post_feature_position":"","_tbt_post_header":false,"_tbt_post_footer":false,"footnotes":""},"_links":{"self":[{"href":"https:\/\/coopempresa.com\/website\/wp-json\/wp\/v2\/pages\/11998"}],"collection":[{"href":"https:\/\/coopempresa.com\/website\/wp-json\/wp\/v2\/pages"}],"about":[{"href":"https:\/\/coopempresa.com\/website\/wp-json\/wp\/v2\/types\/page"}],"author":[{"embeddable":true,"href":"https:\/\/coopempresa.com\/website\/wp-json\/wp\/v2\/users\/1"}],"replies":[{"embeddable":true,"href":"https:\/\/coopempresa.com\/website\/wp-json\/wp\/v2\/comments?post=11998"}],"version-history":[{"count":11,"href":"https:\/\/coopempresa.com\/website\/wp-json\/wp\/v2\/pages\/11998\/revisions"}],"predecessor-version":[{"id":12063,"href":"https:\/\/coopempresa.com\/website\/wp-json\/wp\/v2\/pages\/11998\/revisions\/12063"}],"wp:attachment":[{"href":"https:\/\/coopempresa.com\/website\/wp-json\/wp\/v2\/media?parent=11998"}],"curies":[{"name":"wp","href":"https:\/\/api.w.org\/{rel}","templated":true}]}}