{"id":11928,"date":"2023-07-16T01:35:55","date_gmt":"2023-07-16T01:35:55","guid":{"rendered":"https:\/\/coopempresa.com\/website\/?page_id=11928"},"modified":"2023-07-20T12:53:27","modified_gmt":"2023-07-20T12:53:27","slug":"cuenta-de-ahorro-en-pesos","status":"publish","type":"page","link":"https:\/\/coopempresa.com\/website\/cuenta-de-ahorro-en-pesos\/","title":{"rendered":"Cuenta de Ahorro en Pesos"},"content":{"rendered":"\t\t<div data-elementor-type=\"wp-page\" data-elementor-id=\"11928\" class=\"elementor elementor-11928\">\n\t\t\t\t\t\t\t\t\t<section class=\"elementor-section elementor-top-section elementor-element elementor-element-2cce971 elementor-section-boxed elementor-section-height-default elementor-section-height-default\" data-id=\"2cce971\" data-element_type=\"section\">\n\t\t\t\t\t\t<div class=\"elementor-container elementor-column-gap-default\">\n\t\t\t\t\t<div class=\"elementor-column elementor-col-100 elementor-top-column elementor-element elementor-element-5a50079\" data-id=\"5a50079\" data-element_type=\"column\">\n\t\t\t<div class=\"elementor-widget-wrap\">\n\t\t\t\t\t\t\t\t\t<\/div>\n\t\t<\/div>\n\t\t\t\t\t\t\t<\/div>\n\t\t<\/section>\n\t\t\t\t<section class=\"elementor-section elementor-top-section elementor-element elementor-element-f987809 elementor-section-boxed elementor-section-height-default elementor-section-height-default\" data-id=\"f987809\" data-element_type=\"section\">\n\t\t\t\t\t\t<div class=\"elementor-container elementor-column-gap-default\">\n\t\t\t\t\t<div class=\"elementor-column elementor-col-100 elementor-top-column elementor-element elementor-element-189bb02\" data-id=\"189bb02\" data-element_type=\"column\">\n\t\t\t<div class=\"elementor-widget-wrap elementor-element-populated\">\n\t\t\t\t\t\t\t\t<div class=\"elementor-element elementor-element-2cca328 elementor-widget elementor-widget-heading\" data-id=\"2cca328\" data-element_type=\"widget\" data-widget_type=\"heading.default\">\n\t\t\t\t<div class=\"elementor-widget-container\">\n\t\t\t<style>\/*! elementor - v3.16.0 - 20-09-2023 *\/\n.elementor-heading-title{padding:0;margin:0;line-height:1}.elementor-widget-heading .elementor-heading-title[class*=elementor-size-]>a{color:inherit;font-size:inherit;line-height:inherit}.elementor-widget-heading .elementor-heading-title.elementor-size-small{font-size:15px}.elementor-widget-heading .elementor-heading-title.elementor-size-medium{font-size:19px}.elementor-widget-heading .elementor-heading-title.elementor-size-large{font-size:29px}.elementor-widget-heading .elementor-heading-title.elementor-size-xl{font-size:39px}.elementor-widget-heading .elementor-heading-title.elementor-size-xxl{font-size:59px}<\/style><h2 class=\"elementor-heading-title elementor-size-default\">Cuenta de Ahorro en Pesos<\/h2>\t\t<\/div>\n\t\t\t\t<\/div>\n\t\t\t\t\t<\/div>\n\t\t<\/div>\n\t\t\t\t\t\t\t<\/div>\n\t\t<\/section>\n\t\t\t\t<section class=\"elementor-section elementor-top-section elementor-element elementor-element-dbc7949 elementor-section-boxed elementor-section-height-default elementor-section-height-default\" data-id=\"dbc7949\" data-element_type=\"section\">\n\t\t\t\t\t\t<div class=\"elementor-container elementor-column-gap-default\">\n\t\t\t\t\t<div class=\"elementor-column elementor-col-50 elementor-top-column elementor-element elementor-element-191960f\" data-id=\"191960f\" data-element_type=\"column\">\n\t\t\t<div class=\"elementor-widget-wrap elementor-element-populated\">\n\t\t\t\t\t\t\t\t<div class=\"elementor-element elementor-element-b51851d elementor-widget elementor-widget-text-editor\" data-id=\"b51851d\" data-element_type=\"widget\" data-widget_type=\"text-editor.default\">\n\t\t\t\t<div class=\"elementor-widget-container\">\n\t\t\t<style>\/*! elementor - v3.16.0 - 20-09-2023 *\/\n.elementor-widget-text-editor.elementor-drop-cap-view-stacked .elementor-drop-cap{background-color:#69727d;color:#fff}.elementor-widget-text-editor.elementor-drop-cap-view-framed .elementor-drop-cap{color:#69727d;border:3px solid;background-color:transparent}.elementor-widget-text-editor:not(.elementor-drop-cap-view-default) .elementor-drop-cap{margin-top:8px}.elementor-widget-text-editor:not(.elementor-drop-cap-view-default) .elementor-drop-cap-letter{width:1em;height:1em}.elementor-widget-text-editor .elementor-drop-cap{float:left;text-align:center;line-height:1;font-size:50px}.elementor-widget-text-editor .elementor-drop-cap-letter{display:inline-block}<\/style>\t\t\t\t<p class=\"MsoNormal\" style=\"text-align: justify;\"><b>CUENTA DE AHORRO EN PESOS<\/b><\/p><p class=\"MsoNormal\" style=\"text-align: justify;\">Todos nuestros socios\/as podr\u00e1n aperturar una cuenta de ahorro en pesos dominicanos ya sea personal o a trav\u00e9s de n\u00f3mina. Los fondos disponibles podr\u00e1n ser retirados en cualquier momento por el socio\/a.<\/p><p class=\"MsoNormal\" style=\"text-align: justify;\"><b>Monto de Apertura:<\/b> Quinientos pesos dominicanos (RD$500.00).<\/p><p class=\"MsoNormal\" style=\"text-align: justify;\"><b>Balance M\u00ednimo:<\/b> Quinientos pesos dominicanos (RD$500.00).<\/p><p class=\"MsoNormal\" style=\"text-align: justify;\"><b>Mantenimiento:<\/b> Gratis. No hay cargos por transacciones, dep\u00f3sitos o transferencias internas. No hay impuestos a transacciones ni por los beneficios recibidos.<\/p><p>\u00a0<\/p><p class=\"MsoNormal\" style=\"text-align: justify;\"><b>Transferencias a Bancos:<\/b> Puede que existan cargos por transferencias externas al momento de retiros electr\u00f3nicos en Bancos de la Rep\u00fablica Dominicana o Wire Transfer Internacional.<\/p><p class=\"MsoNormal\" style=\"text-align: justify;\">\u00a0<\/p><p class=\"MsoNormal\" style=\"text-align: justify;\">\u00a0<\/p>\t\t\t\t\t\t<\/div>\n\t\t\t\t<\/div>\n\t\t\t\t\t<\/div>\n\t\t<\/div>\n\t\t\t\t<div class=\"elementor-column elementor-col-50 elementor-top-column elementor-element elementor-element-2483fc7\" data-id=\"2483fc7\" data-element_type=\"column\">\n\t\t\t<div class=\"elementor-widget-wrap elementor-element-populated\">\n\t\t\t\t\t\t\t\t<div class=\"elementor-element elementor-element-c16f2c8 elementor-widget elementor-widget-image\" data-id=\"c16f2c8\" data-element_type=\"widget\" data-widget_type=\"image.default\">\n\t\t\t\t<div class=\"elementor-widget-container\">\n\t\t\t<style>\/*! elementor - v3.16.0 - 20-09-2023 *\/\n.elementor-widget-image{text-align:center}.elementor-widget-image a{display:inline-block}.elementor-widget-image a img[src$=\".svg\"]{width:48px}.elementor-widget-image img{vertical-align:middle;display:inline-block}<\/style>\t\t\t\t\t\t\t\t\t\t\t\t<img loading=\"lazy\" decoding=\"async\" width=\"2560\" height=\"1709\" src=\"https:\/\/coopempresa.com\/website\/wp-content\/uploads\/2023\/07\/AHORRO2-scaled.jpg\" class=\"attachment-full size-full wp-image-12008\" alt=\"\" srcset=\"https:\/\/coopempresa.com\/website\/wp-content\/uploads\/2023\/07\/AHORRO2-scaled.jpg 2560w, https:\/\/coopempresa.com\/website\/wp-content\/uploads\/2023\/07\/AHORRO2-300x200.jpg 300w, https:\/\/coopempresa.com\/website\/wp-content\/uploads\/2023\/07\/AHORRO2-1024x684.jpg 1024w, https:\/\/coopempresa.com\/website\/wp-content\/uploads\/2023\/07\/AHORRO2-768x513.jpg 768w, https:\/\/coopempresa.com\/website\/wp-content\/uploads\/2023\/07\/AHORRO2-1536x1025.jpg 1536w, https:\/\/coopempresa.com\/website\/wp-content\/uploads\/2023\/07\/AHORRO2-2048x1367.jpg 2048w, https:\/\/coopempresa.com\/website\/wp-content\/uploads\/2023\/07\/AHORRO2-600x401.jpg 600w\" sizes=\"(max-width: 2560px) 100vw, 2560px\" \/>\t\t\t\t\t\t\t\t\t\t\t\t\t\t\t<\/div>\n\t\t\t\t<\/div>\n\t\t\t\t\t<\/div>\n\t\t<\/div>\n\t\t\t\t\t\t\t<\/div>\n\t\t<\/section>\n\t\t\t\t<section class=\"elementor-section elementor-top-section elementor-element elementor-element-e113ea7 elementor-section-boxed elementor-section-height-default elementor-section-height-default\" data-id=\"e113ea7\" data-element_type=\"section\">\n\t\t\t\t\t\t<div class=\"elementor-container elementor-column-gap-default\">\n\t\t\t\t\t<div class=\"elementor-column elementor-col-100 elementor-top-column elementor-element elementor-element-f1df21f\" data-id=\"f1df21f\" data-element_type=\"column\">\n\t\t\t<div class=\"elementor-widget-wrap\">\n\t\t\t\t\t\t\t\t\t<\/div>\n\t\t<\/div>\n\t\t\t\t\t\t\t<\/div>\n\t\t<\/section>\n\t\t\t\t<section class=\"elementor-section elementor-top-section elementor-element elementor-element-dadcf83 elementor-section-boxed elementor-section-height-default elementor-section-height-default\" data-id=\"dadcf83\" data-element_type=\"section\">\n\t\t\t\t\t\t<div class=\"elementor-container elementor-column-gap-default\">\n\t\t\t\t\t<div class=\"elementor-column elementor-col-50 elementor-top-column elementor-element elementor-element-9f0bfbf\" data-id=\"9f0bfbf\" data-element_type=\"column\">\n\t\t\t<div class=\"elementor-widget-wrap\">\n\t\t\t\t\t\t\t\t\t<\/div>\n\t\t<\/div>\n\t\t\t\t<div class=\"elementor-column elementor-col-50 elementor-top-column elementor-element elementor-element-148c203\" data-id=\"148c203\" data-element_type=\"column\">\n\t\t\t<div class=\"elementor-widget-wrap\">\n\t\t\t\t\t\t\t\t\t<\/div>\n\t\t<\/div>\n\t\t\t\t\t\t\t<\/div>\n\t\t<\/section>\n\t\t\t\t\t\t\t<\/div>\n\t\t","protected":false},"excerpt":{"rendered":"<p>Cuenta de Ahorro en Pesos CUENTA DE AHORRO EN PESOS Todos nuestros socios\/as podr\u00e1n aperturar una cuenta de ahorro en pesos dominicanos ya sea personal o a trav\u00e9s de n\u00f3mina. Los fondos disponibles podr\u00e1n ser retirados en cualquier momento por el socio\/a. Monto de Apertura: Quinientos pesos dominicanos (RD$500.00). Balance M\u00ednimo: Quinientos pesos dominicanos (RD$500.00)&#8230;.<\/p>\n","protected":false},"author":1,"featured_media":0,"parent":0,"menu_order":0,"comment_status":"closed","ping_status":"closed","template":"","meta":{"_tbt_post_transparent":"","_tbt_post_title":"hide","_tbt_post_layout":"fullwidth","_tbt_post_sidebar_id":"","_tbt_post_content_style":"unboxed","_tbt_post_vertical_padding":"hide","_tbt_post_feature":"hide","_tbt_post_feature_position":"","_tbt_post_header":false,"_tbt_post_footer":false,"footnotes":""},"_links":{"self":[{"href":"https:\/\/coopempresa.com\/website\/wp-json\/wp\/v2\/pages\/11928"}],"collection":[{"href":"https:\/\/coopempresa.com\/website\/wp-json\/wp\/v2\/pages"}],"about":[{"href":"https:\/\/coopempresa.com\/website\/wp-json\/wp\/v2\/types\/page"}],"author":[{"embeddable":true,"href":"https:\/\/coopempresa.com\/website\/wp-json\/wp\/v2\/users\/1"}],"replies":[{"embeddable":true,"href":"https:\/\/coopempresa.com\/website\/wp-json\/wp\/v2\/comments?post=11928"}],"version-history":[{"count":15,"href":"https:\/\/coopempresa.com\/website\/wp-json\/wp\/v2\/pages\/11928\/revisions"}],"predecessor-version":[{"id":12504,"href":"https:\/\/coopempresa.com\/website\/wp-json\/wp\/v2\/pages\/11928\/revisions\/12504"}],"wp:attachment":[{"href":"https:\/\/coopempresa.com\/website\/wp-json\/wp\/v2\/media?parent=11928"}],"curies":[{"name":"wp","href":"https:\/\/api.w.org\/{rel}","templated":true}]}}