{"id":1163,"date":"2022-03-08T12:58:22","date_gmt":"2022-03-08T12:58:22","guid":{"rendered":"https:\/\/wp.themedemo.org\/WP01\/WP002\/?page_id=3"},"modified":"2023-07-20T02:47:33","modified_gmt":"2023-07-20T02:47:33","slug":"politicas","status":"publish","type":"page","link":"https:\/\/coopempresa.com\/website\/politicas\/","title":{"rendered":"Politicas"},"content":{"rendered":"\t\t<div data-elementor-type=\"wp-page\" data-elementor-id=\"1163\" class=\"elementor elementor-1163\">\n\t\t\t\t\t\t\t\t\t<section class=\"elementor-section elementor-top-section elementor-element elementor-element-47f2139f elementor-section-boxed elementor-section-height-default elementor-section-height-default\" data-id=\"47f2139f\" data-element_type=\"section\">\n\t\t\t\t\t\t<div class=\"elementor-container elementor-column-gap-default\">\n\t\t\t\t\t<div class=\"elementor-column elementor-col-100 elementor-top-column elementor-element elementor-element-7e90479f\" data-id=\"7e90479f\" data-element_type=\"column\">\n\t\t\t<div class=\"elementor-widget-wrap elementor-element-populated\">\n\t\t\t\t\t\t\t\t<div class=\"elementor-element elementor-element-25203768 elementor-widget elementor-widget-text-editor\" data-id=\"25203768\" data-element_type=\"widget\" data-widget_type=\"text-editor.default\">\n\t\t\t\t<div class=\"elementor-widget-container\">\n\t\t\t<style>\/*! elementor - v3.16.0 - 20-09-2023 *\/\n.elementor-widget-text-editor.elementor-drop-cap-view-stacked .elementor-drop-cap{background-color:#69727d;color:#fff}.elementor-widget-text-editor.elementor-drop-cap-view-framed .elementor-drop-cap{color:#69727d;border:3px solid;background-color:transparent}.elementor-widget-text-editor:not(.elementor-drop-cap-view-default) .elementor-drop-cap{margin-top:8px}.elementor-widget-text-editor:not(.elementor-drop-cap-view-default) .elementor-drop-cap-letter{width:1em;height:1em}.elementor-widget-text-editor .elementor-drop-cap{float:left;text-align:center;line-height:1;font-size:50px}.elementor-widget-text-editor .elementor-drop-cap-letter{display:inline-block}<\/style>\t\t\t\t<!-- wp:heading -->\n<h3>Nuestras <strong>Pol\u00edticas<\/strong> del sitio web:<\/h3>\n<!-- \/wp:heading --><!-- wp:paragraph -->\n<p class=\"Subtitulo3\">POL\u00cdTICAS DE NUESTRO SITIO WEB<\/p>\n<p class=\"cuerpo\">El contenido del sitio\u00a0<strong><span class=\"Subtitulo3\">www.coopempresa.com<\/span><\/strong> son de exclusiva propiedad de <strong>COOPEMPRESA, INC<\/strong> Queda prohibida la reproducci\u00f3n total y\/o parcial del contenido de este sitio web.<\/p>\n<p class=\"cuerpo\"><strong>COOPEMPRESA, INC<\/strong> , se compromete a respetar su privacidad. En general, usted puede visitar <strong>www.coopempresa.com<\/strong> (y sitios locales) sin revelar ning\u00fan tipo de informaci\u00f3n acerca de su persona. <strong>COOPEMPRESA, INC<\/strong> y sus proveedores de estad\u00edsticas recopilan informaci\u00f3n referente a los visitantes de nuestro sitio Web como el nombre de dominio, n\u00famero de visitantes y tiempo promedio que se invirti\u00f3 para medir el uso y mejorar el contenido de nuestros sitios. Analizamos esta informaci\u00f3n para conocer las tendencias y estad\u00edsticas con la finalidad de ayudarnos a proporcionarle el mejor servicio posible.<br \/>1. Es posible que nuestro sitio Web proporcione enlaces a sitios de terceros. Debido a que no controlamos esos sitios Web, lo invitamos a revisar las pol\u00edticas de privacidad de los mismos. <strong>COOPEMPRESA, INC<\/strong> no es responsable de las pr\u00e1cticas de privacidad ni del contenido de los sitios Web de terceros.<br \/><span class=\"Subtitulo2\">2. Informaci\u00f3n personal<\/span><br \/>Algunas veces es posible que solicitemos informaci\u00f3n acerca de usted, como su nombre, e-mail y direcci\u00f3n postal. Cuando se solicite informaci\u00f3n adicional, intentaremos hacerle saber al momento de la recopilaci\u00f3n cu\u00e1l es el fin del uso de esta informaci\u00f3n personal que proporciona, como por ejemplo para responder a su solicitud, participar en algunas promociones, llevar a cabo una encuesta o permitir el acceso a informaci\u00f3n espec\u00edfica. Si firma la aceptaci\u00f3n para recibir noticias electr\u00f3nicas de <strong>COOPEMPRESA, INC<\/strong> o pertenecer a una lista de e-mail, cada mensaje incluir\u00e1 instrucciones sobre c\u00f3mo \"eliminar su nombre\" de esa lista. Respetamos su derecho a elegir si desea proporcionarnos datos personales o no. Hacemos nuestro mejor esfuerzo por mantener la precisi\u00f3n de cualquier informaci\u00f3n personal que nos suministre.<br \/><span class=\"Subtitulo2\">3. Revelaci\u00f3n de informaci\u00f3n<\/span><br \/>Es posible que demos a conocer o revelemos la informaci\u00f3n que recopilamos de nuestros visitantes a los empleados y contratistas independientes de <strong>COOPEMPRESA, INC<\/strong> proveedores de estad\u00edsticas y otros proveedores de servicios, si esto permite a dicha entidad realizar alguna funci\u00f3n empresarial, profesional o de soporte t\u00e9cnico para <strong>COOPEMPRESA, INC<\/strong> Tambi\u00e9n transferiremos o daremos a conocer la informaci\u00f3n que recopilemos de los visitantes a nuestro sitio en respuesta a un proceso judicial y, conforme lo permitan las leyes aplicables, para proporcionar informaci\u00f3n a las agencias o dependencias encargadas del cumplimiento con la ley, o en conexi\u00f3n con una investigaci\u00f3n o materia relacionada con la seguridad p\u00fablica. Excepto con lo que se mencion\u00f3 con anterioridad, la informaci\u00f3n que recopilemos de los visitantes a nuestro sitio no se reveler\u00e1 a individuos o compa\u00f1\u00edas que no est\u00e9n relacionadas, o que no realicen una funci\u00f3n empresarial, profesional o t\u00e9cnica relacionada con <strong>COOPEMPRESA, INC<\/strong> <br \/><span class=\"Subtitulo2\">4. Seguridad y calidad<\/span><br \/><strong>COOPEMPRESA, INC<\/strong> se compromete a llevar a cabo los pasos adecuados para proteger la informaci\u00f3n de identificaci\u00f3n individual que usted proporcione. Usted puede ayudar a <strong>COOPEMPRESA, INC<\/strong> a actualizar y a mantener la precisi\u00f3n de cualquier informaci\u00f3n personal proporcionando a <strong>COOPEMPRESA, INC<\/strong> una notificaci\u00f3n con cualquier cambio a su direcci\u00f3n, cargo, n\u00famero telef\u00f3nico o direcci\u00f3n de e-mail. En algunos programas, usted puede hacer esto en l\u00ednea al seguir las instrucciones de las p\u00e1ginas con el perfil de la membres\u00eda.<br \/><span class=\"Subtitulo2\">5. Cookies, Web Beacons y otras tecnolog\u00edas de control\u00a0<\/span><br \/><strong>COOPEMPRESA, INC<\/strong> utiliza cookies con el objeto de poder comprender qu\u00e9 \u00e1reas de nuestro sitio Web son de inter\u00e9s para usted y proporcionar as\u00ed un mejor servicio con informaci\u00f3n adecuada. Una cookie es un elemento de datos que puede enviar el sitio Web a su navegador y se puede almacenar posteriormente en su sistema. Usted puede configurar su navegador para notificar cuando recibe una cookie, lo que le brinda la opci\u00f3n de decidir aceptarla o no. Estas cookies no controlan la informaci\u00f3n individual, m\u00e1s bien registra el tr\u00e1fico del sitio Web de manera an\u00f3nima. <strong>COOPEMPRESA, INC<\/strong> puede utilizar cookies cuando usted se registra para uno de nuestros programas Web o Extranet. En este caso, se almacenar\u00e1 una cookie con informaci\u00f3n \u00fatil, incluyendo su informaci\u00f3n personal, lo que permite a nuestro sitio Web recordarlo cuando regresa a visitar la p\u00e1gina, aunque s\u00f3lo los sitios Web de <strong>COOPEMPRESA, INC<\/strong> pueden leer esa informaci\u00f3n.<br \/>6. Algunos sitios Web de <strong>COOPEMPRESA, INC<\/strong> tambi\u00e9n pueden utilizar tecnolog\u00edas \u201cWeb beacon\u201d. Cuando un visitante accede a una p\u00e1gina en el sitio Web de <strong>COOPEMPRESA, INC<\/strong> con un Web beacon, se genera una nota an\u00f3nima de esa visita la cual podemos procesar nosotros o nuestros proveedores. Estos Web beacons trabajan junto con las cookies para permitirnos conocer qu\u00e9 partes de nuestro sitio Web son de inter\u00e9s para nuestros visitantes y para ayudarnos a proporcionarle informaci\u00f3n adecuada.<br \/>7. Si desactiva las cookies,\u00a0las tecnolog\u00edas Web beacon seguir\u00e1n detectando las visitas an\u00f3nimas, pero las notificaciones que generan no se podr\u00e1n asociar con otro tipo de informaci\u00f3n an\u00f3nima ni con la informaci\u00f3n que se puede identificar personalmente y \u00e9sta se esquiva.<br \/><span class=\"Subtitulo2\">8. Vigilancia o preguntas<\/span><br \/><strong>COOPEMPRESA, INC<\/strong> agradece cualquier comentario o pregunta sobre esta pol\u00edtica. Como mencionamos anteriormente, estamos dedicados a proteger su privacidad y realizaremos cualquier esfuerzo razonable para proteger su informaci\u00f3n. Debido a la r\u00e1pida evoluci\u00f3n de Internet, es posible que actualicemos esta pol\u00edtica. Todas las revisiones se publicar\u00e1n en este sitio.<\/p>\n<p class=\"cuerpo\"><strong class=\"Subtitulo3\">Uso Prohibido e Ilegal\u00a0<\/strong><br \/>Las acciones descritas en lo adelante est\u00e1n estrictamente prohibidas:<\/p>\n<ol>\n<li class=\"cuerpo\">Cualquier conducta que viole las normas aceptadas dentro de la \u00a0comunidad de Internet como un todo (est\u00e9 o no detallada en esta Pol\u00edtica de Uso Aceptable) Uso del servicio de manera tal que constituya una molestia, abuso, amenaza o que de cualquier forma atente contra la integridad de los usuarios del servicio de Internet.\u00a0<br \/><br \/><\/li>\n<li class=\"cuerpo\">Creaci\u00f3n, reenv\u00edo, colocaci\u00f3n o distribuci\u00f3n de mensajes en cadena (Chain Messages) de cualquier tipo.\u00a0<br \/><br \/><\/li>\n<li class=\"cuerpo\">Proveer informaci\u00f3n falsa o incorrecta en solicitudes escritas y transacciones que se cursen a trav\u00e9s de la red de Internet.\u00a0<br \/><br \/><\/li>\n<li class=\"cuerpo\">Tratar de evitar o alterar los procesos o procedimientos de medida del tiempo, utilizaci\u00f3n del ancho de banda o cualquier otro m\u00e9todo utilizado para documentar el uso de los productos y servicios de Internet.\u00a0<br \/><br \/><\/li>\n<li class=\"cuerpo\">Dar una identidad o informaci\u00f3n de contacto falsa (ya sea al usuario, al InterNIC o puesta en el encabezado de un mensaje). Esta prohibici\u00f3n no restringe el uso leg\u00edtimo de los aliases.\u00a0<br \/><br \/><\/li>\n<li class=\"cuerpo\">Transgredir la seguridad de los sistemas, sites o host a los que no le est\u00e1 permitido accesar.\u00a0<br \/><br \/><\/li>\n<li class=\"cuerpo\">Interferir o tratar de interferir con los servicios o procesos del servicio, as\u00ed como de cualquier site, host o red dentro del Internet (Denial of Service Attacks).\u00a0<br \/><br \/><\/li>\n<li class=\"cuerpo\">Participar en el uso impropio o distribuci\u00f3n de correo electr\u00f3nico (\"e-mail\") a trav\u00e9s de Internet.\u00a0<br \/><br \/><\/li>\n<li class=\"cuerpo\">Enviar correo electr\u00f3nico no solicitado (unsolicited bulk e-mail, UBE) o \"Spamming\". Esto incluye, pero no se limita a la distribuci\u00f3n de correo electr\u00f3nico no solicitado para prop\u00f3sitos comerciales, informativos, publicidad, pol\u00edticos o religiosos. El correo electr\u00f3nico con estos fines debe ser enviado s\u00f3lo a aquellos usuarios que expresamente lo hayan solicitado y el originador de dicho e-mail, inmediatamente debe eliminar los nombres de personas que no hayan solicitado expresamente su inclusi\u00f3n.\u00a0<br \/><br \/><\/li>\n<li class=\"cuerpo\">Establecer direcciones de \"Mailback\" para as\u00ed recibir respuesta de UBE env\u00edado a terceras personas. Contratar o utilizar un servicio que en masa o excesivamente \"Multi-postee\" cualquier Usenet, utilizando el nombre de un usuario, est\u00e1 actuando como agente de ese cliente y por lo tanto, el usuario es responsable del comportamiento y las actuaciones de la tercera persona, de acuerdo con las consideraciones de cortes\u00eda del Internet, la ley, cualquier tratado internacional y \u00e9sta Pol\u00edtica de Uso Aceptable.\u00a0<br \/><br \/><\/li>\n<li class=\"cuerpo\">Utilizaci\u00f3n de un Mail Transport Agent (MTA) fuera del propio site del usuario para retransmitir correo electr\u00f3nico (a menos que el usuario haya recibido permiso expreso para realizar esta acci\u00f3n). A\u00fan cuando haya recibido permiso expreso para esto, le queda prohibido a los usuarios hacer parecer que su identidad es la de la fuente de reenv\u00edo.<br \/><br \/><\/li>\n<li class=\"cuerpo\">El uso de cualquier contestador autom\u00e1tico de mensajes, lista de correos o cualquier otro programa o script ejecutado por un site, para manejar o redistribuir e-mail, es de la \u00fanica responsabilidad del usuario y debe ser operado en una forma razonable. Esto incluye, pero no se limita a, el mantenimiento al d\u00eda las listas de correo para minimizar el rebote de correo y para facilitar el proceso de solicitudes de eliminaci\u00f3n de usuarios de las mismas, la configuraci\u00f3n de los auto-constestadores de manera que no creen mail loops y el pronto manejo de cualquier queja en relaci\u00f3n a correo electr\u00f3nico no solicitado redistribu\u00eddo a trav\u00e9s de una lista de correos del site.<\/li>\n<\/ol>\n<p class=\"Subtitulo2\"><strong>a) World Wide Web<\/strong><\/p>\n<ol>\n<li style=\"list-style-type: none;\">\n<ol>\n<li class=\"cuerpo\">\"Caminar\" una base de datos con el prop\u00f3sito de colectar data contenida en ella (a\u00fan cuando este comportamiento requiera o no que el lector de la p\u00e1gina ignore concienzudamente archivos como \"robot.txt\" el cual est\u00e1 dise\u00f1ado como gu\u00eda de programas catalogadores).\u00a0<br \/><br \/><\/li>\n<li class=\"cuerpo\">Operar un robot en una p\u00e1gina de Web despu\u00e9s que el site ha solicitado el cese de este tipo de comportamiento y lo ha prohibido.\u00a0<\/li>\n<li class=\"cuerpo\">Configurar una p\u00e1gina del Web para actuar de manera maliciosa contra los usuarios que la visiten.\u00a0<br \/><br \/><\/li>\n<li class=\"cuerpo\">Uso excesivo de ancho de banda para utilizar programas, scripts o comandos que de alguna manera abusen un Web Site (como conectarse por una cantidad excesiva de tiempo, utilizar repetidamente scripts del site o cualquier otro comportamiento similar).<\/li>\n<\/ol>\n<\/li>\n<\/ol>\n<p class=\"cuerpo\"><span class=\"Subtitulo2\"><strong>b) Uso Ilegal<\/strong>\u00a0<\/span><br \/><br \/>La Red Internet debe ser usada s\u00f3lo con prop\u00f3sitos leg\u00edtimos. La transmisi\u00f3n, distribuci\u00f3n, reproducci\u00f3n o almacenamiento de cualquier tipo de informaci\u00f3n, data o material en violaci\u00f3n de cualquier ley aplicable o regulaci\u00f3n al respecto, est\u00e1 estrictamente prohibido. Sin que esta enunciaci\u00f3n pueda considerarse limitativa, est\u00e1 estrictamente prohibido crear, transmitir, reproducir, distribuir o almacenar cualquier informaci\u00f3n, data o material que:<\/p>\n<ol>\n<li style=\"list-style-type: none;\">\n<ol>\n<li class=\"cuerpo\">Infrinja cualquier derecho de autor, propiedad intelectual o industrial.\u00a0<br \/><br \/><\/li>\n<li class=\"cuerpo\">Sea obscena o constituya pornograf\u00eda infantil.\u00a0<br \/><br \/><\/li>\n<li class=\"cuerpo\">Sea injuriosa, calumniosa o constituya una amenaza a la integridad de las personas, de acuerdo a la ley.\u00a0<br \/><br \/><\/li>\n<li class=\"cuerpo\">Viole las leyes y\/o regulaciones de exportaci\u00f3n al respecto.<br \/><br \/><\/li>\n<li class=\"cuerpo\">Aliente conductas que puedan constituirse en ofensas criminales o puedan comprometer la responsabilidad civil o penal.<\/li>\n<\/ol>\n<\/li>\n<\/ol>\n<p class=\"cuerpo\"><strong class=\"Subtitulo2\">c) Usenet \/ Netnews o Newsgroups\u00a0<\/strong><br \/><br \/>Se recomienda a los usuarios del servicio a no participar en los newsgroups hasta tanto no se hayan familiarizados con los temas, directrices y dem\u00e1s restricciones establecidas para su uso. Sin limitaciones de lo anteriormente expuesto, est\u00e1 estrictamente prohibido realizar cualquiera de las siguientes actividades:<\/p>\n<ol>\n<li style=\"list-style-type: none;\">\n<ol>\n<li class=\"cuerpo\">Realizar cualquier colocaci\u00f3n con prop\u00f3sitos comerciales (incluye sin limitaciones el apuntar a URL\u00b4s espec\u00edficos para prop\u00f3sitos comerciales), excepto cuando estas publicaciones est\u00e9n expresamente permitidas bajo la concesi\u00f3n y\/o las preguntas frecuentemente realizadas (Frequently Asked Questions \/FAQ) aplicables a un Newsgroup espec\u00edfico. Colocar archivos binarios a Newsgroups cuyas concesiones o nombre no admitan dichos archivos.\u00a0<br \/><br \/><\/li>\n<li class=\"cuerpo\">Colocar v\u00eda el newsfeed de Internet cualquier solicitud de respuesta a una direcci\u00f3n de e-mail (incluyendo direcciones de usuarios que no pertenezcan al dominio perteneciente) con la intenci\u00f3n de evitar la aplicaci\u00f3n de esta Pol\u00edtica de Uso Aceptable.\u00a0<br \/><br \/><\/li>\n<li class=\"cuerpo\">Cancelar opiniones colocadas en el Newsgroup que no sean las propias o utilizar auto-contestadores o cancel-bots (o cualquier otra rutina similar autom\u00e1tica o manual) la cual genere excesivo tr\u00e1fico en la red o interrumpa el Newsgroup o el servicio de e-mail utilizado por otros (excepto en los casos de que el moderador oficial del Newsgroup est\u00e9 llevando a cabo sus obligaciones).\u00a0<br \/><br \/><\/li>\n<li class=\"cuerpo\">Colocaci\u00f3n excesiva de mensajes (Excessive Cross-Posting (ECP), Excessive Multi-Posting (EMP)) o en\"Usenet Spam\", sin importar cual sea el contenido. ( Para m\u00e1s informaci\u00f3n ver: news.admin.net-abuse.)\u00a0<br \/><br \/><\/li>\n<li class=\"cuerpo\">Participar en los Newsgroups con materiales y\/o actividades que sean ilegales, obscenas, abusivas, difamatorias, as\u00ed como colocaciones excesivas o repetitivas, a menos que los mismos est\u00e9n expresamente permitidos en el nombre del Newsgroup o en el FAQ.\u00a0<br \/><br \/><\/li>\n<li class=\"cuerpo\">Usar filtro(s) de mensajes de manera intrusiva u otra que no sea al nivel del servidor del usuario. Generalmente, los mensajes filtrados son considerados como tr\u00e1fico normal de Usenet y como tal debe ser tratado por su Proveedor. Quejas en relaci\u00f3n al uso o abuso de filtros deben ser dirigidos ya sea a la fuente que los est\u00e1 generando o al site que los est\u00e1 utilizando.\u00a0<br \/><br \/><\/li>\n<li class=\"cuerpo\">Realizar la creaci\u00f3n no autorizada de Newsgroups.<\/li>\n<\/ol>\n<\/li>\n<\/ol>\n<p class=\"cuerpo\" align=\"left\"><span class=\"Subtitulo2\"><strong>2) Seguridad\u00a0<\/strong><br \/><\/span><br \/>Los usuarios de la red Internet son responsables de instruirse y configurar sus sistemas con los procedimientos b\u00e1sicos de seguridad. Si un sistema de un site es violado, el site es responsable de reportar la violaci\u00f3n. Por ejemplo, un site puede ser infringido con fines de distribuir a trav\u00e9s de \u00e9l, softwares sin licencias autorizadas, debido a la d\u00e9bil configuraci\u00f3n del servidor para FTP (File Transfer Protocol), por lo que el site deber\u00e1 hacerse responsable de la re-configuraci\u00f3n del sistema y detener el uso ilegal.\u00a0<\/p>\n<p class=\"cuerpo\" align=\"left\">Est\u00e1 prohibido a los usuarios interferir o tratar de interferir con los servicios de cualquier otro usuario, host o red dentro de Internet (\"Denial of Service Attacks\"). Ejemplos de estas actividades prohibidas incluyen sin limitaciones :<\/p>\n<p class=\"cuerpo\" align=\"left\">(a) env\u00edo de cantidades excesivas de data (como el rebozar con cualquier tipo de tr\u00e1fico que exceda las normas aceptables en cuanto a tama\u00f1o y\/o frecuencia) con la intenci\u00f3n de sobrecargar los sistemas, llenar los circuitos y\/o hacer fallar a los hosts; (b) tratar de atacar o deshabilitar a un usuario, host o site; (c) uso, distribuci\u00f3n o propagaci\u00f3n de cualquier programa, script o comando dise\u00f1ado para interferir con el uso , funcionalidad o conectividad de cualquier usuario, host, sistema o site dentro de Internet (como el propagar, v\u00eda email o Usenet, mensajes conteniendo virus, car\u00e1cteres de control, etc.)\u00a0<\/p>\n<p class=\"cuerpo\" align=\"left\"><strong class=\"Subtitulo2\">3) Violaci\u00f3n de esta pol\u00edtica\u00a0<\/strong><br \/><br \/>La realizaci\u00f3n de cualquier actividad o acci\u00f3n enunciada en esta Pol\u00edtica est\u00e1 estrictamente prohibida. En el caso de cualquier violaci\u00f3n de la misma, el proveedor de servicios se reserva el derecho de suspender y\/o terminar el servicio de Internet ya sea temporal o permanentemente, bloquear cualquier actividad prohibida o ejecutar cualquier otra acci\u00f3n que corresponda, a su discreci\u00f3n.<\/p>\n<p class=\"Subtitulo3\">Acuerdo con el Usuario y Modificaciones<\/p>\n<p class=\"cuerpo\">Este sitio se reserva el derecho de modificar esta Pol\u00edtica de Devoluci\u00f3n a su discreci\u00f3n o en contra de cualquier cliente del que se considere, haya hecho un uso abusivo de la misma. Cualquier revisi\u00f3n o cambio ser\u00e1 obligatorio, contractual y efectivo inmediatamente despu\u00e9s de su publicaci\u00f3n.<br \/>Usted acepta que peri\u00f3dicamente revisar\u00e1 este sitio WEB, incluyendo la versi\u00f3n actual de nuestra Pol\u00edtica de Devoluci\u00f3n. Es su obligaci\u00f3n revisarla para detectar cualquier cambio o revisi\u00f3n.<\/p>\n<p class=\"Subtitulo3\">INFORMACION GENERAL WEBSITE www.coopempresa.com<\/p>\n<p class=\"cuerpo\"><br \/>Los presentes reglamentos y pol\u00edticas tienen el objetivo de regular y proteger los servicios e informaciones ofrecidas al p\u00fablico en general a trav\u00e9s de nuestro website: www.coopempresa.com<\/p>\n<p class=\"cuerpo\">Todo visitante, usuario y miembro de los recursos del sitio deber\u00e1n cumplir a cabalidad las condiciones y reglamentos establecidos en las pol\u00edticas de productos y servicios, y pol\u00edticas de privacidad de nuestro sitio web.<\/p>\n<p class=\"cuerpo\">Nuestro site es considerado como nuestro local central en el mundo y la red cibern\u00e9tica, lo que conlleva a que todo visitante u miembro deber\u00e1 conocer sus reglamentos y condiciones. Es nuestro deber dar a conocer estas pol\u00edticas para que cada usuario de la red conozca sus precedentes.<\/p>\n<p class=\"cuerpo\">La violaci\u00f3n u distorsi\u00f3n de las Pol\u00edticas del sitio u las pol\u00edticas Internacionales de la Red Internet, son penadas por las leyes de nuestro pa\u00eds e internacionales.\u00a0<\/p>\n<p class=\"cuerpo\">Nuestro portal ofrece un sin numero de herramientas y contenido, que estar\u00e1n regidos por un contrato de uso conocidas como TERMINOS Y CONDICIONES, que se declaran a continuaci\u00f3n.<\/p>\n<p class=\"cuerpo\"><span class=\"Subtitulo2\">2.1 TERMINOS Y CONDICIONES.<\/span><br \/>&#8211; El usuario del sitio se compromete a hacer correcto uso de los servicios y herramientas de este sitio, comprometi\u00e9ndose a cumplir con todos los reglamentos y condiciones establecidos en el presente contrato.<\/p>\n<p class=\"cuerpo\">&#8211; Todo uso ilegal, que viole las pol\u00edticas y buen funcionamiento de nuestro sitio queda totalmente prohibido. Toda violaci\u00f3n a las pol\u00edticas, ser\u00e1n consideradas como violaciones a las normas locales de la Red Internet y a las Internacionales.<\/p>\n<p class=\"cuerpo\">2.1 <strong>COOPEMPRESA, INC<\/strong> es una marca registrada por <strong>COOPEMPRESA, INC<\/strong> Los logos, banners, fotograf\u00edas, gr\u00e1ficos, im\u00e1genes, textos y otros contenidos, son de derechos de autor, y no podr\u00e1n ser utilizadas con ning\u00fan fin, sin su previa autorizaci\u00f3n.<\/p>\n<p class=\"cuerpo\"><span class=\"Subtitulo2\">2.1.1 SOBRE EL LOGO<\/span><br \/>Queda totalmente prohibido el uso del Logo para todos fines, sin su previa autorizaci\u00f3n. Todo uso y aplicaci\u00f3n del logo de la organizaci\u00f3n, deber\u00e1 ser notificado al departamento correspondiente. El logo deber\u00e1 de ser presentado en su tama\u00f1o original, sin alterar sus colores, en caso de que sea a blanco y negro, deber\u00e1 refundirse con colores grises y matices oscuros solamente.<\/p>\n<p class=\"cuerpo\">&#8211; Las fotograf\u00edas e im\u00e1genes publicadas en este sitio son exclusivas, algunas compradas a la empresa Imagine Photo Lux, proveedora de im\u00e1genes electr\u00f3nicas para nuestro sitio. Cualquier uso de imagen u contenido sin su autorizaci\u00f3n se considera una violaci\u00f3n a las normas de derecho de autor y ser\u00e1 penalizado por las leyes dominicanas.<\/p>\n<p class=\"cuerpo\">2.2 El usuario no usara ninguna herramienta u informaci\u00f3n confidencial del sitio para asuntos ilegales u para uso personal.<\/p>\n<p><span class=\"cuerpo\">&#8211; Todo contenido (documentos, fotos, texto, videos, bases de datos, etc.) es solamente del uso de su propietario, no podr\u00e1 ser copiado u distribuido.<br \/>&#8211; El usuario no usara ninguna herramienta que distorsione el funcionamiento del sitio, tales como software maliciosos, m\u00e9todos de hacking, cracking, etc.<br \/>&#8211; El usuario no usara informaci\u00f3n obtenida u tratar de accesarla, sin tener los permisos legales.<br \/>&#8211; Toda informaci\u00f3n tales como (documentos, tarjetas de cr\u00e9ditos, informaci\u00f3n confidencial, etc) de la organizaci\u00f3n, clientes, y afiliados, esta bajo protecci\u00f3n de la empresa.<br \/>&#8211; Todo uso indebido que viole la integridad del contenido de este sitio se constituye en una violaci\u00f3n de las condiciones mencionadas.<\/span><\/p>\n<!-- \/wp:paragraph -->\t\t\t\t\t\t<\/div>\n\t\t\t\t<\/div>\n\t\t\t\t\t<\/div>\n\t\t<\/div>\n\t\t\t\t\t\t\t<\/div>\n\t\t<\/section>\n\t\t\t\t\t\t\t<\/div>\n\t\t","protected":false},"excerpt":{"rendered":"<p>Nuestras Pol\u00edticas del sitio web: POL\u00cdTICAS DE NUESTRO SITIO WEB El contenido del sitio&nbsp;www.coopempresa.com son de exclusiva propiedad de COOPEMPRESA, INC Queda prohibida la reproducci\u00f3n total y\/o parcial del contenido de este sitio web. COOPEMPRESA, INC , se compromete a respetar su privacidad. En general, usted puede visitar www.coopempresa.com (y sitios locales) sin revelar ning\u00fan&#8230;<\/p>\n","protected":false},"author":1,"featured_media":0,"parent":0,"menu_order":0,"comment_status":"closed","ping_status":"closed","template":"","meta":{"_tbt_post_transparent":"","_tbt_post_title":"","_tbt_post_layout":"","_tbt_post_sidebar_id":"","_tbt_post_content_style":"","_tbt_post_vertical_padding":"","_tbt_post_feature":"","_tbt_post_feature_position":"","_tbt_post_header":false,"_tbt_post_footer":false,"footnotes":""},"_links":{"self":[{"href":"https:\/\/coopempresa.com\/website\/wp-json\/wp\/v2\/pages\/1163"}],"collection":[{"href":"https:\/\/coopempresa.com\/website\/wp-json\/wp\/v2\/pages"}],"about":[{"href":"https:\/\/coopempresa.com\/website\/wp-json\/wp\/v2\/types\/page"}],"author":[{"embeddable":true,"href":"https:\/\/coopempresa.com\/website\/wp-json\/wp\/v2\/users\/1"}],"replies":[{"embeddable":true,"href":"https:\/\/coopempresa.com\/website\/wp-json\/wp\/v2\/comments?post=1163"}],"version-history":[{"count":10,"href":"https:\/\/coopempresa.com\/website\/wp-json\/wp\/v2\/pages\/1163\/revisions"}],"predecessor-version":[{"id":11915,"href":"https:\/\/coopempresa.com\/website\/wp-json\/wp\/v2\/pages\/1163\/revisions\/11915"}],"wp:attachment":[{"href":"https:\/\/coopempresa.com\/website\/wp-json\/wp\/v2\/media?parent=1163"}],"curies":[{"name":"wp","href":"https:\/\/api.w.org\/{rel}","templated":true}]}}